{"id":836,"date":"2019-07-22T13:43:23","date_gmt":"2019-07-22T16:43:23","guid":{"rendered":"https:\/\/www.encontraaracaju.com.br\/sobre\/?page_id=836"},"modified":"2019-07-22T13:43:23","modified_gmt":"2019-07-22T16:43:23","slug":"sest-senat-aracaju","status":"publish","type":"page","link":"https:\/\/www.encontraaracaju.com.br\/sobre\/sest-senat-aracaju\/","title":{"rendered":"Sest Senat Aracaju"},"content":{"rendered":"<div class=\"0de350683d360aa04277a39db0bae410\" data-index=\"1\" style=\"float: none; margin:0px;\">\n<!-- Anuncio display - global -->\r\n<ins class=\"adsbygoogle\"\r\n     style=\"display:block\"\r\n     data-ad-client=\"ca-pub-8585364105181520\"\r\n     data-ad-slot=\"8789329856\"\r\n     data-ad-format=\"auto\"\r\n     data-full-width-responsive=\"true\"><\/ins>\r\n<script>\r\n     (adsbygoogle = window.adsbygoogle || []).push({});\r\n<\/script>\n<\/div>\n<p>O <strong>Sest Senat Aracaju &#8211; <\/strong>Servi\u00e7o Social do Transporte e o Servi\u00e7o Nacional de Aprendizagem do Transporte &#8211;\u00a0s\u00e3o entidades civis, sem fins lucrativos. Elas foram criadas em 14 de setembro de 1993, pela Lei 8.706, a partir de um processo de conscientiza\u00e7\u00e3o do setor e de entidades sindicais.\u00a0\u200b<\/p>\n<p>As entidades t\u00eam se firmado como substanciais colaboradoras para o desenvolvimento do setor de transporte do pa\u00eds, atuando na forma\u00e7\u00e3o e na qualifica\u00e7\u00e3o de profissionais para o mercado, aptos \u00e0s novas tecnologias e \u00e0s complexas formas de trabalho.<\/p>\n<p><img loading=\"lazy\" decoding=\"async\" class=\"alignnone wp-image-837 size-full\" title=\"Sest Senat Aracaju\" src=\"https:\/\/www.encontraaracaju.com.br\/sobre\/wp-content\/uploads\/2019\/07\/sest-senat-aracaju.gif\" alt=\"Sest Senat Aracaju\" width=\"680\" height=\"189\" \/><\/p>\n<p>Para a prepara\u00e7\u00e3o, a promo\u00e7\u00e3o do emprego e renda e, acima de tudo, o sucesso profissional dos trabalhadores, as entidades oferecem cursos e servi\u00e7os especializados, garantindo maior capacita\u00e7\u00e3o e acesso ao mercado de trabalho.<\/p>\n<p>A assist\u00eancia ao trabalhador prioriza, ainda, na \u00e1rea de sa\u00fade, esporte, lazer e cultura, a preven\u00e7\u00e3o de doen\u00e7as, a promo\u00e7\u00e3o e a preserva\u00e7\u00e3o das condi\u00e7\u00f5es saud\u00e1veis dos indiv\u00edduos, o bem estar f\u00edsico e mental\u00a0e a inclus\u00e3o e integra\u00e7\u00e3o do indiv\u00edduo na sociedade.<\/p>\n<p>Com Unidades Operacionais localizadas nos grandes centros urbanos e em postos de abastecimento das principais rodovias do pa\u00eds, o SEST SENAT est\u00e1 presente em todos os estados brasileiros. O objetivo \u00e9 articular as a\u00e7\u00f5es de desenvolvimento profissional e promo\u00e7\u00e3o social em um ambiente favor\u00e1vel \u00e0s pr\u00e1ticas educativas e com espa\u00e7os, ferramentas e tecnologias dedicados ao conhecimento e \u00e0 qualifica\u00e7\u00e3o, contribuindo para o aumento da produtividade, da\u00a0competitividade e do fortalecimento do setor de transporte brasileiro.<\/p>\n<h2>Sest Senat Aracaju Cnh Gratuita<\/h2>\n<p>O projeto\u00a0Primeira Habilita\u00e7\u00e3o para o Transporte \u2013\u00a0<em>CNH Social<\/em> foi criado com a inten\u00e7\u00e3o de conceder a Carteira Nacional de Habilita\u00e7\u00e3o (CNH), categoria B, para jovens de baixa renda, ampliando a empregabilidade e qualificando-os em curso espec\u00edfico para ingresso no mercado de trabalho e atua\u00e7\u00e3o no setor de transporte. Esse projeto \u00e9 totalmente financiado pelo SEST SENAT, sem custos para os selecionados. Fa\u00e7a sua inscri\u00e7\u00e3o no site abaixo e separe os documentos indicados no ato da sua inscri\u00e7\u00e3o.<\/p>\n<h3>Vagas Sest Senat Aracaju \u2013 Trabalhe Conosco<\/h3>\n<p>O Sest Senat Aracaju disponibiliza <em>vagas<\/em>\u00a0de trabalho durante todo ano. Para se informar sobre os processos seletivos e se candidatar as vagas acompanhe o site da empresa, onde \u00e9 poss\u00edvel se informar sobre vagas abertas, sal\u00e1rios e compet\u00eancias necess\u00e1rias para se candidatar ao processo.<\/p>\n<h3>Hor\u00e1rio de Funcionamento Sest Senat em Aracaju<\/h3>\n<ul>\n<li>Segunda a Sexta das 08h \u00e0s 18h<\/li>\n<\/ul>\n<h3>Endere\u00e7o e Telefone Sest Senat em Aracaju<\/h3>\n<ul>\n<li>Av. Pres. Tancredo Neves, 5857 &#8211; Jabutiana &#8211; Aracaju &#8211; SE<\/li>\n<li>Telefone: (79) 2107-4910<\/li>\n<\/ul>\n<h4>Outras informa\u00e7\u00f5es e site<\/h4>\n<ul>\n<li>Mais informa\u00e7\u00f5es:\u00a0<a href=\"https:\/\/www.sestsenat.org.br\/aracaju\" target=\"_blank\" rel=\"noopener noreferrer\">www.sestsenat.org.br\/aracaju<\/a><\/li>\n<\/ul>\n<h4>Mapa de localiza\u00e7\u00e3o<\/h4>\n<a class=\"wp-colorbox-iframe\" href=\"https:\/\/www.google.com\/maps\/embed?pb=!1m14!1m8!1m3!1d15669.976197468153!2d-37.0821197!3d-10.9260036!3m2!1i1024!2i768!4f13.1!3m3!1m2!1s0x00x821baee81614f310!2sSEST+SENAT!5e0!3m2!1spt-BR!2sbr!4v1563813571633!5m2!1spt-BR!2sbr\"><img decoding=\"async\" src=\"http:\/\/www.encontraaracaju.com.br\/imgs\/maps-post.png\"><\/a>\n\n<div style=\"font-size: 0px; height: 0px; line-height: 0px; margin: 0; padding: 0; clear: both;\"><\/div>","protected":false},"excerpt":{"rendered":"<p>O Sest Senat Aracaju &#8211; Servi\u00e7o Social do Transporte e o Servi\u00e7o Nacional de Aprendizagem do Transporte &#8211;\u00a0s\u00e3o entidades civis, sem fins lucrativos. Elas foram criadas em 14 de setembro de 1993, pela Lei 8.706, a partir de um processo de conscientiza\u00e7\u00e3o do setor e de entidades sindicais.\u00a0\u200b As entidades t\u00eam se firmado como substanciais colaboradoras para o desenvolvimento do setor de transporte do pa\u00eds, atuando na forma\u00e7\u00e3o e na qualifica\u00e7\u00e3o de profissionais para o mercado, aptos \u00e0s novas tecnologias e \u00e0s complexas formas de trabalho. Para a prepara\u00e7\u00e3o, a promo\u00e7\u00e3o do emprego e renda e, acima de tudo, o <\/p>\n","protected":false},"author":1,"featured_media":0,"parent":0,"menu_order":0,"comment_status":"closed","ping_status":"closed","template":"","meta":{"footnotes":""},"class_list":["post-836","page","type-page","status-publish","hentry"],"yoast_head":"<!-- This site is optimized with the Yoast SEO plugin v26.4 - https:\/\/yoast.com\/wordpress\/plugins\/seo\/ -->\n<title>Sest Senat Aracaju: CNH Gratuita, Vagas, Endere\u00e7o, Telefone<\/title>\n<meta name=\"description\" content=\"Veja sobre o ( Sest Senat em Aracaju ) - Informa\u00e7\u00f5es, cnh gratuita, vagas, hor\u00e1rio de funcionamento, endere\u00e7o e telefone. CLIQUE AQUI!\" \/>\n<meta name=\"robots\" content=\"index, follow, max-snippet:-1, max-image-preview:large, max-video-preview:-1\" \/>\n<link rel=\"canonical\" href=\"https:\/\/www.encontraaracaju.com.br\/sobre\/sest-senat-aracaju\/\" \/>\n<meta property=\"og:locale\" content=\"pt_BR\" \/>\n<meta property=\"og:type\" content=\"article\" \/>\n<meta property=\"og:title\" content=\"Sest Senat Aracaju: CNH Gratuita, Vagas, Endere\u00e7o, Telefone\" \/>\n<meta property=\"og:description\" content=\"Veja sobre o ( Sest Senat em Aracaju ) - Informa\u00e7\u00f5es, cnh gratuita, vagas, hor\u00e1rio de funcionamento, endere\u00e7o e telefone. CLIQUE AQUI!\" \/>\n<meta property=\"og:url\" content=\"https:\/\/www.encontraaracaju.com.br\/sobre\/sest-senat-aracaju\/\" \/>\n<meta property=\"og:site_name\" content=\"Encontra Aracaju\" \/>\n<meta property=\"og:image\" content=\"https:\/\/www.encontraaracaju.com.br\/sobre\/wp-content\/uploads\/2019\/07\/sest-senat-aracaju.gif\" \/>\n<meta name=\"twitter:card\" content=\"summary_large_image\" \/>\n<meta name=\"twitter:label1\" content=\"Est. tempo de leitura\" \/>\n\t<meta name=\"twitter:data1\" content=\"3 minutos\" \/>\n<script type=\"application\/ld+json\" class=\"yoast-schema-graph\">{\"@context\":\"https:\/\/schema.org\",\"@graph\":[{\"@type\":\"WebPage\",\"@id\":\"https:\/\/www.encontraaracaju.com.br\/sobre\/sest-senat-aracaju\/\",\"url\":\"https:\/\/www.encontraaracaju.com.br\/sobre\/sest-senat-aracaju\/\",\"name\":\"Sest Senat Aracaju: CNH Gratuita, Vagas, Endere\u00e7o, Telefone\",\"isPartOf\":{\"@id\":\"https:\/\/www.encontraaracaju.com.br\/sobre\/#website\"},\"primaryImageOfPage\":{\"@id\":\"https:\/\/www.encontraaracaju.com.br\/sobre\/sest-senat-aracaju\/#primaryimage\"},\"image\":{\"@id\":\"https:\/\/www.encontraaracaju.com.br\/sobre\/sest-senat-aracaju\/#primaryimage\"},\"thumbnailUrl\":\"https:\/\/www.encontraaracaju.com.br\/sobre\/wp-content\/uploads\/2019\/07\/sest-senat-aracaju.gif\",\"datePublished\":\"2019-07-22T16:43:23+00:00\",\"description\":\"Veja sobre o ( Sest Senat em Aracaju ) - Informa\u00e7\u00f5es, cnh gratuita, vagas, hor\u00e1rio de funcionamento, endere\u00e7o e telefone. CLIQUE AQUI!\",\"breadcrumb\":{\"@id\":\"https:\/\/www.encontraaracaju.com.br\/sobre\/sest-senat-aracaju\/#breadcrumb\"},\"inLanguage\":\"pt-BR\",\"potentialAction\":[{\"@type\":\"ReadAction\",\"target\":[\"https:\/\/www.encontraaracaju.com.br\/sobre\/sest-senat-aracaju\/\"]}]},{\"@type\":\"ImageObject\",\"inLanguage\":\"pt-BR\",\"@id\":\"https:\/\/www.encontraaracaju.com.br\/sobre\/sest-senat-aracaju\/#primaryimage\",\"url\":\"https:\/\/www.encontraaracaju.com.br\/sobre\/wp-content\/uploads\/2019\/07\/sest-senat-aracaju.gif\",\"contentUrl\":\"https:\/\/www.encontraaracaju.com.br\/sobre\/wp-content\/uploads\/2019\/07\/sest-senat-aracaju.gif\",\"width\":680,\"height\":189},{\"@type\":\"BreadcrumbList\",\"@id\":\"https:\/\/www.encontraaracaju.com.br\/sobre\/sest-senat-aracaju\/#breadcrumb\",\"itemListElement\":[{\"@type\":\"ListItem\",\"position\":1,\"name\":\"In\u00edcio\",\"item\":\"https:\/\/www.encontraaracaju.com.br\/sobre\/\"},{\"@type\":\"ListItem\",\"position\":2,\"name\":\"Sest Senat Aracaju\"}]},{\"@type\":\"WebSite\",\"@id\":\"https:\/\/www.encontraaracaju.com.br\/sobre\/#website\",\"url\":\"https:\/\/www.encontraaracaju.com.br\/sobre\/\",\"name\":\"Encontra Aracaju\",\"description\":\"Not\u00edcias, eventos, informa\u00e7\u00f5es e dicas na cidade Aracaju e regi\u00e3o.\",\"potentialAction\":[{\"@type\":\"SearchAction\",\"target\":{\"@type\":\"EntryPoint\",\"urlTemplate\":\"https:\/\/www.encontraaracaju.com.br\/sobre\/?s={search_term_string}\"},\"query-input\":{\"@type\":\"PropertyValueSpecification\",\"valueRequired\":true,\"valueName\":\"search_term_string\"}}],\"inLanguage\":\"pt-BR\"}]}<\/script>\n<!-- \/ Yoast SEO plugin. -->","yoast_head_json":{"title":"Sest Senat Aracaju: CNH Gratuita, Vagas, Endere\u00e7o, Telefone","description":"Veja sobre o ( Sest Senat em Aracaju ) - Informa\u00e7\u00f5es, cnh gratuita, vagas, hor\u00e1rio de funcionamento, endere\u00e7o e telefone. CLIQUE AQUI!","robots":{"index":"index","follow":"follow","max-snippet":"max-snippet:-1","max-image-preview":"max-image-preview:large","max-video-preview":"max-video-preview:-1"},"canonical":"https:\/\/www.encontraaracaju.com.br\/sobre\/sest-senat-aracaju\/","og_locale":"pt_BR","og_type":"article","og_title":"Sest Senat Aracaju: CNH Gratuita, Vagas, Endere\u00e7o, Telefone","og_description":"Veja sobre o ( Sest Senat em Aracaju ) - Informa\u00e7\u00f5es, cnh gratuita, vagas, hor\u00e1rio de funcionamento, endere\u00e7o e telefone. CLIQUE AQUI!","og_url":"https:\/\/www.encontraaracaju.com.br\/sobre\/sest-senat-aracaju\/","og_site_name":"Encontra Aracaju","og_image":[{"url":"https:\/\/www.encontraaracaju.com.br\/sobre\/wp-content\/uploads\/2019\/07\/sest-senat-aracaju.gif","type":"","width":"","height":""}],"twitter_card":"summary_large_image","twitter_misc":{"Est. tempo de leitura":"3 minutos"},"schema":{"@context":"https:\/\/schema.org","@graph":[{"@type":"WebPage","@id":"https:\/\/www.encontraaracaju.com.br\/sobre\/sest-senat-aracaju\/","url":"https:\/\/www.encontraaracaju.com.br\/sobre\/sest-senat-aracaju\/","name":"Sest Senat Aracaju: CNH Gratuita, Vagas, Endere\u00e7o, Telefone","isPartOf":{"@id":"https:\/\/www.encontraaracaju.com.br\/sobre\/#website"},"primaryImageOfPage":{"@id":"https:\/\/www.encontraaracaju.com.br\/sobre\/sest-senat-aracaju\/#primaryimage"},"image":{"@id":"https:\/\/www.encontraaracaju.com.br\/sobre\/sest-senat-aracaju\/#primaryimage"},"thumbnailUrl":"https:\/\/www.encontraaracaju.com.br\/sobre\/wp-content\/uploads\/2019\/07\/sest-senat-aracaju.gif","datePublished":"2019-07-22T16:43:23+00:00","description":"Veja sobre o ( Sest Senat em Aracaju ) - Informa\u00e7\u00f5es, cnh gratuita, vagas, hor\u00e1rio de funcionamento, endere\u00e7o e telefone. CLIQUE AQUI!","breadcrumb":{"@id":"https:\/\/www.encontraaracaju.com.br\/sobre\/sest-senat-aracaju\/#breadcrumb"},"inLanguage":"pt-BR","potentialAction":[{"@type":"ReadAction","target":["https:\/\/www.encontraaracaju.com.br\/sobre\/sest-senat-aracaju\/"]}]},{"@type":"ImageObject","inLanguage":"pt-BR","@id":"https:\/\/www.encontraaracaju.com.br\/sobre\/sest-senat-aracaju\/#primaryimage","url":"https:\/\/www.encontraaracaju.com.br\/sobre\/wp-content\/uploads\/2019\/07\/sest-senat-aracaju.gif","contentUrl":"https:\/\/www.encontraaracaju.com.br\/sobre\/wp-content\/uploads\/2019\/07\/sest-senat-aracaju.gif","width":680,"height":189},{"@type":"BreadcrumbList","@id":"https:\/\/www.encontraaracaju.com.br\/sobre\/sest-senat-aracaju\/#breadcrumb","itemListElement":[{"@type":"ListItem","position":1,"name":"In\u00edcio","item":"https:\/\/www.encontraaracaju.com.br\/sobre\/"},{"@type":"ListItem","position":2,"name":"Sest Senat Aracaju"}]},{"@type":"WebSite","@id":"https:\/\/www.encontraaracaju.com.br\/sobre\/#website","url":"https:\/\/www.encontraaracaju.com.br\/sobre\/","name":"Encontra Aracaju","description":"Not\u00edcias, eventos, informa\u00e7\u00f5es e dicas na cidade Aracaju e regi\u00e3o.","potentialAction":[{"@type":"SearchAction","target":{"@type":"EntryPoint","urlTemplate":"https:\/\/www.encontraaracaju.com.br\/sobre\/?s={search_term_string}"},"query-input":{"@type":"PropertyValueSpecification","valueRequired":true,"valueName":"search_term_string"}}],"inLanguage":"pt-BR"}]}},"_links":{"self":[{"href":"https:\/\/www.encontraaracaju.com.br\/sobre\/wp-json\/wp\/v2\/pages\/836","targetHints":{"allow":["GET"]}}],"collection":[{"href":"https:\/\/www.encontraaracaju.com.br\/sobre\/wp-json\/wp\/v2\/pages"}],"about":[{"href":"https:\/\/www.encontraaracaju.com.br\/sobre\/wp-json\/wp\/v2\/types\/page"}],"author":[{"embeddable":true,"href":"https:\/\/www.encontraaracaju.com.br\/sobre\/wp-json\/wp\/v2\/users\/1"}],"replies":[{"embeddable":true,"href":"https:\/\/www.encontraaracaju.com.br\/sobre\/wp-json\/wp\/v2\/comments?post=836"}],"version-history":[{"count":0,"href":"https:\/\/www.encontraaracaju.com.br\/sobre\/wp-json\/wp\/v2\/pages\/836\/revisions"}],"wp:attachment":[{"href":"https:\/\/www.encontraaracaju.com.br\/sobre\/wp-json\/wp\/v2\/media?parent=836"}],"curies":[{"name":"wp","href":"https:\/\/api.w.org\/{rel}","templated":true}]}}