{"id":833,"date":"2019-07-22T13:20:17","date_gmt":"2019-07-22T16:20:17","guid":{"rendered":"https:\/\/www.encontraaracaju.com.br\/sobre\/?page_id=833"},"modified":"2022-12-01T12:48:10","modified_gmt":"2022-12-01T14:48:10","slug":"camara-municipal-de-aracaju","status":"publish","type":"page","link":"https:\/\/www.encontraaracaju.com.br\/sobre\/camara-municipal-de-aracaju\/","title":{"rendered":"C\u00e2mara Municipal de Aracaju"},"content":{"rendered":"<div class=\"0de350683d360aa04277a39db0bae410\" data-index=\"1\" style=\"float: none; margin:0px;\">\n<!-- Anuncio display - global -->\r\n<ins class=\"adsbygoogle\"\r\n     style=\"display:block\"\r\n     data-ad-client=\"ca-pub-8585364105181520\"\r\n     data-ad-slot=\"8789329856\"\r\n     data-ad-format=\"auto\"\r\n     data-full-width-responsive=\"true\"><\/ins>\r\n<script>\r\n     (adsbygoogle = window.adsbygoogle || []).push({});\r\n<\/script>\n<\/div>\n<p>A\u00a0<strong>C\u00e2mara Municipal de Aracaju <\/strong>tem a fun\u00e7\u00e3o institucional de legislar sobre assuntos de compet\u00eancia do munic\u00edpio, bem como fiscalizar e controlar os atos da administra\u00e7\u00e3o direta e indireta, especialmente a gest\u00e3o do dinheiro p\u00fablico, o julgamento das contas apresentadas pelo prefeito e a vigil\u00e2ncia dos neg\u00f3cios do Poder Executivo.<\/p>\n<p>Outras atribui\u00e7\u00f5es s\u00e3o as de assessorar e julgar infra\u00e7\u00f5es.<\/p>\n<p><img loading=\"lazy\" decoding=\"async\" class=\"alignnone wp-image-834 size-full\" title=\"C\u00e2mara Municipal de Aracaju\" src=\"https:\/\/www.encontraaracaju.com.br\/sobre\/wp-content\/uploads\/2019\/07\/camara-municipal-aracaju.gif\" alt=\"C\u00e2mara Municipal de Aracaju\" width=\"680\" height=\"189\" \/><\/p>\n<p>O assessoramento consiste em sugerir medidas de interesse p\u00fablico \u00e0 administra\u00e7\u00e3o municipal, al\u00e9m de intermediar junto ao governo a respeito das demandas apresentadas pela popula\u00e7\u00e3o. J\u00e1 a fun\u00e7\u00e3o julgadora da C\u00e2mara se d\u00e1 na aprecia\u00e7\u00e3o de infra\u00e7\u00f5es pol\u00edtico-administrativas ou \u00e9tico parlamentares cometidas pelo prefeito, vice-prefeito ou por vereadores, que podem resultar inclusive em perda de mandato.<\/p>\n<p>A compet\u00eancia de criar as leis \u00e9 exercida com a participa\u00e7\u00e3o do prefeito e compreende a produ\u00e7\u00e3o de normas para disciplinar as mat\u00e9rias constitucionalmente reservadas ao munic\u00edpio. Os vereadores deliberam especialmente \u2013 sob forma de projeto de lei e sujeitos \u00e0 san\u00e7\u00e3o do prefeito \u2013 sobre as \u00e1reas financeira, tribut\u00e1ria e or\u00e7ament\u00e1ria; urban\u00edstica; servidores e bens p\u00fablicos; organiza\u00e7\u00e3o dos servi\u00e7os municipais; cria\u00e7\u00e3o, estrutura\u00e7\u00e3o e atribui\u00e7\u00f5es dos \u00f3rg\u00e3os da administra\u00e7\u00e3o direta e indireta.<\/p>\n<p>A fun\u00e7\u00e3o fiscalizadora, que n\u00e3o se limita aos aspectos financeiros e or\u00e7ament\u00e1rios, efetiva-se mediante v\u00e1rios mecanismos, expedientes e procedimentos, tais como, os pedidos de informa\u00e7\u00e3o, vistorias para avaliar a qualidade de um servi\u00e7o ou execu\u00e7\u00e3o de obra, convoca\u00e7\u00e3o de auxiliares do prefeito para prestar esclarecimentos e pela a\u00e7\u00e3o das comiss\u00f5es parlamentares de inqu\u00e9rito.<\/p>\n<p>A C\u00e2mara organiza-se internamente atrav\u00e9s de seu Regimento Interno e da legisla\u00e7\u00e3o referente \u00e0 administra\u00e7\u00e3o dos seus servi\u00e7os, inclusive quanto ao provimento dos cargos de seu quadro de pessoal. Os trabalhos s\u00e3o divididos em sess\u00f5es legislativas anuais ordin\u00e1rias, em n\u00famero de quatro, que formam a legislatura para a qual s\u00e3o eleitos os vereadores. Fora da sess\u00e3o legislativa ordin\u00e1ria, nos recessos, a C\u00e2mara pode se reunir, se convocada extraordinariamente.<\/p>\n<h2>C\u00e2mara Municipal Aracaju Hist\u00f3ria<\/h2>\n<p>A C\u00e2mara Municipal de Aracaju foi criada praticamente no mesmo per\u00edodo em que Aracaju foi fundada e tornou-se capital da Prov\u00edncia. Foi instalada em mar\u00e7o de 1855, no mesmo m\u00eas e ano em que In\u00e1cio Joaquim Barbosa enviou \u00e0 Assembleia Provincial e obteve aprova\u00e7\u00e3o do projeto de lei que criou a cidade como capital da Prov\u00edncia.<\/p>\n<p>Atualmente a C\u00e2mara Municipal de Aracaju legisla, fiscaliza as a\u00e7\u00f5es do Poder Executivo e defende a cidadania na capital sergipana, sendo tamb\u00e9m a mais antiga das institui\u00e7\u00f5es p\u00fablicas ainda em funcionamento.<\/p>\n<p>Em mar\u00e7o de 2017 completou 162 anos de atividades, com a atua\u00e7\u00e3o de 24 vereadores. A documenta\u00e7\u00e3o dispon\u00edvel revela que no final do m\u00eas de mar\u00e7o os oito primeiro vereadores aracajuanos j\u00e1 estavam trabalhando. Como o primeiro registro sobre as atividades da C\u00e2mara data do dia 30 de mar\u00e7o, decidiu- se que esta seria a data na qual seria comemorado anualmente o anivers\u00e1rio de instala\u00e7\u00e3o da entidade. Ao longo da sua hist\u00f3ria, a C\u00e2mara de Vereadores foi um importante espa\u00e7o de ingresso na carreira pol\u00edtica.<\/p>\n<p>Desde que a C\u00e2mara foi criada, na metade do s\u00e9culo XIX, a preserva\u00e7\u00e3o dos seus registros documentais enfrentou v\u00e1rios percal\u00e7os. Muitas vezes os papeis da C\u00e2mara tiveram que compartilhar o espa\u00e7o que ocupavam com os interesses de outras reparti\u00e7\u00f5es da Prov\u00edncia.<\/p>\n<p><strong>Aonde funcionou<\/strong><br \/>\nA institui\u00e7\u00e3o foi instalada e come\u00e7ou a funcionar no mesmo edif\u00edcio que abrigava a Assembleia Provincial, mudando, tr\u00eas anos depois, para a rua da Aurora, atual avenida Rio Branco, onde funcionou at\u00e9 1871. O primeiro endere\u00e7o da C\u00e2mara n\u00e3o era mais adequado ao cumprimento dos objetivos da institui\u00e7\u00e3o.<\/p>\n<p>A mudan\u00e7a para a rua da Aurora aconteceu em julho de 1858, depois que a Tesouraria Provincial desocupou o edif\u00edcio, a fim de que ali fosse instalada a Casa da C\u00e2mara. Em julho de 1863, o vice- presidente da Prov\u00edncia, Antonio Dias Coelho e Mello decidiu que o edif\u00edcio era muito grande para ser ocupado apenas pela C\u00e2mara e determinou a transfer\u00eancia da Tipografia Provincial para o mesmo espa\u00e7o, ficando para o servi\u00e7o da C\u00e2mara apenas a sala que era utilizada para as sess\u00f5es.<\/p>\n<p>Em 1871, a C\u00e2mara cedeu o edif\u00edcio no qual estava instalada para funcionamento do Atheneu Sergipense e transferiu os seus trabalhos para uma das salas da Casa de Pris\u00e3o, no mesmo local onde atualmente existe o Pal\u00e1cio Serigy, sede da Secretaria de Estado da Sa\u00fade. Em 1873, a C\u00e2mara solicitou ao presidente da Prov\u00edncia que reformasse e fizesse a devolu\u00e7\u00e3o do pr\u00e9dio,<br \/>\nretornado para a rua Aurora, funcionando neste endere\u00e7o at\u00e9 a d\u00e9cada de 1920.<\/p>\n<p>Ap\u00f3s a constru\u00e7\u00e3o do Pal\u00e1cio In\u00e1cio Barbosa, localizado na pra\u00e7a Catedral Metropolitana, atual Parque Te\u00f3filo Dantas, a C\u00e2mara se instalou em uma casa anexa a este, onde permaneceu at\u00e9 o ano de 1951, quando mudou para uma casa localizada em outra \u00e1rea do Parque Te\u00f3filo Dantas, entre as ruas Capela e Santo Amaro.<\/p>\n<p>Em 1962, mudou- se para uma casa anexa ao Pal\u00e1cio In\u00e1cio Barbosa, ali funcionando at\u00e9 1967, quando ganhou um novo endere\u00e7o: pra\u00e7a Jo\u00e3o XXIII, na regi\u00e3o da Esta\u00e7\u00e3o Rodovi\u00e1ria Governador Luiz Garcia. Em 1989, a C\u00e2mara mudou para o seu atual endere\u00e7o, outra vez no Parque Te\u00f3filo Dantas.<\/p>\n<p>PB1973bl@g<br \/>\nA C\u00e2mara Municipal de Aracaju, desde a sua funda\u00e7\u00e3o at\u00e9 os dias atuais, contou com 42 legislaturas, ocupadas pelas mais variadas profiss\u00f5es. Isso ajudou a endossar as legislaturas de forma ampla e diversificada, com representantes de diversas categorias profissionais e de diversos bairros da capital sergipana.<\/p>\n<p><strong>Ex-presidentes<\/strong><br \/>\nA CMA contou com 60 presidentes desde sua funda\u00e7\u00e3o em 1855 at\u00e9 2017, sendo o atual presidente reeleito para mais dois anos.<\/p>\n<h3>C\u00e2mara Municipal de Aracaju Vereadores<\/h3>\n<p>Voc\u00ea pode verificar quais<em>\u00a0vereadores\u00a0<\/em>est\u00e3o com mandato ativo pelo site abaixo.<\/p>\n<h3>C\u00e2mara Municipal Aracaju Concurso<\/h3>\n<p>A C\u00e2mara Municipal de Aracaju admite funcion\u00e1rios atrav\u00e9s de <em>concurso p\u00fablico<\/em>, fique atento ao site e confira a publica\u00e7\u00e3o dos editais.<em><br \/>\n<\/em><\/p>\n<h3>Hor\u00e1rio de Funcionamento C\u00e2mara Municipal em Aracaju<\/h3>\n<ul>\n<li>Segunda a Quinta das 09h \u00e0s 17h \/ Sexta das 09h \u00e0s 12h<\/li>\n<\/ul>\n<h3>Onde fica, Endere\u00e7o e Telefone C\u00e2mara Municipal em Aracaju<\/h3>\n<ul>\n<li>Pra\u00e7a Fausto Cardoso, 74 &#8211; Centro &#8211; Aracaju &#8211; SE<\/li>\n<li>Telefone: (79) 2107-4800<\/li>\n<\/ul>\n<h4>Outras informa\u00e7\u00f5es e site<\/h4>\n<ul>\n<li>Site: <a href=\"https:\/\/aracaju.se.leg.br\/\" target=\"_blank\" rel=\"noopener noreferrer\">www.aracaju.se.leg.br<\/a><\/li>\n<li>Mais informa\u00e7\u00f5es:\u00a0<a href=\"https:\/\/www.camaramunicipal.com.br\/sobre\/camara-municipal-de-aracaju-se\" target=\"_blank\" rel=\"noopener\">www.camaramunicipal.com.br\/sobre\/camara-municipal-de-aracaju-se<\/a><\/li>\n<\/ul>\n<h4>Mapa de localiza\u00e7\u00e3o<\/h4>\n<a class=\"wp-colorbox-iframe\" href=\"https:\/\/www.google.com\/maps\/embed?pb=!1m14!1m8!1m3!1d15670.634455791886!2d-37.0501666!3d-10.9135284!3m2!1i1024!2i768!4f13.1!3m3!1m2!1s0x00xb2e42b744e9e9e53!2sCmara+Municipal+de+Aracaju!5e0!3m2!1spt-BR!2sbr!4v1563812180215!5m2!1spt-BR!2sbr\"><img decoding=\"async\" src=\"http:\/\/www.encontraaracaju.com.br\/imgs\/maps-post.png\"><\/a>\n\n<div style=\"font-size: 0px; height: 0px; line-height: 0px; margin: 0; padding: 0; clear: both;\"><\/div>","protected":false},"excerpt":{"rendered":"<p>A\u00a0C\u00e2mara Municipal de Aracaju tem a fun\u00e7\u00e3o institucional de legislar sobre assuntos de compet\u00eancia do munic\u00edpio, bem como fiscalizar e controlar os atos da administra\u00e7\u00e3o direta e indireta, especialmente a gest\u00e3o do dinheiro p\u00fablico, o julgamento das contas apresentadas pelo prefeito e a vigil\u00e2ncia dos neg\u00f3cios do Poder Executivo. Outras atribui\u00e7\u00f5es s\u00e3o as de assessorar e julgar infra\u00e7\u00f5es. O assessoramento consiste em sugerir medidas de interesse p\u00fablico \u00e0 administra\u00e7\u00e3o municipal, al\u00e9m de intermediar junto ao governo a respeito das demandas apresentadas pela popula\u00e7\u00e3o. J\u00e1 a fun\u00e7\u00e3o julgadora da C\u00e2mara se d\u00e1 na aprecia\u00e7\u00e3o de infra\u00e7\u00f5es pol\u00edtico-administrativas ou \u00e9tico parlamentares cometidas <\/p>\n","protected":false},"author":1,"featured_media":0,"parent":0,"menu_order":0,"comment_status":"closed","ping_status":"closed","template":"","meta":{"footnotes":""},"class_list":["post-833","page","type-page","status-publish","hentry"],"yoast_head":"<!-- This site is optimized with the Yoast SEO plugin v26.4 - https:\/\/yoast.com\/wordpress\/plugins\/seo\/ -->\n<title>C\u00e2mara Municipal de Aracaju: Hist\u00f3ria, Vereadores, Concurso, Endere\u00e7o<\/title>\n<meta name=\"description\" content=\"Veja sobre a ( C\u00e2mara Municipal em Aracaju ) - Informa\u00e7\u00f5es, hist\u00f3ria, vereadores, concurso, hor\u00e1rio de funcionamento, endere\u00e7o e telefone. CLIQUE AQUI!\" \/>\n<meta name=\"robots\" content=\"index, follow, max-snippet:-1, max-image-preview:large, max-video-preview:-1\" \/>\n<link rel=\"canonical\" href=\"https:\/\/www.encontraaracaju.com.br\/sobre\/camara-municipal-de-aracaju\/\" \/>\n<meta property=\"og:locale\" content=\"pt_BR\" \/>\n<meta property=\"og:type\" content=\"article\" \/>\n<meta property=\"og:title\" content=\"C\u00e2mara Municipal de Aracaju: Hist\u00f3ria, Vereadores, Concurso, Endere\u00e7o\" \/>\n<meta property=\"og:description\" content=\"Veja sobre a ( C\u00e2mara Municipal em Aracaju ) - Informa\u00e7\u00f5es, hist\u00f3ria, vereadores, concurso, hor\u00e1rio de funcionamento, endere\u00e7o e telefone. CLIQUE AQUI!\" \/>\n<meta property=\"og:url\" content=\"https:\/\/www.encontraaracaju.com.br\/sobre\/camara-municipal-de-aracaju\/\" \/>\n<meta property=\"og:site_name\" content=\"Encontra Aracaju\" \/>\n<meta property=\"article:modified_time\" content=\"2022-12-01T14:48:10+00:00\" \/>\n<meta property=\"og:image\" content=\"https:\/\/www.encontraaracaju.com.br\/sobre\/wp-content\/uploads\/2019\/07\/camara-municipal-aracaju.gif\" \/>\n<meta name=\"twitter:card\" content=\"summary_large_image\" \/>\n<meta name=\"twitter:label1\" content=\"Est. tempo de leitura\" \/>\n\t<meta name=\"twitter:data1\" content=\"5 minutos\" \/>\n<script type=\"application\/ld+json\" class=\"yoast-schema-graph\">{\"@context\":\"https:\/\/schema.org\",\"@graph\":[{\"@type\":\"WebPage\",\"@id\":\"https:\/\/www.encontraaracaju.com.br\/sobre\/camara-municipal-de-aracaju\/\",\"url\":\"https:\/\/www.encontraaracaju.com.br\/sobre\/camara-municipal-de-aracaju\/\",\"name\":\"C\u00e2mara Municipal de Aracaju: Hist\u00f3ria, Vereadores, Concurso, Endere\u00e7o\",\"isPartOf\":{\"@id\":\"https:\/\/www.encontraaracaju.com.br\/sobre\/#website\"},\"primaryImageOfPage\":{\"@id\":\"https:\/\/www.encontraaracaju.com.br\/sobre\/camara-municipal-de-aracaju\/#primaryimage\"},\"image\":{\"@id\":\"https:\/\/www.encontraaracaju.com.br\/sobre\/camara-municipal-de-aracaju\/#primaryimage\"},\"thumbnailUrl\":\"https:\/\/www.encontraaracaju.com.br\/sobre\/wp-content\/uploads\/2019\/07\/camara-municipal-aracaju.gif\",\"datePublished\":\"2019-07-22T16:20:17+00:00\",\"dateModified\":\"2022-12-01T14:48:10+00:00\",\"description\":\"Veja sobre a ( C\u00e2mara Municipal em Aracaju ) - Informa\u00e7\u00f5es, hist\u00f3ria, vereadores, concurso, hor\u00e1rio de funcionamento, endere\u00e7o e telefone. CLIQUE AQUI!\",\"breadcrumb\":{\"@id\":\"https:\/\/www.encontraaracaju.com.br\/sobre\/camara-municipal-de-aracaju\/#breadcrumb\"},\"inLanguage\":\"pt-BR\",\"potentialAction\":[{\"@type\":\"ReadAction\",\"target\":[\"https:\/\/www.encontraaracaju.com.br\/sobre\/camara-municipal-de-aracaju\/\"]}]},{\"@type\":\"ImageObject\",\"inLanguage\":\"pt-BR\",\"@id\":\"https:\/\/www.encontraaracaju.com.br\/sobre\/camara-municipal-de-aracaju\/#primaryimage\",\"url\":\"https:\/\/www.encontraaracaju.com.br\/sobre\/wp-content\/uploads\/2019\/07\/camara-municipal-aracaju.gif\",\"contentUrl\":\"https:\/\/www.encontraaracaju.com.br\/sobre\/wp-content\/uploads\/2019\/07\/camara-municipal-aracaju.gif\",\"width\":680,\"height\":189},{\"@type\":\"BreadcrumbList\",\"@id\":\"https:\/\/www.encontraaracaju.com.br\/sobre\/camara-municipal-de-aracaju\/#breadcrumb\",\"itemListElement\":[{\"@type\":\"ListItem\",\"position\":1,\"name\":\"In\u00edcio\",\"item\":\"https:\/\/www.encontraaracaju.com.br\/sobre\/\"},{\"@type\":\"ListItem\",\"position\":2,\"name\":\"C\u00e2mara Municipal de Aracaju\"}]},{\"@type\":\"WebSite\",\"@id\":\"https:\/\/www.encontraaracaju.com.br\/sobre\/#website\",\"url\":\"https:\/\/www.encontraaracaju.com.br\/sobre\/\",\"name\":\"Encontra Aracaju\",\"description\":\"Not\u00edcias, eventos, informa\u00e7\u00f5es e dicas na cidade Aracaju e regi\u00e3o.\",\"potentialAction\":[{\"@type\":\"SearchAction\",\"target\":{\"@type\":\"EntryPoint\",\"urlTemplate\":\"https:\/\/www.encontraaracaju.com.br\/sobre\/?s={search_term_string}\"},\"query-input\":{\"@type\":\"PropertyValueSpecification\",\"valueRequired\":true,\"valueName\":\"search_term_string\"}}],\"inLanguage\":\"pt-BR\"}]}<\/script>\n<!-- \/ Yoast SEO plugin. -->","yoast_head_json":{"title":"C\u00e2mara Municipal de Aracaju: Hist\u00f3ria, Vereadores, Concurso, Endere\u00e7o","description":"Veja sobre a ( C\u00e2mara Municipal em Aracaju ) - Informa\u00e7\u00f5es, hist\u00f3ria, vereadores, concurso, hor\u00e1rio de funcionamento, endere\u00e7o e telefone. CLIQUE AQUI!","robots":{"index":"index","follow":"follow","max-snippet":"max-snippet:-1","max-image-preview":"max-image-preview:large","max-video-preview":"max-video-preview:-1"},"canonical":"https:\/\/www.encontraaracaju.com.br\/sobre\/camara-municipal-de-aracaju\/","og_locale":"pt_BR","og_type":"article","og_title":"C\u00e2mara Municipal de Aracaju: Hist\u00f3ria, Vereadores, Concurso, Endere\u00e7o","og_description":"Veja sobre a ( C\u00e2mara Municipal em Aracaju ) - Informa\u00e7\u00f5es, hist\u00f3ria, vereadores, concurso, hor\u00e1rio de funcionamento, endere\u00e7o e telefone. CLIQUE AQUI!","og_url":"https:\/\/www.encontraaracaju.com.br\/sobre\/camara-municipal-de-aracaju\/","og_site_name":"Encontra Aracaju","article_modified_time":"2022-12-01T14:48:10+00:00","og_image":[{"url":"https:\/\/www.encontraaracaju.com.br\/sobre\/wp-content\/uploads\/2019\/07\/camara-municipal-aracaju.gif","type":"","width":"","height":""}],"twitter_card":"summary_large_image","twitter_misc":{"Est. tempo de leitura":"5 minutos"},"schema":{"@context":"https:\/\/schema.org","@graph":[{"@type":"WebPage","@id":"https:\/\/www.encontraaracaju.com.br\/sobre\/camara-municipal-de-aracaju\/","url":"https:\/\/www.encontraaracaju.com.br\/sobre\/camara-municipal-de-aracaju\/","name":"C\u00e2mara Municipal de Aracaju: Hist\u00f3ria, Vereadores, Concurso, Endere\u00e7o","isPartOf":{"@id":"https:\/\/www.encontraaracaju.com.br\/sobre\/#website"},"primaryImageOfPage":{"@id":"https:\/\/www.encontraaracaju.com.br\/sobre\/camara-municipal-de-aracaju\/#primaryimage"},"image":{"@id":"https:\/\/www.encontraaracaju.com.br\/sobre\/camara-municipal-de-aracaju\/#primaryimage"},"thumbnailUrl":"https:\/\/www.encontraaracaju.com.br\/sobre\/wp-content\/uploads\/2019\/07\/camara-municipal-aracaju.gif","datePublished":"2019-07-22T16:20:17+00:00","dateModified":"2022-12-01T14:48:10+00:00","description":"Veja sobre a ( C\u00e2mara Municipal em Aracaju ) - Informa\u00e7\u00f5es, hist\u00f3ria, vereadores, concurso, hor\u00e1rio de funcionamento, endere\u00e7o e telefone. CLIQUE AQUI!","breadcrumb":{"@id":"https:\/\/www.encontraaracaju.com.br\/sobre\/camara-municipal-de-aracaju\/#breadcrumb"},"inLanguage":"pt-BR","potentialAction":[{"@type":"ReadAction","target":["https:\/\/www.encontraaracaju.com.br\/sobre\/camara-municipal-de-aracaju\/"]}]},{"@type":"ImageObject","inLanguage":"pt-BR","@id":"https:\/\/www.encontraaracaju.com.br\/sobre\/camara-municipal-de-aracaju\/#primaryimage","url":"https:\/\/www.encontraaracaju.com.br\/sobre\/wp-content\/uploads\/2019\/07\/camara-municipal-aracaju.gif","contentUrl":"https:\/\/www.encontraaracaju.com.br\/sobre\/wp-content\/uploads\/2019\/07\/camara-municipal-aracaju.gif","width":680,"height":189},{"@type":"BreadcrumbList","@id":"https:\/\/www.encontraaracaju.com.br\/sobre\/camara-municipal-de-aracaju\/#breadcrumb","itemListElement":[{"@type":"ListItem","position":1,"name":"In\u00edcio","item":"https:\/\/www.encontraaracaju.com.br\/sobre\/"},{"@type":"ListItem","position":2,"name":"C\u00e2mara Municipal de Aracaju"}]},{"@type":"WebSite","@id":"https:\/\/www.encontraaracaju.com.br\/sobre\/#website","url":"https:\/\/www.encontraaracaju.com.br\/sobre\/","name":"Encontra Aracaju","description":"Not\u00edcias, eventos, informa\u00e7\u00f5es e dicas na cidade Aracaju e regi\u00e3o.","potentialAction":[{"@type":"SearchAction","target":{"@type":"EntryPoint","urlTemplate":"https:\/\/www.encontraaracaju.com.br\/sobre\/?s={search_term_string}"},"query-input":{"@type":"PropertyValueSpecification","valueRequired":true,"valueName":"search_term_string"}}],"inLanguage":"pt-BR"}]}},"_links":{"self":[{"href":"https:\/\/www.encontraaracaju.com.br\/sobre\/wp-json\/wp\/v2\/pages\/833","targetHints":{"allow":["GET"]}}],"collection":[{"href":"https:\/\/www.encontraaracaju.com.br\/sobre\/wp-json\/wp\/v2\/pages"}],"about":[{"href":"https:\/\/www.encontraaracaju.com.br\/sobre\/wp-json\/wp\/v2\/types\/page"}],"author":[{"embeddable":true,"href":"https:\/\/www.encontraaracaju.com.br\/sobre\/wp-json\/wp\/v2\/users\/1"}],"replies":[{"embeddable":true,"href":"https:\/\/www.encontraaracaju.com.br\/sobre\/wp-json\/wp\/v2\/comments?post=833"}],"version-history":[{"count":0,"href":"https:\/\/www.encontraaracaju.com.br\/sobre\/wp-json\/wp\/v2\/pages\/833\/revisions"}],"wp:attachment":[{"href":"https:\/\/www.encontraaracaju.com.br\/sobre\/wp-json\/wp\/v2\/media?parent=833"}],"curies":[{"name":"wp","href":"https:\/\/api.w.org\/{rel}","templated":true}]}}