{"id":817,"date":"2019-07-22T05:05:41","date_gmt":"2019-07-22T08:05:41","guid":{"rendered":"https:\/\/www.encontraaracaju.com.br\/sobre\/?page_id=817"},"modified":"2019-07-22T05:09:27","modified_gmt":"2019-07-22T08:09:27","slug":"senai-aracaju","status":"publish","type":"page","link":"https:\/\/www.encontraaracaju.com.br\/sobre\/senai-aracaju\/","title":{"rendered":"Senai Aracaju"},"content":{"rendered":"<div class=\"0de350683d360aa04277a39db0bae410\" data-index=\"1\" style=\"float: none; margin:0px;\">\n<!-- Anuncio display - global -->\r\n<ins class=\"adsbygoogle\"\r\n     style=\"display:block\"\r\n     data-ad-client=\"ca-pub-8585364105181520\"\r\n     data-ad-slot=\"8789329856\"\r\n     data-ad-format=\"auto\"\r\n     data-full-width-responsive=\"true\"><\/ins>\r\n<script>\r\n     (adsbygoogle = window.adsbygoogle || []).push({});\r\n<\/script>\n<\/div>\n<p>Criado em 1942, o <strong>SENAI Aracaju<\/strong> \u00e9, hoje, um dos mais importantes polos nacionais de gera\u00e7\u00e3o e difus\u00e3o de conhecimento aplicado ao desenvolvimento industrial.<\/p>\n<p>Parte integrante do Sistema Confedera\u00e7\u00e3o Nacional da Ind\u00fastria, o SENAI atende 15 \u00e1reas por meio da forma\u00e7\u00e3o de seus recursos humanos e da presta\u00e7\u00e3o de servi\u00e7os como assist\u00eancia ao processo produtivo, servi\u00e7os de laborat\u00f3rio, pesquisa aplicada e informa\u00e7\u00e3o tecnol\u00f3gica.<\/p>\n<p><img loading=\"lazy\" decoding=\"async\" class=\"alignnone wp-image-818 size-full\" title=\"Senai Aracaju\" src=\"https:\/\/www.encontraaracaju.com.br\/sobre\/wp-content\/uploads\/2019\/07\/senai-joao-pesoa.gif\" alt=\"Senai Aracaju\" width=\"680\" height=\"189\" \/><\/p>\n<p>A flexibilidade de sua estrutura \u00e9 um dos diferenciais com o qual o SENAI conta para cumprir sua miss\u00e3o. Gra\u00e7as a ela, o SENAI \u00e9 o maior complexo de educa\u00e7\u00e3o profissional da Am\u00e9rica Latina, oferecendo atendimento adequado \u00e0s diferentes necessidades locais e contribuindo para o fortalecimento da ind\u00fastria e o desenvolvimento pleno e sustent\u00e1vel do pa\u00eds.<\/p>\n<p>A marca do SENAI est\u00e1 intimamente ligada \u00e0 ideia de planejamento e a\u00e7\u00e3o. A\u00e7\u00e3o que acompanha a evolu\u00e7\u00e3o dos tempos, disseminando a cultura da Qualidade, Produtividade e Foco no Cliente. Esta viv\u00eancia integra a aprendizagem organizacional, o planejamento e a criatividade, como forma de alcan\u00e7ar a excel\u00eancia em todos os n\u00edveis, e oferecer \u00e0 sociedade um novo modelo de Educa\u00e7\u00e3o Profissional, Servi\u00e7os de Tecnologia e Inova\u00e7\u00e3o.<\/p>\n<p>O SENAI faz parte da hist\u00f3ria de Sergipe desde 1945, quando inaugurou seu primeiro Centro de Forma\u00e7\u00e3o Profissional em Aracaju, hoje CET \u201cCoelho e Campos\u201d, contribuindo decisivamente para a forma\u00e7\u00e3o profissional de v\u00e1rias gera\u00e7\u00f5es e para a industrializa\u00e7\u00e3o no estado. Em 1946, o SENAI inicia o processo de interioriza\u00e7\u00e3o inaugurando a Escola T\u00eaxtil de Est\u00e2ncia, buscando atender a regi\u00e3o Centro-Sul do estado que despontava como polo industrial. Ampliou sua atua\u00e7\u00e3o ao longo do tempo, tornando-se um Centro de Educa\u00e7\u00e3o e Tecnologia atendendo a diversos segmentos de mercado, em seguida, inaugurou Centros de Treinamento nas cidades de Boquim e Ne\u00f3polis e disponibilizou Unidades M\u00f3veis para atendimento \u00e0s demais regi\u00f5es, mas hoje, em fun\u00e7\u00e3o da nova estrutura organizacional, foram desativados, exceto as Unidades M\u00f3veis que ficaram sob a supervis\u00e3o da SCM (Supervis\u00e3o Compartilhada das A\u00e7\u00f5es Moveis), bem como todas as demandas extra carretas, atendidas fora das demais unidades operacionais.<\/p>\n<p>A moderniza\u00e7\u00e3o dos meios de comunica\u00e7\u00e3o trouxe grandes mudan\u00e7as para o cen\u00e1rio mundial. A globaliza\u00e7\u00e3o exige das empresas um novo modelo operacional de gerenciamento, para atender a um mercado altamente competitivo. E, mais uma vez, o SENAI se enquadra em seu tempo.<\/p>\n<p>Para fazer frente a essa nova realidade foi criado em 1983, o Centro de Educa\u00e7\u00e3o Profissional \u201cAlbano Franco\u201d, no Distrito Industrial de Aracaju, com uma oferta diferenciada de cursos para as empresas que utilizam a tecnologia da automa\u00e7\u00e3o industrial. Em 1995, oferece aos clientes da Ind\u00fastria da Constru\u00e7\u00e3o Civil modernas Instala\u00e7\u00f5es e Laborat\u00f3rios, atrav\u00e9s da cria\u00e7\u00e3o do Centro Integrado da Constru\u00e7\u00e3o Civil, buscando fortalecer o crescimento e moderniza\u00e7\u00e3o do segmento industrial no Estado. Atualmente este centro encontra-se integrado \u00e0 unidade operacional, Centro de Educa\u00e7\u00e3o Profissional \u201cAlbano Franco\u201d sob a mesma supervis\u00e3o, bem como coordenada pela SSE, supervis\u00e3o de servi\u00e7os educacionais.<\/p>\n<h2>Senai Aracaju Cursos<\/h2>\n<p>Os <em>Cursos<\/em> T\u00e9cnicos do Senai Sergipe preparam jovens para trabalhar nas mais diversas \u00e1reas tecnol\u00f3gicas do ramo industrial. \u00c9 a oportunidade que eles t\u00eam de adquirir uma forma\u00e7\u00e3o t\u00e9cnica profissionalizante de n\u00edvel m\u00e9dio.\u00a0Proporcionar educa\u00e7\u00e3o e preparar para o exerc\u00edcio de uma profiss\u00e3o \u00e9 um cuidado que o Senai-SE tem. Por isso, al\u00e9m de uma forma\u00e7\u00e3o s\u00f3lida, os alunos, ao conclu\u00edrem o curso, recebem o diploma de habilita\u00e7\u00e3o profissional de t\u00e9cnico.<\/p>\n<p>Cursos T\u00e9cnicos:<\/p>\n<ul>\n<li>T\u00e9cnico em Automa\u00e7\u00e3o Industrial<\/li>\n<li>T\u00e9cnico em Administra\u00e7\u00e3o<\/li>\n<li>T\u00e9cnico em Desenvolvimento de Sistemas<\/li>\n<li>T\u00e9cnico em Edifica\u00e7\u00f5es<\/li>\n<li>T\u00e9cnico em Eletroeletr\u00f4nica<\/li>\n<li>T\u00e9cnico em Eletromec\u00e2nica<\/li>\n<li>T\u00e9cnico em Inform\u00e1tica<\/li>\n<li>T\u00e9cnico em Log\u00edstica<\/li>\n<li>T\u00e9cnico em Mec\u00e2nica<\/li>\n<li>T\u00e9cnico em Manuten\u00e7\u00e3o e Suporte em Inform\u00e1tica<\/li>\n<li>T\u00e9cnico em Petr\u00f3leo e G\u00e1s<\/li>\n<li>T\u00e9cnico em Redes de Computadores<\/li>\n<\/ul>\n<p>Cursos T\u00e9cnicos Integrados ao Ensino M\u00e9dio:<\/p>\n<ul>\n<li>T\u00e9cnico em Log\u00edstica<\/li>\n<li>T\u00e9cnico em Eletrot\u00e9cnica<\/li>\n<li>T\u00e9cnico em Desenvolvimento de Sistemas<\/li>\n<\/ul>\n<h3>Cursos Gratuitos Senai Aracaju<\/h3>\n<p>O Senai\u00a0Curitiba oferece aos interessados\u00a0<em>bolsas de estudos<\/em>. S\u00e3o elas: parciais ou integrais nos cursos de:<\/p>\n<ul>\n<li>Nos cursos de Aprendizagem Industrial e T\u00e9cnico, as bolsas s\u00e3o sempre integrais.<\/li>\n<li>No Curso Superior (Gradua\u00e7\u00e3o), podem ser concedidas bolsas parciais.<\/li>\n<li>Em cursos livres com mais de 160 horas, podem ser concedidas bolsas integrais.<\/li>\n<\/ul>\n<section id=\"requisitos\"><strong>Para se inscrever, \u00e9 preciso:<\/strong><\/p>\n<ul>\n<li>Ter 18 anos ou mais, na data de in\u00edcio do curso;<\/li>\n<li>N\u00e3o ser bolsista em outro curso no SENAI-SP;<\/li>\n<li>Atender aos requisitos para ingresso no curso escolhido.<\/li>\n<\/ul>\n<header>Ap\u00f3s a inscri\u00e7\u00e3o dos candidatos, caso o n\u00famero de inscritos supere o total de vagas, haver\u00e1 classifica\u00e7\u00e3o com base em:<\/p>\n<ul>\n<li>Situa\u00e7\u00e3o de emprego, em que ter\u00e1 prioridade o candidato desempregado;<\/li>\n<li>Grau de escolaridade, em que ter\u00e1 prioridade quem cursou, no m\u00e1ximo, o ensino m\u00e9dio. A prefer\u00eancia \u00e9 ter conclu\u00eddo o ensino m\u00e9dio, em seguida quem est\u00e1 cursando o ensino m\u00e9dio, at\u00e9 chegar \u00e0 escolaridade m\u00ednima prevista como requisito para realizar o curso;<\/li>\n<li>Renda, em que ter\u00e1 prioridade os de menor renda per capita. A renda per capita \u00e9 calculada a partir dos rendimentos e do n\u00famero de pessoas da fam\u00edlia, que moram com o candidato.<\/li>\n<\/ul>\n<\/header>\n<\/section>\n<h3>Hor\u00e1rio de Funcionamento Senai em Aracaju<\/h3>\n<ul>\n<li>Segunda a Sexta das 07h \u00e0s 11h e das 13h \u00e0s 17h<\/li>\n<\/ul>\n<h3>Endere\u00e7o e Telefone Senai em\u00a0Aracaju<\/h3>\n<ul>\n<li><strong>Centro:<\/strong> Rua Propri\u00e1, 201 &#8211; Telefone: (79) 3226-7223<\/li>\n<li><strong>In\u00e1cio Barbosa:<\/strong> Av. Presidente Neves, 2001 &#8211; Telefone: (79) 3249-7498<\/li>\n<li><strong>Am\u00e9rica:<\/strong> Av. Presidente Tancredo Neves, 5600 &#8211; Telefone: (79) 3249-7498<\/li>\n<\/ul>\n<h4>Outras informa\u00e7\u00f5es e site<\/h4>\n<ul>\n<li>Mais informa\u00e7\u00f5es:\u00a0<a href=\"http:\/\/www.se.senai.br\/\" target=\"_blank\" rel=\"noopener noreferrer\">www.se.senai.br<\/a><\/li>\n<\/ul>\n<h4>Mapa de localiza\u00e7\u00e3o<\/h4>\n<a class=\"wp-colorbox-iframe\" href=\"https:\/\/www.google.com\/maps\/embed?pb=!1m18!1m12!1m3!1d3917.6669908559647!2d-37.05677138519805!3d-10.912892992229006!2m3!1f0!2f0!3f0!3m2!1i1024!2i768!4f13.1!3m3!1m2!1s0x71ab3710b86bf8b0x3f54a7810aafe5f8!2sR.+Propri+201+-+Centro+Aracaju+-+SE+49010-020!5e0!3m2!1spt-BR!2sbr!4v1563782649831!5m2!1spt-BR!2sbr\"><img decoding=\"async\" src=\"http:\/\/www.encontraaracaju.com.br\/imgs\/maps-post.png\"><\/a>\n\n<div style=\"font-size: 0px; height: 0px; line-height: 0px; margin: 0; padding: 0; clear: both;\"><\/div>","protected":false},"excerpt":{"rendered":"<p>Criado em 1942, o SENAI Aracaju \u00e9, hoje, um dos mais importantes polos nacionais de gera\u00e7\u00e3o e difus\u00e3o de conhecimento aplicado ao desenvolvimento industrial. Parte integrante do Sistema Confedera\u00e7\u00e3o Nacional da Ind\u00fastria, o SENAI atende 15 \u00e1reas por meio da forma\u00e7\u00e3o de seus recursos humanos e da presta\u00e7\u00e3o de servi\u00e7os como assist\u00eancia ao processo produtivo, servi\u00e7os de laborat\u00f3rio, pesquisa aplicada e informa\u00e7\u00e3o tecnol\u00f3gica. A flexibilidade de sua estrutura \u00e9 um dos diferenciais com o qual o SENAI conta para cumprir sua miss\u00e3o. Gra\u00e7as a ela, o SENAI \u00e9 o maior complexo de educa\u00e7\u00e3o profissional da Am\u00e9rica Latina, oferecendo atendimento adequado <\/p>\n","protected":false},"author":1,"featured_media":0,"parent":0,"menu_order":0,"comment_status":"closed","ping_status":"closed","template":"","meta":{"footnotes":""},"class_list":["post-817","page","type-page","status-publish","hentry"],"yoast_head":"<!-- This site is optimized with the Yoast SEO plugin v26.4 - https:\/\/yoast.com\/wordpress\/plugins\/seo\/ -->\n<title>Senai Aracaju: Cursos, Cursos Gratuitos, Endere\u00e7o, Telefone<\/title>\n<meta name=\"description\" content=\"Veja sobre o ( Senai em Aracaju ) - Informa\u00e7\u00f5es, cursos, cursos gratuitos, hor\u00e1rio de funcionamento, endere\u00e7o e telefone. CLIQUE AQUI!\" \/>\n<meta name=\"robots\" content=\"index, follow, max-snippet:-1, max-image-preview:large, max-video-preview:-1\" \/>\n<link rel=\"canonical\" href=\"https:\/\/www.encontraaracaju.com.br\/sobre\/senai-aracaju\/\" \/>\n<meta property=\"og:locale\" content=\"pt_BR\" \/>\n<meta property=\"og:type\" content=\"article\" \/>\n<meta property=\"og:title\" content=\"Senai Aracaju: Cursos, Cursos Gratuitos, Endere\u00e7o, Telefone\" \/>\n<meta property=\"og:description\" content=\"Veja sobre o ( Senai em Aracaju ) - Informa\u00e7\u00f5es, cursos, cursos gratuitos, hor\u00e1rio de funcionamento, endere\u00e7o e telefone. CLIQUE AQUI!\" \/>\n<meta property=\"og:url\" content=\"https:\/\/www.encontraaracaju.com.br\/sobre\/senai-aracaju\/\" \/>\n<meta property=\"og:site_name\" content=\"Encontra Aracaju\" \/>\n<meta property=\"article:modified_time\" content=\"2019-07-22T08:09:27+00:00\" \/>\n<meta property=\"og:image\" content=\"https:\/\/www.encontraaracaju.com.br\/sobre\/wp-content\/uploads\/2019\/07\/senai-joao-pesoa.gif\" \/>\n<meta name=\"twitter:card\" content=\"summary_large_image\" \/>\n<meta name=\"twitter:label1\" content=\"Est. tempo de leitura\" \/>\n\t<meta name=\"twitter:data1\" content=\"5 minutos\" \/>\n<script type=\"application\/ld+json\" class=\"yoast-schema-graph\">{\"@context\":\"https:\/\/schema.org\",\"@graph\":[{\"@type\":\"WebPage\",\"@id\":\"https:\/\/www.encontraaracaju.com.br\/sobre\/senai-aracaju\/\",\"url\":\"https:\/\/www.encontraaracaju.com.br\/sobre\/senai-aracaju\/\",\"name\":\"Senai Aracaju: Cursos, Cursos Gratuitos, Endere\u00e7o, Telefone\",\"isPartOf\":{\"@id\":\"https:\/\/www.encontraaracaju.com.br\/sobre\/#website\"},\"primaryImageOfPage\":{\"@id\":\"https:\/\/www.encontraaracaju.com.br\/sobre\/senai-aracaju\/#primaryimage\"},\"image\":{\"@id\":\"https:\/\/www.encontraaracaju.com.br\/sobre\/senai-aracaju\/#primaryimage\"},\"thumbnailUrl\":\"https:\/\/www.encontraaracaju.com.br\/sobre\/wp-content\/uploads\/2019\/07\/senai-joao-pesoa.gif\",\"datePublished\":\"2019-07-22T08:05:41+00:00\",\"dateModified\":\"2019-07-22T08:09:27+00:00\",\"description\":\"Veja sobre o ( Senai em Aracaju ) - Informa\u00e7\u00f5es, cursos, cursos gratuitos, hor\u00e1rio de funcionamento, endere\u00e7o e telefone. CLIQUE AQUI!\",\"breadcrumb\":{\"@id\":\"https:\/\/www.encontraaracaju.com.br\/sobre\/senai-aracaju\/#breadcrumb\"},\"inLanguage\":\"pt-BR\",\"potentialAction\":[{\"@type\":\"ReadAction\",\"target\":[\"https:\/\/www.encontraaracaju.com.br\/sobre\/senai-aracaju\/\"]}]},{\"@type\":\"ImageObject\",\"inLanguage\":\"pt-BR\",\"@id\":\"https:\/\/www.encontraaracaju.com.br\/sobre\/senai-aracaju\/#primaryimage\",\"url\":\"https:\/\/www.encontraaracaju.com.br\/sobre\/wp-content\/uploads\/2019\/07\/senai-joao-pesoa.gif\",\"contentUrl\":\"https:\/\/www.encontraaracaju.com.br\/sobre\/wp-content\/uploads\/2019\/07\/senai-joao-pesoa.gif\",\"width\":680,\"height\":189},{\"@type\":\"BreadcrumbList\",\"@id\":\"https:\/\/www.encontraaracaju.com.br\/sobre\/senai-aracaju\/#breadcrumb\",\"itemListElement\":[{\"@type\":\"ListItem\",\"position\":1,\"name\":\"In\u00edcio\",\"item\":\"https:\/\/www.encontraaracaju.com.br\/sobre\/\"},{\"@type\":\"ListItem\",\"position\":2,\"name\":\"Senai Aracaju\"}]},{\"@type\":\"WebSite\",\"@id\":\"https:\/\/www.encontraaracaju.com.br\/sobre\/#website\",\"url\":\"https:\/\/www.encontraaracaju.com.br\/sobre\/\",\"name\":\"Encontra Aracaju\",\"description\":\"Not\u00edcias, eventos, informa\u00e7\u00f5es e dicas na cidade Aracaju e regi\u00e3o.\",\"potentialAction\":[{\"@type\":\"SearchAction\",\"target\":{\"@type\":\"EntryPoint\",\"urlTemplate\":\"https:\/\/www.encontraaracaju.com.br\/sobre\/?s={search_term_string}\"},\"query-input\":{\"@type\":\"PropertyValueSpecification\",\"valueRequired\":true,\"valueName\":\"search_term_string\"}}],\"inLanguage\":\"pt-BR\"}]}<\/script>\n<!-- \/ Yoast SEO plugin. -->","yoast_head_json":{"title":"Senai Aracaju: Cursos, Cursos Gratuitos, Endere\u00e7o, Telefone","description":"Veja sobre o ( Senai em Aracaju ) - Informa\u00e7\u00f5es, cursos, cursos gratuitos, hor\u00e1rio de funcionamento, endere\u00e7o e telefone. CLIQUE AQUI!","robots":{"index":"index","follow":"follow","max-snippet":"max-snippet:-1","max-image-preview":"max-image-preview:large","max-video-preview":"max-video-preview:-1"},"canonical":"https:\/\/www.encontraaracaju.com.br\/sobre\/senai-aracaju\/","og_locale":"pt_BR","og_type":"article","og_title":"Senai Aracaju: Cursos, Cursos Gratuitos, Endere\u00e7o, Telefone","og_description":"Veja sobre o ( Senai em Aracaju ) - Informa\u00e7\u00f5es, cursos, cursos gratuitos, hor\u00e1rio de funcionamento, endere\u00e7o e telefone. CLIQUE AQUI!","og_url":"https:\/\/www.encontraaracaju.com.br\/sobre\/senai-aracaju\/","og_site_name":"Encontra Aracaju","article_modified_time":"2019-07-22T08:09:27+00:00","og_image":[{"url":"https:\/\/www.encontraaracaju.com.br\/sobre\/wp-content\/uploads\/2019\/07\/senai-joao-pesoa.gif","type":"","width":"","height":""}],"twitter_card":"summary_large_image","twitter_misc":{"Est. tempo de leitura":"5 minutos"},"schema":{"@context":"https:\/\/schema.org","@graph":[{"@type":"WebPage","@id":"https:\/\/www.encontraaracaju.com.br\/sobre\/senai-aracaju\/","url":"https:\/\/www.encontraaracaju.com.br\/sobre\/senai-aracaju\/","name":"Senai Aracaju: Cursos, Cursos Gratuitos, Endere\u00e7o, Telefone","isPartOf":{"@id":"https:\/\/www.encontraaracaju.com.br\/sobre\/#website"},"primaryImageOfPage":{"@id":"https:\/\/www.encontraaracaju.com.br\/sobre\/senai-aracaju\/#primaryimage"},"image":{"@id":"https:\/\/www.encontraaracaju.com.br\/sobre\/senai-aracaju\/#primaryimage"},"thumbnailUrl":"https:\/\/www.encontraaracaju.com.br\/sobre\/wp-content\/uploads\/2019\/07\/senai-joao-pesoa.gif","datePublished":"2019-07-22T08:05:41+00:00","dateModified":"2019-07-22T08:09:27+00:00","description":"Veja sobre o ( Senai em Aracaju ) - Informa\u00e7\u00f5es, cursos, cursos gratuitos, hor\u00e1rio de funcionamento, endere\u00e7o e telefone. CLIQUE AQUI!","breadcrumb":{"@id":"https:\/\/www.encontraaracaju.com.br\/sobre\/senai-aracaju\/#breadcrumb"},"inLanguage":"pt-BR","potentialAction":[{"@type":"ReadAction","target":["https:\/\/www.encontraaracaju.com.br\/sobre\/senai-aracaju\/"]}]},{"@type":"ImageObject","inLanguage":"pt-BR","@id":"https:\/\/www.encontraaracaju.com.br\/sobre\/senai-aracaju\/#primaryimage","url":"https:\/\/www.encontraaracaju.com.br\/sobre\/wp-content\/uploads\/2019\/07\/senai-joao-pesoa.gif","contentUrl":"https:\/\/www.encontraaracaju.com.br\/sobre\/wp-content\/uploads\/2019\/07\/senai-joao-pesoa.gif","width":680,"height":189},{"@type":"BreadcrumbList","@id":"https:\/\/www.encontraaracaju.com.br\/sobre\/senai-aracaju\/#breadcrumb","itemListElement":[{"@type":"ListItem","position":1,"name":"In\u00edcio","item":"https:\/\/www.encontraaracaju.com.br\/sobre\/"},{"@type":"ListItem","position":2,"name":"Senai Aracaju"}]},{"@type":"WebSite","@id":"https:\/\/www.encontraaracaju.com.br\/sobre\/#website","url":"https:\/\/www.encontraaracaju.com.br\/sobre\/","name":"Encontra Aracaju","description":"Not\u00edcias, eventos, informa\u00e7\u00f5es e dicas na cidade Aracaju e regi\u00e3o.","potentialAction":[{"@type":"SearchAction","target":{"@type":"EntryPoint","urlTemplate":"https:\/\/www.encontraaracaju.com.br\/sobre\/?s={search_term_string}"},"query-input":{"@type":"PropertyValueSpecification","valueRequired":true,"valueName":"search_term_string"}}],"inLanguage":"pt-BR"}]}},"_links":{"self":[{"href":"https:\/\/www.encontraaracaju.com.br\/sobre\/wp-json\/wp\/v2\/pages\/817","targetHints":{"allow":["GET"]}}],"collection":[{"href":"https:\/\/www.encontraaracaju.com.br\/sobre\/wp-json\/wp\/v2\/pages"}],"about":[{"href":"https:\/\/www.encontraaracaju.com.br\/sobre\/wp-json\/wp\/v2\/types\/page"}],"author":[{"embeddable":true,"href":"https:\/\/www.encontraaracaju.com.br\/sobre\/wp-json\/wp\/v2\/users\/1"}],"replies":[{"embeddable":true,"href":"https:\/\/www.encontraaracaju.com.br\/sobre\/wp-json\/wp\/v2\/comments?post=817"}],"version-history":[{"count":0,"href":"https:\/\/www.encontraaracaju.com.br\/sobre\/wp-json\/wp\/v2\/pages\/817\/revisions"}],"wp:attachment":[{"href":"https:\/\/www.encontraaracaju.com.br\/sobre\/wp-json\/wp\/v2\/media?parent=817"}],"curies":[{"name":"wp","href":"https:\/\/api.w.org\/{rel}","templated":true}]}}