{"id":812,"date":"2019-07-22T04:33:12","date_gmt":"2019-07-22T07:33:12","guid":{"rendered":"https:\/\/www.encontraaracaju.com.br\/sobre\/?page_id=812"},"modified":"2019-07-22T04:34:22","modified_gmt":"2019-07-22T07:34:22","slug":"receita-federal-aracaju","status":"publish","type":"page","link":"https:\/\/www.encontraaracaju.com.br\/sobre\/receita-federal-aracaju\/","title":{"rendered":"Receita Federal Aracaju"},"content":{"rendered":"<div class=\"0de350683d360aa04277a39db0bae410\" data-index=\"1\" style=\"float: none; margin:0px;\">\n<!-- Anuncio display - global -->\r\n<ins class=\"adsbygoogle\"\r\n     style=\"display:block\"\r\n     data-ad-client=\"ca-pub-8585364105181520\"\r\n     data-ad-slot=\"8789329856\"\r\n     data-ad-format=\"auto\"\r\n     data-full-width-responsive=\"true\"><\/ins>\r\n<script>\r\n     (adsbygoogle = window.adsbygoogle || []).push({});\r\n<\/script>\n<\/div>\n<p class=\" \">A\u00a0<strong>Receita Federal Aracaju<\/strong>\u00a0\u00e9 um \u00f3rg\u00e3o espec\u00edfico, singular, subordinado ao Minist\u00e9rio da Fazenda, exercendo fun\u00e7\u00f5es essenciais para que o Estado possa cumprir seus objetivos.<\/p>\n<p class=\" \">\u00c9 respons\u00e1vel pela administra\u00e7\u00e3o dos tributos de compet\u00eancia da Uni\u00e3o, inclusive os previdenci\u00e1rios, e aqueles incidentes sobre o com\u00e9rcio exterior, abrangendo parte significativa das contribui\u00e7\u00f5es sociais do Pa\u00eds.<\/p>\n<p><img loading=\"lazy\" decoding=\"async\" class=\"alignnone wp-image-813 size-full\" title=\"Receita Federal Aracaju\" src=\"https:\/\/www.encontraaracaju.com.br\/sobre\/wp-content\/uploads\/2019\/07\/receita-federal-aracaju.gif\" alt=\"Receita Federal Aracaju\" width=\"680\" height=\"189\" \/><\/p>\n<p>A\u00a0Receita Federal tamb\u00e9m subsidia o Poder Executivo Federal na formula\u00e7\u00e3o da pol\u00edtica tribut\u00e1ria brasileira, previne e combate a sonega\u00e7\u00e3o fiscal, o contrabando, o descaminho, a pirataria, a fraude comercial, o tr\u00e1fico de drogas e de animais em extin\u00e7\u00e3o e outros atos il\u00edcitos relacionados ao com\u00e9rcio internacional.<\/p>\n<p>Se o atendimento for destinado \u00e0 pessoa jur\u00eddica, \u00e9 necess\u00e1rio que o contribuinte realize um agendamento no site da\u00a0<em>Receita Federal<\/em>. No caso de pessoas f\u00edsicas, \u00e9 feita uma distribui\u00e7\u00e3o de senhas na pr\u00f3pria unidade, sendo que a triagem \u00e9 realizada at\u00e9 as 18h30, respeitando o limite de atendimento.<\/p>\n<h2>Receita Federal Aracaju Servi\u00e7os<\/h2>\n<p><em>Alguns dos servi\u00e7os prestados pelas Receita Federal<\/em><\/p>\n<ul>\n<li>Certid\u00e3o Negativa, relativa a tributos e contribui\u00e7\u00f5es federais;<\/li>\n<li>Parcelamento de d\u00e9bitos de natureza tribut\u00e1ria;<\/li>\n<li>Inscri\u00e7\u00e3o no CPF \u2013 Cadastro de Pessoas F\u00edsicas;<\/li>\n<li>Inscri\u00e7\u00e3o no CGC \u2013 Cadastro Geral de Contribuintes;<\/li>\n<li>Preenchimento de guias para recolhimento de tributos e contribui\u00e7\u00f5es federais;<\/li>\n<li>C\u00e1lculo de multas e acr\u00e9scimos legais;<\/li>\n<li>Entrega de declara\u00e7\u00f5es e de outras obriga\u00e7\u00f5es acess\u00f3rias;<\/li>\n<li>C\u00f3pias e segundas vias de documentos diversos;<\/li>\n<li>Isen\u00e7\u00e3o de IPI na aquisi\u00e7\u00e3o de ve\u00edculos para t\u00e1xi ou para uso de deficientes f\u00edsicos;<\/li>\n<li>Regulariza\u00e7\u00e3o de situa\u00e7\u00e3o fiscal;<\/li>\n<li>Orienta\u00e7\u00e3o sobre a aplica\u00e7\u00e3o da legisla\u00e7\u00e3o tribut\u00e1ria, pessoalmente ou por telefone;<\/li>\n<li>Informa\u00e7\u00f5es gerais.<\/li>\n<\/ul>\n<h3>Receita Federal Aracaju Agendamento<\/h3>\n<p>A Receita Federal oferece servi\u00e7os que podem ser realizados pela internet, se n\u00e3o for esse o seu caso acesse o site na aba de\u00a0<em>agendamento\u00a0<\/em>\u00a0<a href=\"https:\/\/www.receita.fazenda.gov.br\/Aplicacoes\/SSL\/ATBHE\/SAGA\/defaultsemcertrecaptcha.aspx\" target=\"_blank\" rel=\"noopener noreferrer\">www.receita.fazenda.gov.br<\/a>\u00a0e siga as instru\u00e7\u00f5es.<\/p>\n<h3>Receita Federal\u00a0 Aracaju Vagas<\/h3>\n<p>A Receita Federal admite\u00a0<em>funcion\u00e1rios<\/em>\u00a0por meio de concurso p\u00fablico. Fique atento ao site e para n\u00e3o perder a abertura dos editais, inscri\u00e7\u00f5es e provas.<\/p>\n<h3>Hor\u00e1rio de Funcionamento Receita Federal Aracaju<\/h3>\n<ul>\n<li>Segunda a Sexta das 07h \u00e0s 13h<\/li>\n<\/ul>\n<h3>Endere\u00e7o e Telefone Receita Federal Aracaju<\/h3>\n<ul>\n<li>R. Paulo Henrique Machado P\u00edmentel, 140 &#8211; In\u00e1cio Barbosa &#8211; Aracaju &#8211; SE<\/li>\n<li>Telefone: (79) 2105-3100<\/li>\n<\/ul>\n<h4>Outras informa\u00e7\u00f5es e site:<\/h4>\n<ul>\n<li>Mais informa\u00e7\u00f5es:\u00a0<a href=\"http:\/\/www.receita.fazenda.gov.br\/\" target=\"_blank\" rel=\"noopener noreferrer\">www.receita.fazenda.gov.br<\/a><\/li>\n<li>CNPJ\u00a0n.\u00ba 00.394.460\/0092-89<\/li>\n<\/ul>\n<h4>Mapa de localiza\u00e7\u00e3o Boa Vista<\/h4>\n<a class=\"wp-colorbox-iframe\" href=\"https:\/\/www.google.com\/maps\/embed?pb=!1m14!1m8!1m3!1d15668.627343251595!2d-37.073519!3d-10.951523!3m2!1i1024!2i768!4f13.1!3m3!1m2!1s0x00xc8ea2797d79fe166!2sDelegacia+da+Receita+Federal+em+Aracaju!5e0!3m2!1spt-BR!2sbr!4v1563780423199!5m2!1spt-BR!2sbr\"><img decoding=\"async\" src=\"http:\/\/www.encontraaracaju.com.br\/imgs\/maps-post.png\"><\/a>\n\n<div style=\"font-size: 0px; height: 0px; line-height: 0px; margin: 0; padding: 0; clear: both;\"><\/div>","protected":false},"excerpt":{"rendered":"<p>A\u00a0Receita Federal Aracaju\u00a0\u00e9 um \u00f3rg\u00e3o espec\u00edfico, singular, subordinado ao Minist\u00e9rio da Fazenda, exercendo fun\u00e7\u00f5es essenciais para que o Estado possa cumprir seus objetivos. \u00c9 respons\u00e1vel pela administra\u00e7\u00e3o dos tributos de compet\u00eancia da Uni\u00e3o, inclusive os previdenci\u00e1rios, e aqueles incidentes sobre o com\u00e9rcio exterior, abrangendo parte significativa das contribui\u00e7\u00f5es sociais do Pa\u00eds. A\u00a0Receita Federal tamb\u00e9m subsidia o Poder Executivo Federal na formula\u00e7\u00e3o da pol\u00edtica tribut\u00e1ria brasileira, previne e combate a sonega\u00e7\u00e3o fiscal, o contrabando, o descaminho, a pirataria, a fraude comercial, o tr\u00e1fico de drogas e de animais em extin\u00e7\u00e3o e outros atos il\u00edcitos relacionados ao com\u00e9rcio internacional. Se o atendimento <\/p>\n","protected":false},"author":1,"featured_media":0,"parent":0,"menu_order":0,"comment_status":"closed","ping_status":"closed","template":"","meta":{"footnotes":""},"class_list":["post-812","page","type-page","status-publish","hentry"],"yoast_head":"<!-- This site is optimized with the Yoast SEO plugin v26.4 - https:\/\/yoast.com\/wordpress\/plugins\/seo\/ -->\n<title>Receita Federal Aracaju: Servi\u00e7os, Agendamento, Vagas, Endere\u00e7o<\/title>\n<meta name=\"description\" content=\"Veja sobre a ( Receita Federal em Aracaju ) - Informa\u00e7\u00f5es, servi\u00e7os, agendamento, vagas, hor\u00e1rio de funcionamento, endere\u00e7o e telefone. CLIQUE AQUI!\" \/>\n<meta name=\"robots\" content=\"index, follow, max-snippet:-1, max-image-preview:large, max-video-preview:-1\" \/>\n<link rel=\"canonical\" href=\"https:\/\/www.encontraaracaju.com.br\/sobre\/receita-federal-aracaju\/\" \/>\n<meta property=\"og:locale\" content=\"pt_BR\" \/>\n<meta property=\"og:type\" content=\"article\" \/>\n<meta property=\"og:title\" content=\"Receita Federal Aracaju: Servi\u00e7os, Agendamento, Vagas, Endere\u00e7o\" \/>\n<meta property=\"og:description\" content=\"Veja sobre a ( Receita Federal em Aracaju ) - Informa\u00e7\u00f5es, servi\u00e7os, agendamento, vagas, hor\u00e1rio de funcionamento, endere\u00e7o e telefone. CLIQUE AQUI!\" \/>\n<meta property=\"og:url\" content=\"https:\/\/www.encontraaracaju.com.br\/sobre\/receita-federal-aracaju\/\" \/>\n<meta property=\"og:site_name\" content=\"Encontra Aracaju\" \/>\n<meta property=\"article:modified_time\" content=\"2019-07-22T07:34:22+00:00\" \/>\n<meta property=\"og:image\" content=\"https:\/\/www.encontraaracaju.com.br\/sobre\/wp-content\/uploads\/2019\/07\/receita-federal-aracaju.gif\" \/>\n<meta name=\"twitter:card\" content=\"summary_large_image\" \/>\n<meta name=\"twitter:label1\" content=\"Est. tempo de leitura\" \/>\n\t<meta name=\"twitter:data1\" content=\"2 minutos\" \/>\n<script type=\"application\/ld+json\" class=\"yoast-schema-graph\">{\"@context\":\"https:\/\/schema.org\",\"@graph\":[{\"@type\":\"WebPage\",\"@id\":\"https:\/\/www.encontraaracaju.com.br\/sobre\/receita-federal-aracaju\/\",\"url\":\"https:\/\/www.encontraaracaju.com.br\/sobre\/receita-federal-aracaju\/\",\"name\":\"Receita Federal Aracaju: Servi\u00e7os, Agendamento, Vagas, Endere\u00e7o\",\"isPartOf\":{\"@id\":\"https:\/\/www.encontraaracaju.com.br\/sobre\/#website\"},\"primaryImageOfPage\":{\"@id\":\"https:\/\/www.encontraaracaju.com.br\/sobre\/receita-federal-aracaju\/#primaryimage\"},\"image\":{\"@id\":\"https:\/\/www.encontraaracaju.com.br\/sobre\/receita-federal-aracaju\/#primaryimage\"},\"thumbnailUrl\":\"https:\/\/www.encontraaracaju.com.br\/sobre\/wp-content\/uploads\/2019\/07\/receita-federal-aracaju.gif\",\"datePublished\":\"2019-07-22T07:33:12+00:00\",\"dateModified\":\"2019-07-22T07:34:22+00:00\",\"description\":\"Veja sobre a ( Receita Federal em Aracaju ) - Informa\u00e7\u00f5es, servi\u00e7os, agendamento, vagas, hor\u00e1rio de funcionamento, endere\u00e7o e telefone. CLIQUE AQUI!\",\"breadcrumb\":{\"@id\":\"https:\/\/www.encontraaracaju.com.br\/sobre\/receita-federal-aracaju\/#breadcrumb\"},\"inLanguage\":\"pt-BR\",\"potentialAction\":[{\"@type\":\"ReadAction\",\"target\":[\"https:\/\/www.encontraaracaju.com.br\/sobre\/receita-federal-aracaju\/\"]}]},{\"@type\":\"ImageObject\",\"inLanguage\":\"pt-BR\",\"@id\":\"https:\/\/www.encontraaracaju.com.br\/sobre\/receita-federal-aracaju\/#primaryimage\",\"url\":\"https:\/\/www.encontraaracaju.com.br\/sobre\/wp-content\/uploads\/2019\/07\/receita-federal-aracaju.gif\",\"contentUrl\":\"https:\/\/www.encontraaracaju.com.br\/sobre\/wp-content\/uploads\/2019\/07\/receita-federal-aracaju.gif\",\"width\":680,\"height\":189},{\"@type\":\"BreadcrumbList\",\"@id\":\"https:\/\/www.encontraaracaju.com.br\/sobre\/receita-federal-aracaju\/#breadcrumb\",\"itemListElement\":[{\"@type\":\"ListItem\",\"position\":1,\"name\":\"In\u00edcio\",\"item\":\"https:\/\/www.encontraaracaju.com.br\/sobre\/\"},{\"@type\":\"ListItem\",\"position\":2,\"name\":\"Receita Federal Aracaju\"}]},{\"@type\":\"WebSite\",\"@id\":\"https:\/\/www.encontraaracaju.com.br\/sobre\/#website\",\"url\":\"https:\/\/www.encontraaracaju.com.br\/sobre\/\",\"name\":\"Encontra Aracaju\",\"description\":\"Not\u00edcias, eventos, informa\u00e7\u00f5es e dicas na cidade Aracaju e regi\u00e3o.\",\"potentialAction\":[{\"@type\":\"SearchAction\",\"target\":{\"@type\":\"EntryPoint\",\"urlTemplate\":\"https:\/\/www.encontraaracaju.com.br\/sobre\/?s={search_term_string}\"},\"query-input\":{\"@type\":\"PropertyValueSpecification\",\"valueRequired\":true,\"valueName\":\"search_term_string\"}}],\"inLanguage\":\"pt-BR\"}]}<\/script>\n<!-- \/ Yoast SEO plugin. -->","yoast_head_json":{"title":"Receita Federal Aracaju: Servi\u00e7os, Agendamento, Vagas, Endere\u00e7o","description":"Veja sobre a ( Receita Federal em Aracaju ) - Informa\u00e7\u00f5es, servi\u00e7os, agendamento, vagas, hor\u00e1rio de funcionamento, endere\u00e7o e telefone. CLIQUE AQUI!","robots":{"index":"index","follow":"follow","max-snippet":"max-snippet:-1","max-image-preview":"max-image-preview:large","max-video-preview":"max-video-preview:-1"},"canonical":"https:\/\/www.encontraaracaju.com.br\/sobre\/receita-federal-aracaju\/","og_locale":"pt_BR","og_type":"article","og_title":"Receita Federal Aracaju: Servi\u00e7os, Agendamento, Vagas, Endere\u00e7o","og_description":"Veja sobre a ( Receita Federal em Aracaju ) - Informa\u00e7\u00f5es, servi\u00e7os, agendamento, vagas, hor\u00e1rio de funcionamento, endere\u00e7o e telefone. CLIQUE AQUI!","og_url":"https:\/\/www.encontraaracaju.com.br\/sobre\/receita-federal-aracaju\/","og_site_name":"Encontra Aracaju","article_modified_time":"2019-07-22T07:34:22+00:00","og_image":[{"url":"https:\/\/www.encontraaracaju.com.br\/sobre\/wp-content\/uploads\/2019\/07\/receita-federal-aracaju.gif","type":"","width":"","height":""}],"twitter_card":"summary_large_image","twitter_misc":{"Est. tempo de leitura":"2 minutos"},"schema":{"@context":"https:\/\/schema.org","@graph":[{"@type":"WebPage","@id":"https:\/\/www.encontraaracaju.com.br\/sobre\/receita-federal-aracaju\/","url":"https:\/\/www.encontraaracaju.com.br\/sobre\/receita-federal-aracaju\/","name":"Receita Federal Aracaju: Servi\u00e7os, Agendamento, Vagas, Endere\u00e7o","isPartOf":{"@id":"https:\/\/www.encontraaracaju.com.br\/sobre\/#website"},"primaryImageOfPage":{"@id":"https:\/\/www.encontraaracaju.com.br\/sobre\/receita-federal-aracaju\/#primaryimage"},"image":{"@id":"https:\/\/www.encontraaracaju.com.br\/sobre\/receita-federal-aracaju\/#primaryimage"},"thumbnailUrl":"https:\/\/www.encontraaracaju.com.br\/sobre\/wp-content\/uploads\/2019\/07\/receita-federal-aracaju.gif","datePublished":"2019-07-22T07:33:12+00:00","dateModified":"2019-07-22T07:34:22+00:00","description":"Veja sobre a ( Receita Federal em Aracaju ) - Informa\u00e7\u00f5es, servi\u00e7os, agendamento, vagas, hor\u00e1rio de funcionamento, endere\u00e7o e telefone. CLIQUE AQUI!","breadcrumb":{"@id":"https:\/\/www.encontraaracaju.com.br\/sobre\/receita-federal-aracaju\/#breadcrumb"},"inLanguage":"pt-BR","potentialAction":[{"@type":"ReadAction","target":["https:\/\/www.encontraaracaju.com.br\/sobre\/receita-federal-aracaju\/"]}]},{"@type":"ImageObject","inLanguage":"pt-BR","@id":"https:\/\/www.encontraaracaju.com.br\/sobre\/receita-federal-aracaju\/#primaryimage","url":"https:\/\/www.encontraaracaju.com.br\/sobre\/wp-content\/uploads\/2019\/07\/receita-federal-aracaju.gif","contentUrl":"https:\/\/www.encontraaracaju.com.br\/sobre\/wp-content\/uploads\/2019\/07\/receita-federal-aracaju.gif","width":680,"height":189},{"@type":"BreadcrumbList","@id":"https:\/\/www.encontraaracaju.com.br\/sobre\/receita-federal-aracaju\/#breadcrumb","itemListElement":[{"@type":"ListItem","position":1,"name":"In\u00edcio","item":"https:\/\/www.encontraaracaju.com.br\/sobre\/"},{"@type":"ListItem","position":2,"name":"Receita Federal Aracaju"}]},{"@type":"WebSite","@id":"https:\/\/www.encontraaracaju.com.br\/sobre\/#website","url":"https:\/\/www.encontraaracaju.com.br\/sobre\/","name":"Encontra Aracaju","description":"Not\u00edcias, eventos, informa\u00e7\u00f5es e dicas na cidade Aracaju e regi\u00e3o.","potentialAction":[{"@type":"SearchAction","target":{"@type":"EntryPoint","urlTemplate":"https:\/\/www.encontraaracaju.com.br\/sobre\/?s={search_term_string}"},"query-input":{"@type":"PropertyValueSpecification","valueRequired":true,"valueName":"search_term_string"}}],"inLanguage":"pt-BR"}]}},"_links":{"self":[{"href":"https:\/\/www.encontraaracaju.com.br\/sobre\/wp-json\/wp\/v2\/pages\/812","targetHints":{"allow":["GET"]}}],"collection":[{"href":"https:\/\/www.encontraaracaju.com.br\/sobre\/wp-json\/wp\/v2\/pages"}],"about":[{"href":"https:\/\/www.encontraaracaju.com.br\/sobre\/wp-json\/wp\/v2\/types\/page"}],"author":[{"embeddable":true,"href":"https:\/\/www.encontraaracaju.com.br\/sobre\/wp-json\/wp\/v2\/users\/1"}],"replies":[{"embeddable":true,"href":"https:\/\/www.encontraaracaju.com.br\/sobre\/wp-json\/wp\/v2\/comments?post=812"}],"version-history":[{"count":0,"href":"https:\/\/www.encontraaracaju.com.br\/sobre\/wp-json\/wp\/v2\/pages\/812\/revisions"}],"wp:attachment":[{"href":"https:\/\/www.encontraaracaju.com.br\/sobre\/wp-json\/wp\/v2\/media?parent=812"}],"curies":[{"name":"wp","href":"https:\/\/api.w.org\/{rel}","templated":true}]}}