{"id":784,"date":"2019-07-15T07:44:42","date_gmt":"2019-07-15T10:44:42","guid":{"rendered":"https:\/\/www.encontraaracaju.com.br\/sobre\/?page_id=784"},"modified":"2019-07-15T07:44:42","modified_gmt":"2019-07-15T10:44:42","slug":"fundat-aracaju","status":"publish","type":"page","link":"https:\/\/www.encontraaracaju.com.br\/sobre\/fundat-aracaju\/","title":{"rendered":"Fundat Aracaju"},"content":{"rendered":"<div class=\"0de350683d360aa04277a39db0bae410\" data-index=\"1\" style=\"float: none; margin:0px;\">\n<!-- Anuncio display - global -->\r\n<ins class=\"adsbygoogle\"\r\n     style=\"display:block\"\r\n     data-ad-client=\"ca-pub-8585364105181520\"\r\n     data-ad-slot=\"8789329856\"\r\n     data-ad-format=\"auto\"\r\n     data-full-width-responsive=\"true\"><\/ins>\r\n<script>\r\n     (adsbygoogle = window.adsbygoogle || []).push({});\r\n<\/script>\n<\/div>\n<p>A <strong>Fundat Aracaju<\/strong> \u00e9 um programa de eixos Mais Trabalho que facilita a inclus\u00e3o do cidad\u00e3o aracajuano no mercado de trabalho, a partir do encaminhamento de profissionais qualificados pela Fundat \u00c0s empresas parceiras ou as que apresentam suas demandas \u00e0 Funda\u00e7\u00e3o.<\/p>\n<p>A Fundat visa desenvolver a\u00e7\u00f5es integradas que mudem o perfil socioecon\u00f4mico de Aracaju, por meio da qualifica\u00e7\u00e3o profissional e da gera\u00e7\u00e3o de renda.<\/p>\n<p><img loading=\"lazy\" decoding=\"async\" class=\"alignnone wp-image-785 size-full\" title=\"Fundat Aracaju\" src=\"https:\/\/www.encontraaracaju.com.br\/sobre\/wp-content\/uploads\/2019\/07\/fundat-aracaju.gif\" alt=\"Fundat Aracaju\" width=\"680\" height=\"189\" \/><\/p>\n<h2>Fundat Aracaju Aplicativo<\/h2>\n<p>O <em>aplicativo<\/em> Fundat tem a finalidade de cadastro de curr\u00edculos para sele\u00e7\u00e3o das demandas de vagas pr\u00e9 cadastradas na Funda\u00e7\u00e3o Municipal de Forma\u00e7\u00e3o para o Trabalho, com as funcionalidades informativas e geolocaliza\u00e7\u00e3o das unidades de ensino da Fundat agregadas.<\/p>\n<h3>Fundat Aracaju CredPovo<\/h3>\n<p><em>O CredPovo<\/em> \u00e9 um programa do eixo Mais Renda que direciona cr\u00e9dito para micro e pequenos empreendedores formais ou informais, que pretendem abrir e manter seu pr\u00f3prio neg\u00f3cio.<\/p>\n<h3>Fundat Aracaju Carteira de Trabalho<\/h3>\n<p>A emiss\u00e3o da <em>Carteira de Trabalho<\/em> e Previd\u00eancia Social (CTPS), servi\u00e7o oferecido pela Funda\u00e7\u00e3o Municipal de Forma\u00e7\u00e3o para o Trabalho (Fundat) por meio da Ag\u00eancia do Trabalhador.\u00a0Os cidad\u00e3os interessados em solicitar a CTPS devem se dirigir \u00e0 sede da Fundat munidos dos documentos necess\u00e1rios, que s\u00e3o:<\/p>\n<ul>\n<li>Para a emiss\u00e3o da 1\u00aa via da CTPS, \u00e9 necess\u00e1rio portar o RG, CPF, comprovante de resid\u00eancia com CEP, T\u00edtulo de Eleitor e, caso seja casado(a), a Certid\u00e3o de Casamento.<\/li>\n<li>J\u00e1 em rela\u00e7\u00e3o \u00e0 2\u00aa, via, al\u00e9m dos requisitos j\u00e1 citados, tamb\u00e9m ser\u00e1 preciso levar um documento da Caixa Econ\u00f4mica, INSS ou seguro-desemprego que conste o n\u00famero e s\u00e9rie da antiga CTPS.<\/li>\n<li>Em caso de roubo ou perda da 1\u00aa via, \u00e9 obrigat\u00f3ria a apresenta\u00e7\u00e3o do Boletim de Ocorr\u00eancia.<\/li>\n<\/ul>\n<h3>Fundat Aracaju Cursos<\/h3>\n<p>A Fundat oferece <em>cursos<\/em> pertencentes aos eixos de Produ\u00e7\u00e3o Cultural e Design, Gest\u00e3o e Neg\u00f3cios, Informa\u00e7\u00e3o e Comunica\u00e7\u00e3o, Desenvolvimento Educacional e Social, Ambiente e Sa\u00fade, e Produ\u00e7\u00e3o Aliment\u00edcia.<\/p>\n<p>No ato da inscri\u00e7\u00e3o \u00e9 necess\u00e1rio apresentar os seguintes documentos (original e c\u00f3pia): RG, CPF, N\u00famero de Identifica\u00e7\u00e3o Social (NIS), comprovante de resid\u00eancia (com CEP de Aracaju) e declara\u00e7\u00e3o de escolaridade (ou hist\u00f3rico escolar). Para os cidad\u00e3os que tiverem 16 ou 17 anos, ser\u00e1 obrigat\u00f3rio o acompanhamento do respons\u00e1vel, que tamb\u00e9m precisar\u00e1 do RG e CPF.<\/p>\n<p>Os Cursos oferecidos s\u00e3o:<\/p>\n<ul>\n<li>Lideran\u00e7a e Desenvolvimento de Equipes<\/li>\n<li>T\u00e9cnicas B\u00e1sicas em Montagem de Bijuterias<\/li>\n<li>Inform\u00e1tica B\u00e1sica<\/li>\n<li>T\u00e9cnicas em Vendas<\/li>\n<li>Libras B\u00e1sico<\/li>\n<li>Inform\u00e1tica para Melhor Idade<\/li>\n<li>Como Falar em P\u00fablico<\/li>\n<li>Corte e Escova<\/li>\n<li>Doces e Salgados<\/li>\n<li>Culin\u00e1ria Japonesa<\/li>\n<li>Comida de Boteco<\/li>\n<li>Culin\u00e1ria Italiana<\/li>\n<li>T\u00e9cnicas B\u00e1sicas em Bolsas Finas<\/li>\n<li>Espanhol B\u00e1sico<\/li>\n<li>Marketing Pessoal<\/li>\n<\/ul>\n<h3>Hor\u00e1rio de Funcionamento Fundat em Aracaju<\/h3>\n<ul>\n<li>Segunda a Sexta das 08h \u00e0s 16h30<\/li>\n<\/ul>\n<h3>Onde fica, Endere\u00e7o e Telefone Fundat em Aracaju<\/h3>\n<ul>\n<li>R. Jo\u00e3o Pessoa, 127 &#8211; Centro &#8211; Aracaju &#8211; SE<\/li>\n<li>Telefone: (79) 3179-1331<\/li>\n<\/ul>\n<h4>Outras informa\u00e7\u00f5es e site<\/h4>\n<ul>\n<li>Mais informa\u00e7\u00f5es: <a href=\"https:\/\/www.facebook.com\/fundataracaju\/\" target=\"_blank\" rel=\"noopener noreferrer\">www.facebook.com\/fundataracaju<\/a><\/li>\n<\/ul>\n<h4>Mapa de localiza\u00e7\u00e3o<\/h4>\n<a class=\"wp-colorbox-iframe\" href=\"https:\/\/www.google.com\/maps\/embed?pb=!1m14!1m8!1m3!1d15670.739991215785!2d-37.049186!3d-10.911527!3m2!1i1024!2i768!4f13.1!3m3!1m2!1s0x00x381c8e2b1aa76b0a!2sFUNDAT+-+Fundao+Municipal+de+Formao+Para+o+Trabalho!5e0!3m2!1spt-BR!2sbr!4v1563187306101!5m2!1spt-BR!2sbr\"><img decoding=\"async\" src=\"http:\/\/www.encontraaracaju.com.br\/imgs\/maps-post.png\"><\/a>\n\n<div style=\"font-size: 0px; height: 0px; line-height: 0px; margin: 0; padding: 0; clear: both;\"><\/div>","protected":false},"excerpt":{"rendered":"<p>A Fundat Aracaju \u00e9 um programa de eixos Mais Trabalho que facilita a inclus\u00e3o do cidad\u00e3o aracajuano no mercado de trabalho, a partir do encaminhamento de profissionais qualificados pela Fundat \u00c0s empresas parceiras ou as que apresentam suas demandas \u00e0 Funda\u00e7\u00e3o. A Fundat visa desenvolver a\u00e7\u00f5es integradas que mudem o perfil socioecon\u00f4mico de Aracaju, por meio da qualifica\u00e7\u00e3o profissional e da gera\u00e7\u00e3o de renda. Fundat Aracaju Aplicativo O aplicativo Fundat tem a finalidade de cadastro de curr\u00edculos para sele\u00e7\u00e3o das demandas de vagas pr\u00e9 cadastradas na Funda\u00e7\u00e3o Municipal de Forma\u00e7\u00e3o para o Trabalho, com as funcionalidades informativas e geolocaliza\u00e7\u00e3o das <\/p>\n","protected":false},"author":1,"featured_media":0,"parent":0,"menu_order":0,"comment_status":"closed","ping_status":"closed","template":"","meta":{"footnotes":""},"class_list":["post-784","page","type-page","status-publish","hentry"],"yoast_head":"<!-- This site is optimized with the Yoast SEO plugin v26.4 - https:\/\/yoast.com\/wordpress\/plugins\/seo\/ -->\n<title>Fundat Aracaju: Aplicativo, CredPovo, Carteira de Trabalho, Cursos<\/title>\n<meta name=\"description\" content=\"Veja sobre a ( Fundat em Aracaju ) - Informa\u00e7\u00f5es, aplicativo, CredPovo, carteira de trabalho, hor\u00e1rio de funcionamento, endere\u00e7o e telefone. CLIQUE AQUI!\" \/>\n<meta name=\"robots\" content=\"index, follow, max-snippet:-1, max-image-preview:large, max-video-preview:-1\" \/>\n<link rel=\"canonical\" href=\"https:\/\/www.encontraaracaju.com.br\/sobre\/fundat-aracaju\/\" \/>\n<meta property=\"og:locale\" content=\"pt_BR\" \/>\n<meta property=\"og:type\" content=\"article\" \/>\n<meta property=\"og:title\" content=\"Fundat Aracaju: Aplicativo, CredPovo, Carteira de Trabalho, Cursos\" \/>\n<meta property=\"og:description\" content=\"Veja sobre a ( Fundat em Aracaju ) - Informa\u00e7\u00f5es, aplicativo, CredPovo, carteira de trabalho, hor\u00e1rio de funcionamento, endere\u00e7o e telefone. CLIQUE AQUI!\" \/>\n<meta property=\"og:url\" content=\"https:\/\/www.encontraaracaju.com.br\/sobre\/fundat-aracaju\/\" \/>\n<meta property=\"og:site_name\" content=\"Encontra Aracaju\" \/>\n<meta property=\"og:image\" content=\"https:\/\/www.encontraaracaju.com.br\/sobre\/wp-content\/uploads\/2019\/07\/fundat-aracaju.gif\" \/>\n<meta name=\"twitter:card\" content=\"summary_large_image\" \/>\n<meta name=\"twitter:label1\" content=\"Est. tempo de leitura\" \/>\n\t<meta name=\"twitter:data1\" content=\"3 minutos\" \/>\n<script type=\"application\/ld+json\" class=\"yoast-schema-graph\">{\"@context\":\"https:\/\/schema.org\",\"@graph\":[{\"@type\":\"WebPage\",\"@id\":\"https:\/\/www.encontraaracaju.com.br\/sobre\/fundat-aracaju\/\",\"url\":\"https:\/\/www.encontraaracaju.com.br\/sobre\/fundat-aracaju\/\",\"name\":\"Fundat Aracaju: Aplicativo, CredPovo, Carteira de Trabalho, Cursos\",\"isPartOf\":{\"@id\":\"https:\/\/www.encontraaracaju.com.br\/sobre\/#website\"},\"primaryImageOfPage\":{\"@id\":\"https:\/\/www.encontraaracaju.com.br\/sobre\/fundat-aracaju\/#primaryimage\"},\"image\":{\"@id\":\"https:\/\/www.encontraaracaju.com.br\/sobre\/fundat-aracaju\/#primaryimage\"},\"thumbnailUrl\":\"https:\/\/www.encontraaracaju.com.br\/sobre\/wp-content\/uploads\/2019\/07\/fundat-aracaju.gif\",\"datePublished\":\"2019-07-15T10:44:42+00:00\",\"description\":\"Veja sobre a ( Fundat em Aracaju ) - Informa\u00e7\u00f5es, aplicativo, CredPovo, carteira de trabalho, hor\u00e1rio de funcionamento, endere\u00e7o e telefone. CLIQUE AQUI!\",\"breadcrumb\":{\"@id\":\"https:\/\/www.encontraaracaju.com.br\/sobre\/fundat-aracaju\/#breadcrumb\"},\"inLanguage\":\"pt-BR\",\"potentialAction\":[{\"@type\":\"ReadAction\",\"target\":[\"https:\/\/www.encontraaracaju.com.br\/sobre\/fundat-aracaju\/\"]}]},{\"@type\":\"ImageObject\",\"inLanguage\":\"pt-BR\",\"@id\":\"https:\/\/www.encontraaracaju.com.br\/sobre\/fundat-aracaju\/#primaryimage\",\"url\":\"https:\/\/www.encontraaracaju.com.br\/sobre\/wp-content\/uploads\/2019\/07\/fundat-aracaju.gif\",\"contentUrl\":\"https:\/\/www.encontraaracaju.com.br\/sobre\/wp-content\/uploads\/2019\/07\/fundat-aracaju.gif\",\"width\":680,\"height\":189},{\"@type\":\"BreadcrumbList\",\"@id\":\"https:\/\/www.encontraaracaju.com.br\/sobre\/fundat-aracaju\/#breadcrumb\",\"itemListElement\":[{\"@type\":\"ListItem\",\"position\":1,\"name\":\"In\u00edcio\",\"item\":\"https:\/\/www.encontraaracaju.com.br\/sobre\/\"},{\"@type\":\"ListItem\",\"position\":2,\"name\":\"Fundat Aracaju\"}]},{\"@type\":\"WebSite\",\"@id\":\"https:\/\/www.encontraaracaju.com.br\/sobre\/#website\",\"url\":\"https:\/\/www.encontraaracaju.com.br\/sobre\/\",\"name\":\"Encontra Aracaju\",\"description\":\"Not\u00edcias, eventos, informa\u00e7\u00f5es e dicas na cidade Aracaju e regi\u00e3o.\",\"potentialAction\":[{\"@type\":\"SearchAction\",\"target\":{\"@type\":\"EntryPoint\",\"urlTemplate\":\"https:\/\/www.encontraaracaju.com.br\/sobre\/?s={search_term_string}\"},\"query-input\":{\"@type\":\"PropertyValueSpecification\",\"valueRequired\":true,\"valueName\":\"search_term_string\"}}],\"inLanguage\":\"pt-BR\"}]}<\/script>\n<!-- \/ Yoast SEO plugin. -->","yoast_head_json":{"title":"Fundat Aracaju: Aplicativo, CredPovo, Carteira de Trabalho, Cursos","description":"Veja sobre a ( Fundat em Aracaju ) - Informa\u00e7\u00f5es, aplicativo, CredPovo, carteira de trabalho, hor\u00e1rio de funcionamento, endere\u00e7o e telefone. CLIQUE AQUI!","robots":{"index":"index","follow":"follow","max-snippet":"max-snippet:-1","max-image-preview":"max-image-preview:large","max-video-preview":"max-video-preview:-1"},"canonical":"https:\/\/www.encontraaracaju.com.br\/sobre\/fundat-aracaju\/","og_locale":"pt_BR","og_type":"article","og_title":"Fundat Aracaju: Aplicativo, CredPovo, Carteira de Trabalho, Cursos","og_description":"Veja sobre a ( Fundat em Aracaju ) - Informa\u00e7\u00f5es, aplicativo, CredPovo, carteira de trabalho, hor\u00e1rio de funcionamento, endere\u00e7o e telefone. CLIQUE AQUI!","og_url":"https:\/\/www.encontraaracaju.com.br\/sobre\/fundat-aracaju\/","og_site_name":"Encontra Aracaju","og_image":[{"url":"https:\/\/www.encontraaracaju.com.br\/sobre\/wp-content\/uploads\/2019\/07\/fundat-aracaju.gif","type":"","width":"","height":""}],"twitter_card":"summary_large_image","twitter_misc":{"Est. tempo de leitura":"3 minutos"},"schema":{"@context":"https:\/\/schema.org","@graph":[{"@type":"WebPage","@id":"https:\/\/www.encontraaracaju.com.br\/sobre\/fundat-aracaju\/","url":"https:\/\/www.encontraaracaju.com.br\/sobre\/fundat-aracaju\/","name":"Fundat Aracaju: Aplicativo, CredPovo, Carteira de Trabalho, Cursos","isPartOf":{"@id":"https:\/\/www.encontraaracaju.com.br\/sobre\/#website"},"primaryImageOfPage":{"@id":"https:\/\/www.encontraaracaju.com.br\/sobre\/fundat-aracaju\/#primaryimage"},"image":{"@id":"https:\/\/www.encontraaracaju.com.br\/sobre\/fundat-aracaju\/#primaryimage"},"thumbnailUrl":"https:\/\/www.encontraaracaju.com.br\/sobre\/wp-content\/uploads\/2019\/07\/fundat-aracaju.gif","datePublished":"2019-07-15T10:44:42+00:00","description":"Veja sobre a ( Fundat em Aracaju ) - Informa\u00e7\u00f5es, aplicativo, CredPovo, carteira de trabalho, hor\u00e1rio de funcionamento, endere\u00e7o e telefone. CLIQUE AQUI!","breadcrumb":{"@id":"https:\/\/www.encontraaracaju.com.br\/sobre\/fundat-aracaju\/#breadcrumb"},"inLanguage":"pt-BR","potentialAction":[{"@type":"ReadAction","target":["https:\/\/www.encontraaracaju.com.br\/sobre\/fundat-aracaju\/"]}]},{"@type":"ImageObject","inLanguage":"pt-BR","@id":"https:\/\/www.encontraaracaju.com.br\/sobre\/fundat-aracaju\/#primaryimage","url":"https:\/\/www.encontraaracaju.com.br\/sobre\/wp-content\/uploads\/2019\/07\/fundat-aracaju.gif","contentUrl":"https:\/\/www.encontraaracaju.com.br\/sobre\/wp-content\/uploads\/2019\/07\/fundat-aracaju.gif","width":680,"height":189},{"@type":"BreadcrumbList","@id":"https:\/\/www.encontraaracaju.com.br\/sobre\/fundat-aracaju\/#breadcrumb","itemListElement":[{"@type":"ListItem","position":1,"name":"In\u00edcio","item":"https:\/\/www.encontraaracaju.com.br\/sobre\/"},{"@type":"ListItem","position":2,"name":"Fundat Aracaju"}]},{"@type":"WebSite","@id":"https:\/\/www.encontraaracaju.com.br\/sobre\/#website","url":"https:\/\/www.encontraaracaju.com.br\/sobre\/","name":"Encontra Aracaju","description":"Not\u00edcias, eventos, informa\u00e7\u00f5es e dicas na cidade Aracaju e regi\u00e3o.","potentialAction":[{"@type":"SearchAction","target":{"@type":"EntryPoint","urlTemplate":"https:\/\/www.encontraaracaju.com.br\/sobre\/?s={search_term_string}"},"query-input":{"@type":"PropertyValueSpecification","valueRequired":true,"valueName":"search_term_string"}}],"inLanguage":"pt-BR"}]}},"_links":{"self":[{"href":"https:\/\/www.encontraaracaju.com.br\/sobre\/wp-json\/wp\/v2\/pages\/784","targetHints":{"allow":["GET"]}}],"collection":[{"href":"https:\/\/www.encontraaracaju.com.br\/sobre\/wp-json\/wp\/v2\/pages"}],"about":[{"href":"https:\/\/www.encontraaracaju.com.br\/sobre\/wp-json\/wp\/v2\/types\/page"}],"author":[{"embeddable":true,"href":"https:\/\/www.encontraaracaju.com.br\/sobre\/wp-json\/wp\/v2\/users\/1"}],"replies":[{"embeddable":true,"href":"https:\/\/www.encontraaracaju.com.br\/sobre\/wp-json\/wp\/v2\/comments?post=784"}],"version-history":[{"count":0,"href":"https:\/\/www.encontraaracaju.com.br\/sobre\/wp-json\/wp\/v2\/pages\/784\/revisions"}],"wp:attachment":[{"href":"https:\/\/www.encontraaracaju.com.br\/sobre\/wp-json\/wp\/v2\/media?parent=784"}],"curies":[{"name":"wp","href":"https:\/\/api.w.org\/{rel}","templated":true}]}}