{"id":773,"date":"2019-07-15T04:53:42","date_gmt":"2019-07-15T07:53:42","guid":{"rendered":"https:\/\/www.encontraaracaju.com.br\/sobre\/?page_id=773"},"modified":"2019-07-15T04:53:42","modified_gmt":"2019-07-15T07:53:42","slug":"ministerio-do-trabalho-aracaju","status":"publish","type":"page","link":"https:\/\/www.encontraaracaju.com.br\/sobre\/ministerio-do-trabalho-aracaju\/","title":{"rendered":"Minist\u00e9rio do Trabalho Aracaju"},"content":{"rendered":"<div class=\"0de350683d360aa04277a39db0bae410\" data-index=\"1\" style=\"float: none; margin:0px;\">\n<!-- Anuncio display - global -->\r\n<ins class=\"adsbygoogle\"\r\n     style=\"display:block\"\r\n     data-ad-client=\"ca-pub-8585364105181520\"\r\n     data-ad-slot=\"8789329856\"\r\n     data-ad-format=\"auto\"\r\n     data-full-width-responsive=\"true\"><\/ins>\r\n<script>\r\n     (adsbygoogle = window.adsbygoogle || []).push({});\r\n<\/script>\n<\/div>\n<p>O<strong> Minist\u00e9rio do Trabalho e Emprego Aracaju<\/strong>, \u00f3rg\u00e3o da administra\u00e7\u00e3o federal direta, tem como \u00e1rea de compet\u00eancia os seguintes assuntos: pol\u00edtica e diretrizes para a gera\u00e7\u00e3o de emprego e renda e de apoio ao trabalhador; pol\u00edtica e diretrizes para a moderniza\u00e7\u00e3o das rela\u00e7\u00f5es do\u00a0trabalho;<\/p>\n<p>Fiscaliza\u00e7\u00e3o em\u00a0seguran\u00e7a\u00a0e\u00a0sa\u00fade\u00a0no trabalho; fiscaliza\u00e7\u00e3o do trabalho, inclusive do trabalho portu\u00e1rio, bem como aplica\u00e7\u00e3o das san\u00e7\u00f5es previstas em normas legais ou coletivas; pol\u00edtica salarial; forma\u00e7\u00e3o e desenvolvimento profissional; pol\u00edtica de\u00a0imigra\u00e7\u00e3o; e cooperativismo e associativismo urbanos.<\/p>\n<p><img loading=\"lazy\" decoding=\"async\" class=\"alignnone wp-image-774 size-full\" title=\"Minist\u00e9rio do Trabalho Aracaju\" src=\"https:\/\/www.encontraaracaju.com.br\/sobre\/wp-content\/uploads\/2019\/07\/ministerio-do-trabalho-curitiba.gif\" alt=\"Minist\u00e9rio do Trabalho Aracaju\" width=\"680\" height=\"189\" \/><\/p>\n<p>Publica, anualmente, a\u00a0Rela\u00e7\u00e3o Anual de Informa\u00e7\u00f5es Sociais\u00a0(RAIS) informada obrigatoriamente pelas empresas brasileiras.<\/p>\n<h2>Minist\u00e9rio do Trabalho Aracaju Agendamento<\/h2>\n<p>Para o\u00a0<em>agendamento<\/em>\u00a0de servi\u00e7os no Minist\u00e9rio do Trabalho basta entrar em contato com o telefone descrito abaixo.<\/p>\n<h3>Minist\u00e9rio do Trabalho Aracaju Seguro Desemprego<\/h3>\n<p>Depois de demitido, o trabalhador deve solicitar o Seguro Desemprego. Para isso, \u00e9 necess\u00e1rio ir at\u00e9 uma ag\u00eancia do SINE \u2013 Sistema Nacional de Emprego, ou na Ag\u00eancia do Minist\u00e9rio do Trabalho da sua regi\u00e3o. No entanto, antes de ir nesses locais, \u00e9 preciso fazer o agendamento do Seguro Desemprego pelo site do SAA \u2013 Sistema de Atendimento Agendado:\u00a0<a href=\"http:\/\/saaweb.mte.gov.br\/inter\/saa\/pages\/agendamento\/main.seam\">saaweb.mte.gov.br<\/a><\/p>\n<h3>Minist\u00e9rio do Trabalho Aracaju Den\u00fancia<\/h3>\n<p>Se voc\u00ea tem alguma situa\u00e7\u00e3o que necessite de uma den\u00fancia ao Minist\u00e9rio do Trabalho, acesse\u00a0<a href=\"https:\/\/peticionamento.prt18.mpt.mp.br\/denuncia\" target=\"_blank\" rel=\"noopener noreferrer\">www.peticionamento.prt18.mpt.mp.br\/denuncia<\/a>\u00a0e preencha o formul\u00e1rio. Fique tranquilo que n\u00e3o \u00e9 necess\u00e1rio se identificar.<\/p>\n<h3>Minist\u00e9rio do Trabalho Aracaju Carteira de Trabalho<\/h3>\n<p>A\u00a0<em>Carteira de Trabalho<\/em>\u00a0e Previd\u00eancia Social (CTPS) \u00e9 o documento obrigat\u00f3rio para toda pessoa que venha a prestar algum tipo de servi\u00e7o, seja na ind\u00fastria, no com\u00e9rcio, na agricultura, na pecu\u00e1ria ou mesmo de natureza dom\u00e9stica.<ins class=\"adsbygoogle\" data-ad-layout=\"in-article\" data-ad-format=\"fluid\" data-ad-client=\"ca-pub-6414922941841817\" data-ad-slot=\"1158071521\" data-adsbygoogle-status=\"done\"><ins id=\"aswift_3_expand\"><ins id=\"aswift_3_anchor\"><\/ins><\/ins><\/ins><\/p>\n<h3>Hor\u00e1rio de Funcionamento Minist\u00e9rio do Trabalho em Aracaju<\/h3>\n<ul>\n<li>Segunda a Sexta das 07h \u00e0s 19h<\/li>\n<\/ul>\n<h3>Endere\u00e7o e Telefone Minist\u00e9rio do Trabalho em Aracaju<\/h3>\n<ul>\n<li>R. Pacatuba, 129 &#8211; Centro &#8211; Aracaju &#8211; SE<\/li>\n<li>Telefone: (79) 3198-3256<\/li>\n<\/ul>\n<h4>Outras informa\u00e7\u00f5es e site<\/h4>\n<ul>\n<li>Mais informa\u00e7\u00f5es:\u00a0<a href=\"http:\/\/trabalho.gov.br\/\" target=\"_blank\" rel=\"noopener noreferrer\">www.trabalho.gov.br<\/a><\/li>\n<li>Mais informa\u00e7\u00f5es:<a href=\"https:\/\/www.ministeriodotrabalho.org\/ministerio-do-trabalho-se\/\" target=\"_blank\" rel=\"noopener noreferrer\">www.ministeriodotrabalho.org\/ministerio-do-trabalho-se<\/a><\/li>\n<\/ul>\n<h4>Mapa de localiza\u00e7\u00e3o<\/h4>\n<a class=\"wp-colorbox-iframe\" href=\"https:\/\/www.google.com\/maps\/embed?pb=!1m14!1m8!1m3!1d15670.531100714865!2d-37.0490393!3d-10.9154881!3m2!1i1024!2i768!4f13.1!3m3!1m2!1s0x00x247f2150ac0479f8!2sMinistrio+do+Trabalho+e+Emprego!5e0!3m2!1spt-BR!2sbr!4v1563177030918!5m2!1spt-BR!2sbr\"><img decoding=\"async\" src=\"http:\/\/www.encontraaracaju.com.br\/imgs\/maps-post.png\"><\/a>\n\n<div style=\"font-size: 0px; height: 0px; line-height: 0px; margin: 0; padding: 0; clear: both;\"><\/div>","protected":false},"excerpt":{"rendered":"<p>O Minist\u00e9rio do Trabalho e Emprego Aracaju, \u00f3rg\u00e3o da administra\u00e7\u00e3o federal direta, tem como \u00e1rea de compet\u00eancia os seguintes assuntos: pol\u00edtica e diretrizes para a gera\u00e7\u00e3o de emprego e renda e de apoio ao trabalhador; pol\u00edtica e diretrizes para a moderniza\u00e7\u00e3o das rela\u00e7\u00f5es do\u00a0trabalho; Fiscaliza\u00e7\u00e3o em\u00a0seguran\u00e7a\u00a0e\u00a0sa\u00fade\u00a0no trabalho; fiscaliza\u00e7\u00e3o do trabalho, inclusive do trabalho portu\u00e1rio, bem como aplica\u00e7\u00e3o das san\u00e7\u00f5es previstas em normas legais ou coletivas; pol\u00edtica salarial; forma\u00e7\u00e3o e desenvolvimento profissional; pol\u00edtica de\u00a0imigra\u00e7\u00e3o; e cooperativismo e associativismo urbanos. Publica, anualmente, a\u00a0Rela\u00e7\u00e3o Anual de Informa\u00e7\u00f5es Sociais\u00a0(RAIS) informada obrigatoriamente pelas empresas brasileiras. Minist\u00e9rio do Trabalho Aracaju Agendamento Para o\u00a0agendamento\u00a0de servi\u00e7os no Minist\u00e9rio <\/p>\n","protected":false},"author":1,"featured_media":0,"parent":0,"menu_order":0,"comment_status":"closed","ping_status":"closed","template":"","meta":{"footnotes":""},"class_list":["post-773","page","type-page","status-publish","hentry"],"yoast_head":"<!-- This site is optimized with the Yoast SEO plugin v26.4 - https:\/\/yoast.com\/wordpress\/plugins\/seo\/ -->\n<title>MInist\u00e9rio do Trabalho Aracaju: Agendamento, Seguro Desemprego<\/title>\n<meta name=\"description\" content=\"Veja sobre o ( Minist\u00e9rio do Trabalho em Aracaju ) - Informa\u00e7\u00f5es, agendamento, seguro desemprego, hor\u00e1rio de funcionamento, endere\u00e7o e telefone. CLIQUE AQUI!\" \/>\n<meta name=\"robots\" content=\"index, follow, max-snippet:-1, max-image-preview:large, max-video-preview:-1\" \/>\n<link rel=\"canonical\" href=\"https:\/\/www.encontraaracaju.com.br\/sobre\/ministerio-do-trabalho-aracaju\/\" \/>\n<meta property=\"og:locale\" content=\"pt_BR\" \/>\n<meta property=\"og:type\" content=\"article\" \/>\n<meta property=\"og:title\" content=\"MInist\u00e9rio do Trabalho Aracaju: Agendamento, Seguro Desemprego\" \/>\n<meta property=\"og:description\" content=\"Veja sobre o ( Minist\u00e9rio do Trabalho em Aracaju ) - Informa\u00e7\u00f5es, agendamento, seguro desemprego, hor\u00e1rio de funcionamento, endere\u00e7o e telefone. CLIQUE AQUI!\" \/>\n<meta property=\"og:url\" content=\"https:\/\/www.encontraaracaju.com.br\/sobre\/ministerio-do-trabalho-aracaju\/\" \/>\n<meta property=\"og:site_name\" content=\"Encontra Aracaju\" \/>\n<meta property=\"og:image\" content=\"https:\/\/www.encontraaracaju.com.br\/sobre\/wp-content\/uploads\/2019\/07\/ministerio-do-trabalho-curitiba.gif\" \/>\n<meta name=\"twitter:card\" content=\"summary_large_image\" \/>\n<meta name=\"twitter:label1\" content=\"Est. tempo de leitura\" \/>\n\t<meta name=\"twitter:data1\" content=\"2 minutos\" \/>\n<script type=\"application\/ld+json\" class=\"yoast-schema-graph\">{\"@context\":\"https:\/\/schema.org\",\"@graph\":[{\"@type\":\"WebPage\",\"@id\":\"https:\/\/www.encontraaracaju.com.br\/sobre\/ministerio-do-trabalho-aracaju\/\",\"url\":\"https:\/\/www.encontraaracaju.com.br\/sobre\/ministerio-do-trabalho-aracaju\/\",\"name\":\"MInist\u00e9rio do Trabalho Aracaju: Agendamento, Seguro Desemprego\",\"isPartOf\":{\"@id\":\"https:\/\/www.encontraaracaju.com.br\/sobre\/#website\"},\"primaryImageOfPage\":{\"@id\":\"https:\/\/www.encontraaracaju.com.br\/sobre\/ministerio-do-trabalho-aracaju\/#primaryimage\"},\"image\":{\"@id\":\"https:\/\/www.encontraaracaju.com.br\/sobre\/ministerio-do-trabalho-aracaju\/#primaryimage\"},\"thumbnailUrl\":\"https:\/\/www.encontraaracaju.com.br\/sobre\/wp-content\/uploads\/2019\/07\/ministerio-do-trabalho-curitiba.gif\",\"datePublished\":\"2019-07-15T07:53:42+00:00\",\"description\":\"Veja sobre o ( Minist\u00e9rio do Trabalho em Aracaju ) - Informa\u00e7\u00f5es, agendamento, seguro desemprego, hor\u00e1rio de funcionamento, endere\u00e7o e telefone. CLIQUE AQUI!\",\"breadcrumb\":{\"@id\":\"https:\/\/www.encontraaracaju.com.br\/sobre\/ministerio-do-trabalho-aracaju\/#breadcrumb\"},\"inLanguage\":\"pt-BR\",\"potentialAction\":[{\"@type\":\"ReadAction\",\"target\":[\"https:\/\/www.encontraaracaju.com.br\/sobre\/ministerio-do-trabalho-aracaju\/\"]}]},{\"@type\":\"ImageObject\",\"inLanguage\":\"pt-BR\",\"@id\":\"https:\/\/www.encontraaracaju.com.br\/sobre\/ministerio-do-trabalho-aracaju\/#primaryimage\",\"url\":\"https:\/\/www.encontraaracaju.com.br\/sobre\/wp-content\/uploads\/2019\/07\/ministerio-do-trabalho-curitiba.gif\",\"contentUrl\":\"https:\/\/www.encontraaracaju.com.br\/sobre\/wp-content\/uploads\/2019\/07\/ministerio-do-trabalho-curitiba.gif\",\"width\":680,\"height\":189},{\"@type\":\"BreadcrumbList\",\"@id\":\"https:\/\/www.encontraaracaju.com.br\/sobre\/ministerio-do-trabalho-aracaju\/#breadcrumb\",\"itemListElement\":[{\"@type\":\"ListItem\",\"position\":1,\"name\":\"In\u00edcio\",\"item\":\"https:\/\/www.encontraaracaju.com.br\/sobre\/\"},{\"@type\":\"ListItem\",\"position\":2,\"name\":\"Minist\u00e9rio do Trabalho Aracaju\"}]},{\"@type\":\"WebSite\",\"@id\":\"https:\/\/www.encontraaracaju.com.br\/sobre\/#website\",\"url\":\"https:\/\/www.encontraaracaju.com.br\/sobre\/\",\"name\":\"Encontra Aracaju\",\"description\":\"Not\u00edcias, eventos, informa\u00e7\u00f5es e dicas na cidade Aracaju e regi\u00e3o.\",\"potentialAction\":[{\"@type\":\"SearchAction\",\"target\":{\"@type\":\"EntryPoint\",\"urlTemplate\":\"https:\/\/www.encontraaracaju.com.br\/sobre\/?s={search_term_string}\"},\"query-input\":{\"@type\":\"PropertyValueSpecification\",\"valueRequired\":true,\"valueName\":\"search_term_string\"}}],\"inLanguage\":\"pt-BR\"}]}<\/script>\n<!-- \/ Yoast SEO plugin. -->","yoast_head_json":{"title":"MInist\u00e9rio do Trabalho Aracaju: Agendamento, Seguro Desemprego","description":"Veja sobre o ( Minist\u00e9rio do Trabalho em Aracaju ) - Informa\u00e7\u00f5es, agendamento, seguro desemprego, hor\u00e1rio de funcionamento, endere\u00e7o e telefone. CLIQUE AQUI!","robots":{"index":"index","follow":"follow","max-snippet":"max-snippet:-1","max-image-preview":"max-image-preview:large","max-video-preview":"max-video-preview:-1"},"canonical":"https:\/\/www.encontraaracaju.com.br\/sobre\/ministerio-do-trabalho-aracaju\/","og_locale":"pt_BR","og_type":"article","og_title":"MInist\u00e9rio do Trabalho Aracaju: Agendamento, Seguro Desemprego","og_description":"Veja sobre o ( Minist\u00e9rio do Trabalho em Aracaju ) - Informa\u00e7\u00f5es, agendamento, seguro desemprego, hor\u00e1rio de funcionamento, endere\u00e7o e telefone. CLIQUE AQUI!","og_url":"https:\/\/www.encontraaracaju.com.br\/sobre\/ministerio-do-trabalho-aracaju\/","og_site_name":"Encontra Aracaju","og_image":[{"url":"https:\/\/www.encontraaracaju.com.br\/sobre\/wp-content\/uploads\/2019\/07\/ministerio-do-trabalho-curitiba.gif","type":"","width":"","height":""}],"twitter_card":"summary_large_image","twitter_misc":{"Est. tempo de leitura":"2 minutos"},"schema":{"@context":"https:\/\/schema.org","@graph":[{"@type":"WebPage","@id":"https:\/\/www.encontraaracaju.com.br\/sobre\/ministerio-do-trabalho-aracaju\/","url":"https:\/\/www.encontraaracaju.com.br\/sobre\/ministerio-do-trabalho-aracaju\/","name":"MInist\u00e9rio do Trabalho Aracaju: Agendamento, Seguro Desemprego","isPartOf":{"@id":"https:\/\/www.encontraaracaju.com.br\/sobre\/#website"},"primaryImageOfPage":{"@id":"https:\/\/www.encontraaracaju.com.br\/sobre\/ministerio-do-trabalho-aracaju\/#primaryimage"},"image":{"@id":"https:\/\/www.encontraaracaju.com.br\/sobre\/ministerio-do-trabalho-aracaju\/#primaryimage"},"thumbnailUrl":"https:\/\/www.encontraaracaju.com.br\/sobre\/wp-content\/uploads\/2019\/07\/ministerio-do-trabalho-curitiba.gif","datePublished":"2019-07-15T07:53:42+00:00","description":"Veja sobre o ( Minist\u00e9rio do Trabalho em Aracaju ) - Informa\u00e7\u00f5es, agendamento, seguro desemprego, hor\u00e1rio de funcionamento, endere\u00e7o e telefone. CLIQUE AQUI!","breadcrumb":{"@id":"https:\/\/www.encontraaracaju.com.br\/sobre\/ministerio-do-trabalho-aracaju\/#breadcrumb"},"inLanguage":"pt-BR","potentialAction":[{"@type":"ReadAction","target":["https:\/\/www.encontraaracaju.com.br\/sobre\/ministerio-do-trabalho-aracaju\/"]}]},{"@type":"ImageObject","inLanguage":"pt-BR","@id":"https:\/\/www.encontraaracaju.com.br\/sobre\/ministerio-do-trabalho-aracaju\/#primaryimage","url":"https:\/\/www.encontraaracaju.com.br\/sobre\/wp-content\/uploads\/2019\/07\/ministerio-do-trabalho-curitiba.gif","contentUrl":"https:\/\/www.encontraaracaju.com.br\/sobre\/wp-content\/uploads\/2019\/07\/ministerio-do-trabalho-curitiba.gif","width":680,"height":189},{"@type":"BreadcrumbList","@id":"https:\/\/www.encontraaracaju.com.br\/sobre\/ministerio-do-trabalho-aracaju\/#breadcrumb","itemListElement":[{"@type":"ListItem","position":1,"name":"In\u00edcio","item":"https:\/\/www.encontraaracaju.com.br\/sobre\/"},{"@type":"ListItem","position":2,"name":"Minist\u00e9rio do Trabalho Aracaju"}]},{"@type":"WebSite","@id":"https:\/\/www.encontraaracaju.com.br\/sobre\/#website","url":"https:\/\/www.encontraaracaju.com.br\/sobre\/","name":"Encontra Aracaju","description":"Not\u00edcias, eventos, informa\u00e7\u00f5es e dicas na cidade Aracaju e regi\u00e3o.","potentialAction":[{"@type":"SearchAction","target":{"@type":"EntryPoint","urlTemplate":"https:\/\/www.encontraaracaju.com.br\/sobre\/?s={search_term_string}"},"query-input":{"@type":"PropertyValueSpecification","valueRequired":true,"valueName":"search_term_string"}}],"inLanguage":"pt-BR"}]}},"_links":{"self":[{"href":"https:\/\/www.encontraaracaju.com.br\/sobre\/wp-json\/wp\/v2\/pages\/773","targetHints":{"allow":["GET"]}}],"collection":[{"href":"https:\/\/www.encontraaracaju.com.br\/sobre\/wp-json\/wp\/v2\/pages"}],"about":[{"href":"https:\/\/www.encontraaracaju.com.br\/sobre\/wp-json\/wp\/v2\/types\/page"}],"author":[{"embeddable":true,"href":"https:\/\/www.encontraaracaju.com.br\/sobre\/wp-json\/wp\/v2\/users\/1"}],"replies":[{"embeddable":true,"href":"https:\/\/www.encontraaracaju.com.br\/sobre\/wp-json\/wp\/v2\/comments?post=773"}],"version-history":[{"count":0,"href":"https:\/\/www.encontraaracaju.com.br\/sobre\/wp-json\/wp\/v2\/pages\/773\/revisions"}],"wp:attachment":[{"href":"https:\/\/www.encontraaracaju.com.br\/sobre\/wp-json\/wp\/v2\/media?parent=773"}],"curies":[{"name":"wp","href":"https:\/\/api.w.org\/{rel}","templated":true}]}}