{"id":770,"date":"2019-07-15T04:42:35","date_gmt":"2019-07-15T07:42:35","guid":{"rendered":"https:\/\/www.encontraaracaju.com.br\/sobre\/?page_id=770"},"modified":"2019-07-15T04:42:35","modified_gmt":"2019-07-15T07:42:35","slug":"ciee-aracaju","status":"publish","type":"page","link":"https:\/\/www.encontraaracaju.com.br\/sobre\/ciee-aracaju\/","title":{"rendered":"CIEE Aracaju"},"content":{"rendered":"<div class=\"0de350683d360aa04277a39db0bae410\" data-index=\"1\" style=\"float: none; margin:0px;\">\n<!-- Anuncio display - global -->\r\n<ins class=\"adsbygoogle\"\r\n     style=\"display:block\"\r\n     data-ad-client=\"ca-pub-8585364105181520\"\r\n     data-ad-slot=\"8789329856\"\r\n     data-ad-format=\"auto\"\r\n     data-full-width-responsive=\"true\"><\/ins>\r\n<script>\r\n     (adsbygoogle = window.adsbygoogle || []).push({});\r\n<\/script>\n<\/div>\n<p>O\u00a0<strong>Centro de Integra\u00e7\u00e3o Empresa-Escola (CIEE)<\/strong>\u00a0\u00e9 uma institui\u00e7\u00e3o filantr\u00f3pica, mantida pelo empresariado nacional, de assist\u00eancia social, sem finalidades lucrativas, que trabalha em prol da juventude estudantil brasileira.<\/p>\n<p>O maior objetivo do CIEE Aracaju \u00e9 encontrar para os estudantes de n\u00edvel m\u00e9dio, t\u00e9cnico e superior oportunidades de est\u00e1gio ou aprendizado, que os auxiliem a colocar em pr\u00e1tica tudo o que aprenderam na teoria.<\/p>\n<p><img loading=\"lazy\" decoding=\"async\" class=\"alignnone wp-image-771 size-full\" title=\"Ciee Aracaju\" src=\"https:\/\/www.encontraaracaju.com.br\/sobre\/wp-content\/uploads\/2019\/07\/ciee-curitiba.gif\" alt=\"CIEE Aracaju\" width=\"680\" height=\"189\" \/><\/p>\n<p>A Miss\u00e3o do CIEE\u00a0\u00e9 contribuir com os Sistemas de Ensino e com a Sociedade na prepara\u00e7\u00e3o, forma\u00e7\u00e3o e integra\u00e7\u00e3o dos Jovens ao Mundo do Trabalho.<\/p>\n<p>O CIEE, atualmente beneficia muitos jovens que podem ingressar no mercado de trabalho com sal\u00e1rios de R$400,00 at\u00e9 R$1200,00. Al\u00e9m de ser uma ajuda de custo para o jovem, o CIEE realiza a capacita\u00e7\u00e3o te\u00f3rica e pr\u00e1tica. A capacita\u00e7\u00e3o pr\u00e1tica \u00e9 realizada em empresa e a capacita\u00e7\u00e3o te\u00f3rica \u00e9 realizada em polos espalhados pelo Brasil, onde o jovem frequenta-os um dia por semana e mais dois dias complementares por m\u00eas.<\/p>\n<h2>CIEE Aracaju Vagas de Emprego<\/h2>\n<p>Para encontrar e se cadastrar para concorrer a uma vaga de emprego no Aracaju voc\u00ea deve acessar o <a href=\"http:\/\/www.ciee.com.br\/portal\/estudantes\/servicos\/vagas.asp?\" target=\"_blank\" rel=\"noopener noreferrer\">portal de vagas no site do CIEE<\/a>\u00a0e se cadastrar. Ap\u00f3s a cria\u00e7\u00e3o do seu login e senha voc\u00ea ter\u00e1 acesso ao banco de vagas do CIEE e poder\u00e1 cadastrar seu curr\u00edculo e concorrer a vagas de emprego.<\/p>\n<h3>CIEE Aracaju Cursos<\/h3>\n<p>O Ciee oferece os seguintes tipos de\u00a0<em>cursos:<\/em><\/p>\n<ul>\n<li>Capacita\u00e7\u00e3o a Dist\u00e2ncia<\/li>\n<li>Ementa de Cursos<\/li>\n<li>Palestras in Company<\/li>\n<li>Valida\u00e7\u00e3o de Certificado<\/li>\n<\/ul>\n<h3>CIEE Aracaju Login<\/h3>\n<p>Para ter acesso a todos os dados dos seus cursos acesse o bot\u00e3o\u00a0<em>login<\/em>\u00a0e utilize seu CPF para criar um usu\u00e1rio e senha.<\/p>\n<h3>CIEE Aracaju Cadastro<\/h3>\n<p>O Portal\u00a0<em>CIEE<\/em>\u00a0pode ser acessado por todos os internautas, entretanto, alguns ambientes s\u00e3o restritos apenas para\u00a0<em>cadastrados.<\/em><\/p>\n<p>O cadastramento deve ser realizado conforme perfil do internauta: visitante, estagi\u00e1rio, estudantes com interesse em programas de est\u00e1gio, adolescente aprendiz, cursos, oficinas de capacita\u00e7\u00e3o, palestas, entre outros.\u00a0No site do CIEE voc\u00ea iniciar\u00e1 a primeira etapa de seu cadastro, indicando no mapa o Estado em que reside e perfil adequado.\u00a0Empresas e escolas que desejarem fazer parceiras com o CIEE, tamb\u00e9m devem iniciar o relacionamento atrav\u00e9s do site.<\/p>\n<h3>Hor\u00e1rio de Funcionamento CIEE em Aracaju<\/h3>\n<ul>\n<li>De Segunda a Sexta das 08 \u00e0s 17h<\/li>\n<\/ul>\n<h3>Endere\u00e7o e Telefone CIEE em Aracaju<\/h3>\n<ul>\n<li>Rua S\u00edlvio Cezar Leite, 116 &#8211; Salgado Filho &#8211; Aracaju &#8211; SE<\/li>\n<li>Telefone: (79) 3003-2433<\/li>\n<\/ul>\n<h4>Outras informa\u00e7\u00f5es \u2013\u00a0 Site e e-mail:<\/h4>\n<ul>\n<li>Mais informa\u00e7\u00f5es:\u00a0<a href=\"http:\/\/www.ciee.org.br\/\" target=\"_blank\" rel=\"noopener noreferrer\">www.ciee.org.br<\/a><\/li>\n<\/ul>\n<h4>Mapa de localiza\u00e7\u00e3o<\/h4>\n<a class=\"wp-colorbox-iframe\" href=\"https:\/\/www.google.com\/maps\/embed?pb=!1m14!1m8!1m3!1d15669.706531634767!2d-37.0539748!3d-10.9311102!3m2!1i1024!2i768!4f13.1!3m3!1m2!1s0x00x9902531cec488749!2sCIEE+Aracaju!5e0!3m2!1spt-BR!2sbr!4v1563176540685!5m2!1spt-BR!2sbr\"><img decoding=\"async\" src=\"http:\/\/www.encontraaracaju.com.br\/imgs\/maps-post.png\"><\/a>\n\n<div style=\"font-size: 0px; height: 0px; line-height: 0px; margin: 0; padding: 0; clear: both;\"><\/div>","protected":false},"excerpt":{"rendered":"<p>O\u00a0Centro de Integra\u00e7\u00e3o Empresa-Escola (CIEE)\u00a0\u00e9 uma institui\u00e7\u00e3o filantr\u00f3pica, mantida pelo empresariado nacional, de assist\u00eancia social, sem finalidades lucrativas, que trabalha em prol da juventude estudantil brasileira. O maior objetivo do CIEE Aracaju \u00e9 encontrar para os estudantes de n\u00edvel m\u00e9dio, t\u00e9cnico e superior oportunidades de est\u00e1gio ou aprendizado, que os auxiliem a colocar em pr\u00e1tica tudo o que aprenderam na teoria. A Miss\u00e3o do CIEE\u00a0\u00e9 contribuir com os Sistemas de Ensino e com a Sociedade na prepara\u00e7\u00e3o, forma\u00e7\u00e3o e integra\u00e7\u00e3o dos Jovens ao Mundo do Trabalho. O CIEE, atualmente beneficia muitos jovens que podem ingressar no mercado de trabalho com <\/p>\n","protected":false},"author":1,"featured_media":0,"parent":0,"menu_order":0,"comment_status":"closed","ping_status":"closed","template":"","meta":{"footnotes":""},"class_list":["post-770","page","type-page","status-publish","hentry"],"yoast_head":"<!-- This site is optimized with the Yoast SEO plugin v26.4 - https:\/\/yoast.com\/wordpress\/plugins\/seo\/ -->\n<title>CIEE Aracaju: Vagas de Emprego, Cursos, Login, Cadastro, Endere\u00e7o<\/title>\n<meta name=\"description\" content=\"Veja sobre o ( CIEE em Aracaju ) - Informa\u00e7\u00f5es, vagas de emprego, cursos, login, hor\u00e1rio de funcionamento, endere\u00e7o e telefone. CLIQUE AQUI!\" \/>\n<meta name=\"robots\" content=\"index, follow, max-snippet:-1, max-image-preview:large, max-video-preview:-1\" \/>\n<link rel=\"canonical\" href=\"https:\/\/www.encontraaracaju.com.br\/sobre\/ciee-aracaju\/\" \/>\n<meta property=\"og:locale\" content=\"pt_BR\" \/>\n<meta property=\"og:type\" content=\"article\" \/>\n<meta property=\"og:title\" content=\"CIEE Aracaju: Vagas de Emprego, Cursos, Login, Cadastro, Endere\u00e7o\" \/>\n<meta property=\"og:description\" content=\"Veja sobre o ( CIEE em Aracaju ) - Informa\u00e7\u00f5es, vagas de emprego, cursos, login, hor\u00e1rio de funcionamento, endere\u00e7o e telefone. CLIQUE AQUI!\" \/>\n<meta property=\"og:url\" content=\"https:\/\/www.encontraaracaju.com.br\/sobre\/ciee-aracaju\/\" \/>\n<meta property=\"og:site_name\" content=\"Encontra Aracaju\" \/>\n<meta property=\"og:image\" content=\"https:\/\/www.encontraaracaju.com.br\/sobre\/wp-content\/uploads\/2019\/07\/ciee-curitiba.gif\" \/>\n<meta name=\"twitter:card\" content=\"summary_large_image\" \/>\n<meta name=\"twitter:label1\" content=\"Est. tempo de leitura\" \/>\n\t<meta name=\"twitter:data1\" content=\"3 minutos\" \/>\n<script type=\"application\/ld+json\" class=\"yoast-schema-graph\">{\"@context\":\"https:\/\/schema.org\",\"@graph\":[{\"@type\":\"WebPage\",\"@id\":\"https:\/\/www.encontraaracaju.com.br\/sobre\/ciee-aracaju\/\",\"url\":\"https:\/\/www.encontraaracaju.com.br\/sobre\/ciee-aracaju\/\",\"name\":\"CIEE Aracaju: Vagas de Emprego, Cursos, Login, Cadastro, Endere\u00e7o\",\"isPartOf\":{\"@id\":\"https:\/\/www.encontraaracaju.com.br\/sobre\/#website\"},\"primaryImageOfPage\":{\"@id\":\"https:\/\/www.encontraaracaju.com.br\/sobre\/ciee-aracaju\/#primaryimage\"},\"image\":{\"@id\":\"https:\/\/www.encontraaracaju.com.br\/sobre\/ciee-aracaju\/#primaryimage\"},\"thumbnailUrl\":\"https:\/\/www.encontraaracaju.com.br\/sobre\/wp-content\/uploads\/2019\/07\/ciee-curitiba.gif\",\"datePublished\":\"2019-07-15T07:42:35+00:00\",\"description\":\"Veja sobre o ( CIEE em Aracaju ) - Informa\u00e7\u00f5es, vagas de emprego, cursos, login, hor\u00e1rio de funcionamento, endere\u00e7o e telefone. CLIQUE AQUI!\",\"breadcrumb\":{\"@id\":\"https:\/\/www.encontraaracaju.com.br\/sobre\/ciee-aracaju\/#breadcrumb\"},\"inLanguage\":\"pt-BR\",\"potentialAction\":[{\"@type\":\"ReadAction\",\"target\":[\"https:\/\/www.encontraaracaju.com.br\/sobre\/ciee-aracaju\/\"]}]},{\"@type\":\"ImageObject\",\"inLanguage\":\"pt-BR\",\"@id\":\"https:\/\/www.encontraaracaju.com.br\/sobre\/ciee-aracaju\/#primaryimage\",\"url\":\"https:\/\/www.encontraaracaju.com.br\/sobre\/wp-content\/uploads\/2019\/07\/ciee-curitiba.gif\",\"contentUrl\":\"https:\/\/www.encontraaracaju.com.br\/sobre\/wp-content\/uploads\/2019\/07\/ciee-curitiba.gif\",\"width\":680,\"height\":189},{\"@type\":\"BreadcrumbList\",\"@id\":\"https:\/\/www.encontraaracaju.com.br\/sobre\/ciee-aracaju\/#breadcrumb\",\"itemListElement\":[{\"@type\":\"ListItem\",\"position\":1,\"name\":\"In\u00edcio\",\"item\":\"https:\/\/www.encontraaracaju.com.br\/sobre\/\"},{\"@type\":\"ListItem\",\"position\":2,\"name\":\"CIEE Aracaju\"}]},{\"@type\":\"WebSite\",\"@id\":\"https:\/\/www.encontraaracaju.com.br\/sobre\/#website\",\"url\":\"https:\/\/www.encontraaracaju.com.br\/sobre\/\",\"name\":\"Encontra Aracaju\",\"description\":\"Not\u00edcias, eventos, informa\u00e7\u00f5es e dicas na cidade Aracaju e regi\u00e3o.\",\"potentialAction\":[{\"@type\":\"SearchAction\",\"target\":{\"@type\":\"EntryPoint\",\"urlTemplate\":\"https:\/\/www.encontraaracaju.com.br\/sobre\/?s={search_term_string}\"},\"query-input\":{\"@type\":\"PropertyValueSpecification\",\"valueRequired\":true,\"valueName\":\"search_term_string\"}}],\"inLanguage\":\"pt-BR\"}]}<\/script>\n<!-- \/ Yoast SEO plugin. -->","yoast_head_json":{"title":"CIEE Aracaju: Vagas de Emprego, Cursos, Login, Cadastro, Endere\u00e7o","description":"Veja sobre o ( CIEE em Aracaju ) - Informa\u00e7\u00f5es, vagas de emprego, cursos, login, hor\u00e1rio de funcionamento, endere\u00e7o e telefone. CLIQUE AQUI!","robots":{"index":"index","follow":"follow","max-snippet":"max-snippet:-1","max-image-preview":"max-image-preview:large","max-video-preview":"max-video-preview:-1"},"canonical":"https:\/\/www.encontraaracaju.com.br\/sobre\/ciee-aracaju\/","og_locale":"pt_BR","og_type":"article","og_title":"CIEE Aracaju: Vagas de Emprego, Cursos, Login, Cadastro, Endere\u00e7o","og_description":"Veja sobre o ( CIEE em Aracaju ) - Informa\u00e7\u00f5es, vagas de emprego, cursos, login, hor\u00e1rio de funcionamento, endere\u00e7o e telefone. CLIQUE AQUI!","og_url":"https:\/\/www.encontraaracaju.com.br\/sobre\/ciee-aracaju\/","og_site_name":"Encontra Aracaju","og_image":[{"url":"https:\/\/www.encontraaracaju.com.br\/sobre\/wp-content\/uploads\/2019\/07\/ciee-curitiba.gif","type":"","width":"","height":""}],"twitter_card":"summary_large_image","twitter_misc":{"Est. tempo de leitura":"3 minutos"},"schema":{"@context":"https:\/\/schema.org","@graph":[{"@type":"WebPage","@id":"https:\/\/www.encontraaracaju.com.br\/sobre\/ciee-aracaju\/","url":"https:\/\/www.encontraaracaju.com.br\/sobre\/ciee-aracaju\/","name":"CIEE Aracaju: Vagas de Emprego, Cursos, Login, Cadastro, Endere\u00e7o","isPartOf":{"@id":"https:\/\/www.encontraaracaju.com.br\/sobre\/#website"},"primaryImageOfPage":{"@id":"https:\/\/www.encontraaracaju.com.br\/sobre\/ciee-aracaju\/#primaryimage"},"image":{"@id":"https:\/\/www.encontraaracaju.com.br\/sobre\/ciee-aracaju\/#primaryimage"},"thumbnailUrl":"https:\/\/www.encontraaracaju.com.br\/sobre\/wp-content\/uploads\/2019\/07\/ciee-curitiba.gif","datePublished":"2019-07-15T07:42:35+00:00","description":"Veja sobre o ( CIEE em Aracaju ) - Informa\u00e7\u00f5es, vagas de emprego, cursos, login, hor\u00e1rio de funcionamento, endere\u00e7o e telefone. CLIQUE AQUI!","breadcrumb":{"@id":"https:\/\/www.encontraaracaju.com.br\/sobre\/ciee-aracaju\/#breadcrumb"},"inLanguage":"pt-BR","potentialAction":[{"@type":"ReadAction","target":["https:\/\/www.encontraaracaju.com.br\/sobre\/ciee-aracaju\/"]}]},{"@type":"ImageObject","inLanguage":"pt-BR","@id":"https:\/\/www.encontraaracaju.com.br\/sobre\/ciee-aracaju\/#primaryimage","url":"https:\/\/www.encontraaracaju.com.br\/sobre\/wp-content\/uploads\/2019\/07\/ciee-curitiba.gif","contentUrl":"https:\/\/www.encontraaracaju.com.br\/sobre\/wp-content\/uploads\/2019\/07\/ciee-curitiba.gif","width":680,"height":189},{"@type":"BreadcrumbList","@id":"https:\/\/www.encontraaracaju.com.br\/sobre\/ciee-aracaju\/#breadcrumb","itemListElement":[{"@type":"ListItem","position":1,"name":"In\u00edcio","item":"https:\/\/www.encontraaracaju.com.br\/sobre\/"},{"@type":"ListItem","position":2,"name":"CIEE Aracaju"}]},{"@type":"WebSite","@id":"https:\/\/www.encontraaracaju.com.br\/sobre\/#website","url":"https:\/\/www.encontraaracaju.com.br\/sobre\/","name":"Encontra Aracaju","description":"Not\u00edcias, eventos, informa\u00e7\u00f5es e dicas na cidade Aracaju e regi\u00e3o.","potentialAction":[{"@type":"SearchAction","target":{"@type":"EntryPoint","urlTemplate":"https:\/\/www.encontraaracaju.com.br\/sobre\/?s={search_term_string}"},"query-input":{"@type":"PropertyValueSpecification","valueRequired":true,"valueName":"search_term_string"}}],"inLanguage":"pt-BR"}]}},"_links":{"self":[{"href":"https:\/\/www.encontraaracaju.com.br\/sobre\/wp-json\/wp\/v2\/pages\/770","targetHints":{"allow":["GET"]}}],"collection":[{"href":"https:\/\/www.encontraaracaju.com.br\/sobre\/wp-json\/wp\/v2\/pages"}],"about":[{"href":"https:\/\/www.encontraaracaju.com.br\/sobre\/wp-json\/wp\/v2\/types\/page"}],"author":[{"embeddable":true,"href":"https:\/\/www.encontraaracaju.com.br\/sobre\/wp-json\/wp\/v2\/users\/1"}],"replies":[{"embeddable":true,"href":"https:\/\/www.encontraaracaju.com.br\/sobre\/wp-json\/wp\/v2\/comments?post=770"}],"version-history":[{"count":0,"href":"https:\/\/www.encontraaracaju.com.br\/sobre\/wp-json\/wp\/v2\/pages\/770\/revisions"}],"wp:attachment":[{"href":"https:\/\/www.encontraaracaju.com.br\/sobre\/wp-json\/wp\/v2\/media?parent=770"}],"curies":[{"name":"wp","href":"https:\/\/api.w.org\/{rel}","templated":true}]}}