{"id":694,"date":"2019-06-22T05:30:00","date_gmt":"2019-06-22T08:30:00","guid":{"rendered":"https:\/\/www.encontraaracaju.com.br\/sobre\/?page_id=694"},"modified":"2019-06-22T05:30:45","modified_gmt":"2019-06-22T08:30:45","slug":"projeto-tamar-aracaju","status":"publish","type":"page","link":"https:\/\/www.encontraaracaju.com.br\/sobre\/projeto-tamar-aracaju\/","title":{"rendered":"Projeto Tamar Aracaju"},"content":{"rendered":"<div class=\"0de350683d360aa04277a39db0bae410\" data-index=\"1\" style=\"float: none; margin:0px;\">\n<!-- Anuncio display - global -->\r\n<ins class=\"adsbygoogle\"\r\n     style=\"display:block\"\r\n     data-ad-client=\"ca-pub-8585364105181520\"\r\n     data-ad-slot=\"8789329856\"\r\n     data-ad-format=\"auto\"\r\n     data-full-width-responsive=\"true\"><\/ins>\r\n<script>\r\n     (adsbygoogle = window.adsbygoogle || []).push({});\r\n<\/script>\n<\/div>\n<p>O <strong>Projeto TAMAR<\/strong> \u00e9 um projeto conservacionista brasileiro, que revolucionou a luta pela preserva\u00e7\u00e3o de esp\u00e9cies amea\u00e7adas de extin\u00e7\u00e3o. Atua na busca pela preserva\u00e7\u00e3o das tartarugas-marinhas amea\u00e7adas de extin\u00e7\u00e3o.<\/p>\n<p>O nome TAMAR \u00e9 uma contra\u00e7\u00e3o das palavras tartaruga e marinha, necess\u00e1ria, no in\u00edcio da d\u00e9cada de 1980, para a confec\u00e7\u00e3o das pequenas placas de metal utilizadas para a identifica\u00e7\u00e3o dos esp\u00e9cimes pelo Projeto, para estudos de biometria, monitoramento das rotas migrat\u00f3rias e outros.<\/p>\n<p><img loading=\"lazy\" decoding=\"async\" class=\"alignnone wp-image-695 size-full\" title=\"Projeto Tamar Aracaju\" src=\"https:\/\/www.encontraaracaju.com.br\/sobre\/wp-content\/uploads\/2019\/06\/projeto-tamar-aracaju.gif\" alt=\"Projeto Tamar Aracaju\" width=\"680\" height=\"189\" \/><\/p>\n<p>Desde ent\u00e3o, o nome passou a designar o Programa Brasileiro de Conserva\u00e7\u00e3o das Tartarugas Marinhas, executado pelo ICMBio, atrav\u00e9s do Centro Nacional de Pesquisa e Conserva\u00e7\u00e3o de Tartarugas Marinhas, do Instituto Chico Mendes de Conserva\u00e7\u00e3o da Biodiversidade.<\/p>\n<h2>Projeto Tamar Aracaju<\/h2>\n<p>O <strong>Projeto Tamar Aracaju<\/strong> foi inaugurado em junho de 2002 e tem capacidade para receber at\u00e9 300 pessoas ao mesmo tempo, alcan\u00e7ando a marca de aproximadamente 120 mil visitantes\/ano.<\/p>\n<p>\u00c9 o primeiro ocean\u00e1rio do Nordeste e o quinto do Brasil. E foi criado, constru\u00eddo e \u00e9 mantido e administrado pela Funda\u00e7\u00e3o Pr\u00f3-Tamar, atrav\u00e9s da coordena\u00e7\u00e3o regional do Projeto Tamar em Sergipe. Instalado na praia da Atalaia, a 500m do mar, ocupa 141 mil m2 de \u00e1rea cedida pelo Governo Federal, atrav\u00e9s de contrato de cess\u00e3o entre o Servi\u00e7o de Patrim\u00f4nio da Uni\u00e3o e a Funda\u00e7\u00e3o Pr\u00f3-Tamar.<\/p>\n<p>Tem \u00e1rea constru\u00edda de 1.700 m\u00b2, na forma de uma tartaruga gigante, com a cobertura em eucalipto e pia\u00e7ava. \u00c9 um dos atrativos tur\u00edsticos de Aracaju, destacando-se na moderna e revitalizada Orla de Atalaia, entre espelhos d\u2019\u00e1gua com pontes, cal\u00e7ad\u00e3o, ciclovia e espa\u00e7o para exposi\u00e7\u00f5es, shows e esportes aqu\u00e1ticos.<\/p>\n<p>Atrav\u00e9s de atividades regulares, como visitas orientadas, palestras e exposi\u00e7\u00f5es, favorece a sensibiliza\u00e7\u00e3o de moradores e visitantes para a conserva\u00e7\u00e3o do ecossistema marinho e das riquezas do rio S\u00e3o Francisco. Palestras, mostras de v\u00eddeo e aulas junto aos aqu\u00e1rios, permitem aos visitantes aprenderem sobre o ecossistema do litoral sergipano e conhecerem diversas esp\u00e9cies de animais marinhos.<\/p>\n<h3>Projeto Tamar Aracaju Hist\u00f3ria<\/h3>\n<p>Nos dias e noites em que o grupo de estudantes da Universidade Federal do Rio Grande ficou no Atol das Rocas, ao amanhecer, encontrou rastros e muita areia remexida na praia, mas eles n\u00e3o se davam conta de que a mudan\u00e7a no cen\u00e1rio era produzida pelas tartarugas que subiam \u00e0 praia para desovar, durante a madrugada. Em uma dessas noites, os pescadores que acompanhavam os estudantes mataram onze tartarugas de uma s\u00f3 vez. A imagem foi chocante para os que viram a cena, devidamente fotografada.<\/p>\n<p>As expedi\u00e7\u00f5es a praias desertas e distantes e a pesquisa dirigida, com o apoio do Museu Oceanogr\u00e1fico de Rio Grande, acabaram servindo de alerta para a necessidade urgente de prote\u00e7\u00e3o do ecossistema marinho. Foi assim que a Faculdade de Oceanografia da FURG, onde ainda n\u00e3o se falava em conserva\u00e7\u00e3o, acabou formando uma gera\u00e7\u00e3o pioneira de ambientalistas no pa\u00eds, pois todos passaram a se dedicar profissionalmente \u00e0 conserva\u00e7\u00e3o marinha.<\/p>\n<h3>Projeto Tamar Aracaju Tv Tamar<\/h3>\n<p>Voc\u00ea pode conhecer mais de perto assistindo os <em>v\u00eddeos do Projeto Tamar, <\/em>acesse a p\u00e1gina <a href=\"https:\/\/www.youtube.com\/user\/TVTamar\" target=\"_blank\" rel=\"noopener noreferrer\">www.youtube.com\/user\/TVTamar<\/a> e mergulhe nas lindas imagens.<\/p>\n<h3>Hor\u00e1rio de Funcionamento Projeto Tamar em Aracaju<\/h3>\n<ul>\n<li>Segunda a S\u00e1bado das 09h \u00e0s 21h \/ Domingo das 10h \u00e0s 18hv<\/li>\n<\/ul>\n<h3>Onde fica, Endere\u00e7o e Telefone Projeto Tamar em Aracaju<\/h3>\n<ul>\n<li>Av. Santos Dumont, 1010 &#8211; Atalaia &#8211; Aracaju &#8211; SE<\/li>\n<li>Telefone: (79) 3243-3214<\/li>\n<\/ul>\n<h4>Outras informa\u00e7\u00f5es e site<\/h4>\n<ul>\n<li>Mais informa\u00e7\u00f5es: <a href=\"https:\/\/www.tamar.org.br\/\" target=\"_blank\" rel=\"noopener noreferrer\">www.tamar.org.br<\/a><\/li>\n<\/ul>\n<h4>Mapa de localiza\u00e7\u00e3o<\/h4>\n<a class=\"wp-colorbox-iframe\" href=\"https:\/\/www.google.com\/maps\/embed?pb=!1m18!1m12!1m3!1d3916.63406063956!2d-37.05278308519733!3d-10.99096949217617!2m3!1f0!2f0!3f0!3m2!1i1024!2i768!4f13.1!3m3!1m2!1s0x71ab128a91109cf0x91ab97d5720a6120!2sAv.+Santos+Dumont+1010+-+Atalaia+Aracaju+-+SE+49035-730!5e0!3m2!1spt-BR!2sbr!4v1561192022622!5m2!1spt-BR!2sbr\"><img decoding=\"async\" src=\"http:\/\/www.encontraaracaju.com.br\/imgs\/maps-post.png\"><\/a>\n\n<div style=\"font-size: 0px; height: 0px; line-height: 0px; margin: 0; padding: 0; clear: both;\"><\/div>","protected":false},"excerpt":{"rendered":"<p>O Projeto TAMAR \u00e9 um projeto conservacionista brasileiro, que revolucionou a luta pela preserva\u00e7\u00e3o de esp\u00e9cies amea\u00e7adas de extin\u00e7\u00e3o. Atua na busca pela preserva\u00e7\u00e3o das tartarugas-marinhas amea\u00e7adas de extin\u00e7\u00e3o. O nome TAMAR \u00e9 uma contra\u00e7\u00e3o das palavras tartaruga e marinha, necess\u00e1ria, no in\u00edcio da d\u00e9cada de 1980, para a confec\u00e7\u00e3o das pequenas placas de metal utilizadas para a identifica\u00e7\u00e3o dos esp\u00e9cimes pelo Projeto, para estudos de biometria, monitoramento das rotas migrat\u00f3rias e outros. Desde ent\u00e3o, o nome passou a designar o Programa Brasileiro de Conserva\u00e7\u00e3o das Tartarugas Marinhas, executado pelo ICMBio, atrav\u00e9s do Centro Nacional de Pesquisa e Conserva\u00e7\u00e3o de <\/p>\n","protected":false},"author":1,"featured_media":0,"parent":0,"menu_order":0,"comment_status":"closed","ping_status":"closed","template":"","meta":{"footnotes":""},"class_list":["post-694","page","type-page","status-publish","hentry"],"yoast_head":"<!-- This site is optimized with the Yoast SEO plugin v26.4 - https:\/\/yoast.com\/wordpress\/plugins\/seo\/ -->\n<title>Projeto Tamar Aracaju: Hist\u00f3ria, TV Tamar, Endere\u00e7o, Telefone<\/title>\n<meta name=\"description\" content=\"Veja sobre o ( Projeto Tamar em Aracaju ) - Informa\u00e7\u00f5es, hist\u00f3ria, tv tamar, hor\u00e1rio de funcionamento, endere\u00e7o e telefone. CLIQUE AQUI!\" \/>\n<meta name=\"robots\" content=\"index, follow, max-snippet:-1, max-image-preview:large, max-video-preview:-1\" \/>\n<link rel=\"canonical\" href=\"https:\/\/www.encontraaracaju.com.br\/sobre\/projeto-tamar-aracaju\/\" \/>\n<meta property=\"og:locale\" content=\"pt_BR\" \/>\n<meta property=\"og:type\" content=\"article\" \/>\n<meta property=\"og:title\" content=\"Projeto Tamar Aracaju: Hist\u00f3ria, TV Tamar, Endere\u00e7o, Telefone\" \/>\n<meta property=\"og:description\" content=\"Veja sobre o ( Projeto Tamar em Aracaju ) - Informa\u00e7\u00f5es, hist\u00f3ria, tv tamar, hor\u00e1rio de funcionamento, endere\u00e7o e telefone. CLIQUE AQUI!\" \/>\n<meta property=\"og:url\" content=\"https:\/\/www.encontraaracaju.com.br\/sobre\/projeto-tamar-aracaju\/\" \/>\n<meta property=\"og:site_name\" content=\"Encontra Aracaju\" \/>\n<meta property=\"article:modified_time\" content=\"2019-06-22T08:30:45+00:00\" \/>\n<meta property=\"og:image\" content=\"https:\/\/www.encontraaracaju.com.br\/sobre\/wp-content\/uploads\/2019\/06\/projeto-tamar-aracaju.gif\" \/>\n<meta name=\"twitter:card\" content=\"summary_large_image\" \/>\n<meta name=\"twitter:label1\" content=\"Est. tempo de leitura\" \/>\n\t<meta name=\"twitter:data1\" content=\"3 minutos\" \/>\n<script type=\"application\/ld+json\" class=\"yoast-schema-graph\">{\"@context\":\"https:\/\/schema.org\",\"@graph\":[{\"@type\":\"WebPage\",\"@id\":\"https:\/\/www.encontraaracaju.com.br\/sobre\/projeto-tamar-aracaju\/\",\"url\":\"https:\/\/www.encontraaracaju.com.br\/sobre\/projeto-tamar-aracaju\/\",\"name\":\"Projeto Tamar Aracaju: Hist\u00f3ria, TV Tamar, Endere\u00e7o, Telefone\",\"isPartOf\":{\"@id\":\"https:\/\/www.encontraaracaju.com.br\/sobre\/#website\"},\"primaryImageOfPage\":{\"@id\":\"https:\/\/www.encontraaracaju.com.br\/sobre\/projeto-tamar-aracaju\/#primaryimage\"},\"image\":{\"@id\":\"https:\/\/www.encontraaracaju.com.br\/sobre\/projeto-tamar-aracaju\/#primaryimage\"},\"thumbnailUrl\":\"https:\/\/www.encontraaracaju.com.br\/sobre\/wp-content\/uploads\/2019\/06\/projeto-tamar-aracaju.gif\",\"datePublished\":\"2019-06-22T08:30:00+00:00\",\"dateModified\":\"2019-06-22T08:30:45+00:00\",\"description\":\"Veja sobre o ( Projeto Tamar em Aracaju ) - Informa\u00e7\u00f5es, hist\u00f3ria, tv tamar, hor\u00e1rio de funcionamento, endere\u00e7o e telefone. CLIQUE AQUI!\",\"breadcrumb\":{\"@id\":\"https:\/\/www.encontraaracaju.com.br\/sobre\/projeto-tamar-aracaju\/#breadcrumb\"},\"inLanguage\":\"pt-BR\",\"potentialAction\":[{\"@type\":\"ReadAction\",\"target\":[\"https:\/\/www.encontraaracaju.com.br\/sobre\/projeto-tamar-aracaju\/\"]}]},{\"@type\":\"ImageObject\",\"inLanguage\":\"pt-BR\",\"@id\":\"https:\/\/www.encontraaracaju.com.br\/sobre\/projeto-tamar-aracaju\/#primaryimage\",\"url\":\"https:\/\/www.encontraaracaju.com.br\/sobre\/wp-content\/uploads\/2019\/06\/projeto-tamar-aracaju.gif\",\"contentUrl\":\"https:\/\/www.encontraaracaju.com.br\/sobre\/wp-content\/uploads\/2019\/06\/projeto-tamar-aracaju.gif\",\"width\":680,\"height\":189},{\"@type\":\"BreadcrumbList\",\"@id\":\"https:\/\/www.encontraaracaju.com.br\/sobre\/projeto-tamar-aracaju\/#breadcrumb\",\"itemListElement\":[{\"@type\":\"ListItem\",\"position\":1,\"name\":\"In\u00edcio\",\"item\":\"https:\/\/www.encontraaracaju.com.br\/sobre\/\"},{\"@type\":\"ListItem\",\"position\":2,\"name\":\"Projeto Tamar Aracaju\"}]},{\"@type\":\"WebSite\",\"@id\":\"https:\/\/www.encontraaracaju.com.br\/sobre\/#website\",\"url\":\"https:\/\/www.encontraaracaju.com.br\/sobre\/\",\"name\":\"Encontra Aracaju\",\"description\":\"Not\u00edcias, eventos, informa\u00e7\u00f5es e dicas na cidade Aracaju e regi\u00e3o.\",\"potentialAction\":[{\"@type\":\"SearchAction\",\"target\":{\"@type\":\"EntryPoint\",\"urlTemplate\":\"https:\/\/www.encontraaracaju.com.br\/sobre\/?s={search_term_string}\"},\"query-input\":{\"@type\":\"PropertyValueSpecification\",\"valueRequired\":true,\"valueName\":\"search_term_string\"}}],\"inLanguage\":\"pt-BR\"}]}<\/script>\n<!-- \/ Yoast SEO plugin. -->","yoast_head_json":{"title":"Projeto Tamar Aracaju: Hist\u00f3ria, TV Tamar, Endere\u00e7o, Telefone","description":"Veja sobre o ( Projeto Tamar em Aracaju ) - Informa\u00e7\u00f5es, hist\u00f3ria, tv tamar, hor\u00e1rio de funcionamento, endere\u00e7o e telefone. CLIQUE AQUI!","robots":{"index":"index","follow":"follow","max-snippet":"max-snippet:-1","max-image-preview":"max-image-preview:large","max-video-preview":"max-video-preview:-1"},"canonical":"https:\/\/www.encontraaracaju.com.br\/sobre\/projeto-tamar-aracaju\/","og_locale":"pt_BR","og_type":"article","og_title":"Projeto Tamar Aracaju: Hist\u00f3ria, TV Tamar, Endere\u00e7o, Telefone","og_description":"Veja sobre o ( Projeto Tamar em Aracaju ) - Informa\u00e7\u00f5es, hist\u00f3ria, tv tamar, hor\u00e1rio de funcionamento, endere\u00e7o e telefone. CLIQUE AQUI!","og_url":"https:\/\/www.encontraaracaju.com.br\/sobre\/projeto-tamar-aracaju\/","og_site_name":"Encontra Aracaju","article_modified_time":"2019-06-22T08:30:45+00:00","og_image":[{"url":"https:\/\/www.encontraaracaju.com.br\/sobre\/wp-content\/uploads\/2019\/06\/projeto-tamar-aracaju.gif","type":"","width":"","height":""}],"twitter_card":"summary_large_image","twitter_misc":{"Est. tempo de leitura":"3 minutos"},"schema":{"@context":"https:\/\/schema.org","@graph":[{"@type":"WebPage","@id":"https:\/\/www.encontraaracaju.com.br\/sobre\/projeto-tamar-aracaju\/","url":"https:\/\/www.encontraaracaju.com.br\/sobre\/projeto-tamar-aracaju\/","name":"Projeto Tamar Aracaju: Hist\u00f3ria, TV Tamar, Endere\u00e7o, Telefone","isPartOf":{"@id":"https:\/\/www.encontraaracaju.com.br\/sobre\/#website"},"primaryImageOfPage":{"@id":"https:\/\/www.encontraaracaju.com.br\/sobre\/projeto-tamar-aracaju\/#primaryimage"},"image":{"@id":"https:\/\/www.encontraaracaju.com.br\/sobre\/projeto-tamar-aracaju\/#primaryimage"},"thumbnailUrl":"https:\/\/www.encontraaracaju.com.br\/sobre\/wp-content\/uploads\/2019\/06\/projeto-tamar-aracaju.gif","datePublished":"2019-06-22T08:30:00+00:00","dateModified":"2019-06-22T08:30:45+00:00","description":"Veja sobre o ( Projeto Tamar em Aracaju ) - Informa\u00e7\u00f5es, hist\u00f3ria, tv tamar, hor\u00e1rio de funcionamento, endere\u00e7o e telefone. CLIQUE AQUI!","breadcrumb":{"@id":"https:\/\/www.encontraaracaju.com.br\/sobre\/projeto-tamar-aracaju\/#breadcrumb"},"inLanguage":"pt-BR","potentialAction":[{"@type":"ReadAction","target":["https:\/\/www.encontraaracaju.com.br\/sobre\/projeto-tamar-aracaju\/"]}]},{"@type":"ImageObject","inLanguage":"pt-BR","@id":"https:\/\/www.encontraaracaju.com.br\/sobre\/projeto-tamar-aracaju\/#primaryimage","url":"https:\/\/www.encontraaracaju.com.br\/sobre\/wp-content\/uploads\/2019\/06\/projeto-tamar-aracaju.gif","contentUrl":"https:\/\/www.encontraaracaju.com.br\/sobre\/wp-content\/uploads\/2019\/06\/projeto-tamar-aracaju.gif","width":680,"height":189},{"@type":"BreadcrumbList","@id":"https:\/\/www.encontraaracaju.com.br\/sobre\/projeto-tamar-aracaju\/#breadcrumb","itemListElement":[{"@type":"ListItem","position":1,"name":"In\u00edcio","item":"https:\/\/www.encontraaracaju.com.br\/sobre\/"},{"@type":"ListItem","position":2,"name":"Projeto Tamar Aracaju"}]},{"@type":"WebSite","@id":"https:\/\/www.encontraaracaju.com.br\/sobre\/#website","url":"https:\/\/www.encontraaracaju.com.br\/sobre\/","name":"Encontra Aracaju","description":"Not\u00edcias, eventos, informa\u00e7\u00f5es e dicas na cidade Aracaju e regi\u00e3o.","potentialAction":[{"@type":"SearchAction","target":{"@type":"EntryPoint","urlTemplate":"https:\/\/www.encontraaracaju.com.br\/sobre\/?s={search_term_string}"},"query-input":{"@type":"PropertyValueSpecification","valueRequired":true,"valueName":"search_term_string"}}],"inLanguage":"pt-BR"}]}},"_links":{"self":[{"href":"https:\/\/www.encontraaracaju.com.br\/sobre\/wp-json\/wp\/v2\/pages\/694","targetHints":{"allow":["GET"]}}],"collection":[{"href":"https:\/\/www.encontraaracaju.com.br\/sobre\/wp-json\/wp\/v2\/pages"}],"about":[{"href":"https:\/\/www.encontraaracaju.com.br\/sobre\/wp-json\/wp\/v2\/types\/page"}],"author":[{"embeddable":true,"href":"https:\/\/www.encontraaracaju.com.br\/sobre\/wp-json\/wp\/v2\/users\/1"}],"replies":[{"embeddable":true,"href":"https:\/\/www.encontraaracaju.com.br\/sobre\/wp-json\/wp\/v2\/comments?post=694"}],"version-history":[{"count":0,"href":"https:\/\/www.encontraaracaju.com.br\/sobre\/wp-json\/wp\/v2\/pages\/694\/revisions"}],"wp:attachment":[{"href":"https:\/\/www.encontraaracaju.com.br\/sobre\/wp-json\/wp\/v2\/media?parent=694"}],"curies":[{"name":"wp","href":"https:\/\/api.w.org\/{rel}","templated":true}]}}