{"id":691,"date":"2019-06-22T05:14:44","date_gmt":"2019-06-22T08:14:44","guid":{"rendered":"https:\/\/www.encontraaracaju.com.br\/sobre\/?page_id=691"},"modified":"2019-06-22T05:14:44","modified_gmt":"2019-06-22T08:14:44","slug":"oceanario-aracaju","status":"publish","type":"page","link":"https:\/\/www.encontraaracaju.com.br\/sobre\/oceanario-aracaju\/","title":{"rendered":"Ocean\u00e1rio Aracaju"},"content":{"rendered":"<div class=\"0de350683d360aa04277a39db0bae410\" data-index=\"1\" style=\"float: none; margin:0px;\">\n<!-- Anuncio display - global -->\r\n<ins class=\"adsbygoogle\"\r\n     style=\"display:block\"\r\n     data-ad-client=\"ca-pub-8585364105181520\"\r\n     data-ad-slot=\"8789329856\"\r\n     data-ad-format=\"auto\"\r\n     data-full-width-responsive=\"true\"><\/ins>\r\n<script>\r\n     (adsbygoogle = window.adsbygoogle || []).push({});\r\n<\/script>\n<\/div>\n<p>O <strong>Ocean\u00e1rio de Aracaju<\/strong> foi inaugurado em junho de 2002 e tem capacidade para receber at\u00e9 300 pessoas ao mesmo tempo, alcan\u00e7ando a marca de aproximadamente 160 mil visitantes\/ano.<\/p>\n<p>\u00c9 o primeiro ocean\u00e1rio do Nordeste e o quinto do Brasil. Os outros ficam em S\u00e3o Paulo (Santos, Ubatuba, Aparecida do Norte e Guaruj\u00e1). O de Aracaju\/SE foi criado, constru\u00eddo e \u00e9 mantido e administrado pela Funda\u00e7\u00e3o Pr\u00f3-TAMAR, atrav\u00e9s da coordena\u00e7\u00e3o regional do Projeto TAMAR em Sergipe.<\/p>\n<p><img loading=\"lazy\" decoding=\"async\" class=\"alignnone wp-image-692 size-full\" title=\"Ocean\u00e1rio Aracaju\" src=\"https:\/\/www.encontraaracaju.com.br\/sobre\/wp-content\/uploads\/2019\/06\/oceanario-aracaju.gif\" alt=\"Ocean\u00e1rio Aracaju\" width=\"680\" height=\"189\" \/><\/p>\n<p>Instalado na praia da Atalaia, a 500m do mar, ocupa 141 mil m2 de \u00e1rea cedida pelo Governo Federal, atrav\u00e9s de contrato de cess\u00e3o entre o Servi\u00e7o de Patrim\u00f4nio da Uni\u00e3o e a Funda\u00e7\u00e3o Pr\u00f3-TAMAR. Tem \u00e1rea constru\u00edda de 1.700 m\u00b2, na forma de uma tartaruga gigante, com a cobertura em eucalipto e pia\u00e7ava. \u00c9 um dos atrativos tur\u00edsticos de Aracaju, destacando-se na moderna e revitalizada Orla de Atalaia, entre espelhos d\u2019\u00e1gua com pontes, cal\u00e7ad\u00e3o, ciclovia e espa\u00e7o para exposi\u00e7\u00f5es, apresenta\u00e7\u00f5es culturais e esportes aqu\u00e1ticos.<\/p>\n<p>Atrav\u00e9s de atividades regulares, como visitas orientadas, palestras e exposi\u00e7\u00f5es, favorece a sensibiliza\u00e7\u00e3o de moradores e visitantes para a conserva\u00e7\u00e3o do ecossistema marinho e das riquezas do rio S\u00e3o Francisco. Palestras, mostras de v\u00eddeo e aulas junto aos aqu\u00e1rios, permitem aos visitantes aprenderem sobre o ecossistema do litoral sergipano e conhecerem diversas esp\u00e9cies de animais marinhos.<\/p>\n<h2>Ocean\u00e1rio Aracaju Atra\u00e7\u00f5es<\/h2>\n<p>O Ocean\u00e1rio re\u00fane cerca de 70 esp\u00e9cies diferentes, todas nativas de Sergipe expostas em 18 aqu\u00e1rios (cinco de \u00e1gua doce e 13 de \u00e1gua salgada). Logo na entrada, fica o maior deles, o grande aqu\u00e1rio oce\u00e2nico, com 150 mil litros, abrigando cerca de 30 esp\u00e9cies, incluindo arraias, tubar\u00f5es, mor\u00e9ias, xar\u00e9us, caranhas, vermelhos e meros. Possui tamb\u00e9m a r\u00e9plica da parte submersa de uma plataforma petrol\u00edfera, fazendo com que o visitante entenda melhor a intera\u00e7\u00e3o da meio natural com essa estrutura existente no litoral sergipano, que \u00e9 produtor de petr\u00f3leo. Existem ainda quatro tanques: um onde os visitantes podem tocar em v\u00e1rias esp\u00e9cies de invertebrados, crust\u00e1ceos, moluscos e peixes, sempre com a orienta\u00e7\u00e3o de um monitor; dois tanques com esp\u00e9cies de tartarugas marinhas; e um tanque com tubar\u00f5es, onde o visitante poder\u00e1 observar de perto o comportamento da esp\u00e9cie.<\/p>\n<p>O tanque dos tubar\u00f5es \u00e9 um dos grandes destaques. Tem aproximadamente 2 mil litros de \u00e1gua e abriga quatro tubar\u00f5es-lixa. Todos os dias, \u00e0s 16h30, eles s\u00e3o alimentados. Durante esse per\u00edodo, os corajosos podem toc\u00e1-los enquanto eles sobem \u00e0 superf\u00edcie para pegar o alimento.<\/p>\n<p>Outra <em>atra\u00e7\u00e3o<\/em> \u00e9 o tanque das tartarugas, que conta com exemplares de Tartarugas-Oliva e Tartarugas Cabe\u00e7udas. Essas \u00faltimas chegam a medir 1,10 metro e pesar 150 quilos. Elas s\u00e3o alimentadas \u00e0s 10h30, ent\u00e3o esse \u00e9 um bom hor\u00e1rio para v\u00ea-las na superf\u00edcie.<\/p>\n<p>O espa\u00e7o conta ainda com arraias, moreias, v\u00e1rias esp\u00e9cies de peixes e programa\u00e7\u00e3o infantil, al\u00e9m de v\u00eddeos educativos sobre a preserva\u00e7\u00e3o do meio ambiente. Pelo telefone, \u00e9 poss\u00edvel agendar passeios em grupo e pedir a um especialista para falar sobre os animais.<\/p>\n<h3>Ocean\u00e1rio Aracaju Ingressos<\/h3>\n<p>Para maiores informa\u00e7\u00f5es sobre os <em>ingressos<\/em> do Ocean\u00e1rio acesse o site ou fa\u00e7a contato telef\u00f4nico e se informe.<em><br \/>\n<\/em><\/p>\n<h3>Hor\u00e1rio de Funcionamento Ocean\u00e1rio em Aracaju<\/h3>\n<ul>\n<li>Segunda a S\u00e1bado das 09h \u00e0s 21h \/ Domingo das 10h \u00e0s 18h<\/li>\n<\/ul>\n<h3>Onde fica, Endere\u00e7o e Telefone Ocean\u00e1rio em Aracaju<\/h3>\n<ul>\n<li>Av. Santos Dumont, 1010 &#8211; Atalaia &#8211; Aracaju &#8211; SE<\/li>\n<li>Telefone: (79) 3243-3214<\/li>\n<\/ul>\n<h4>Outras informa\u00e7\u00f5es e site<\/h4>\n<ul>\n<li>Mais informa\u00e7\u00f5es: <a href=\"https:\/\/www.tamar.org.br\/centros_visitantes.php?cod=10\" target=\"_blank\" rel=\"noopener noreferrer\">www.tamar.org.br<\/a><\/li>\n<li>E-mail: oceamar@tamar.org.br<\/li>\n<\/ul>\n<h4>Mapa de localiza\u00e7\u00e3o<\/h4>\n<a class=\"wp-colorbox-iframe\" href=\"https:\/\/www.google.com\/maps\/embed?pb=!1m14!1m8!1m3!1d15667.160275423757!2d-37.0409953!3d-10.9792124!3m2!1i1024!2i768!4f13.1!3m3!1m2!1s0x00x1ddfa0af95608102!2sProjeto+TAMAR+Aracaju+-+Patrocnio+Petrobras!5e0!3m2!1spt-BR!2sbr!4v1561191040032!5m2!1spt-BR!2sbr\"><img decoding=\"async\" src=\"http:\/\/www.encontraaracaju.com.br\/imgs\/maps-post.png\"><\/a>\n\n<div style=\"font-size: 0px; height: 0px; line-height: 0px; margin: 0; padding: 0; clear: both;\"><\/div>","protected":false},"excerpt":{"rendered":"<p>O Ocean\u00e1rio de Aracaju foi inaugurado em junho de 2002 e tem capacidade para receber at\u00e9 300 pessoas ao mesmo tempo, alcan\u00e7ando a marca de aproximadamente 160 mil visitantes\/ano. \u00c9 o primeiro ocean\u00e1rio do Nordeste e o quinto do Brasil. Os outros ficam em S\u00e3o Paulo (Santos, Ubatuba, Aparecida do Norte e Guaruj\u00e1). O de Aracaju\/SE foi criado, constru\u00eddo e \u00e9 mantido e administrado pela Funda\u00e7\u00e3o Pr\u00f3-TAMAR, atrav\u00e9s da coordena\u00e7\u00e3o regional do Projeto TAMAR em Sergipe. Instalado na praia da Atalaia, a 500m do mar, ocupa 141 mil m2 de \u00e1rea cedida pelo Governo Federal, atrav\u00e9s de contrato de cess\u00e3o <\/p>\n","protected":false},"author":1,"featured_media":0,"parent":0,"menu_order":0,"comment_status":"closed","ping_status":"closed","template":"","meta":{"footnotes":""},"class_list":["post-691","page","type-page","status-publish","hentry"],"yoast_head":"<!-- This site is optimized with the Yoast SEO plugin v26.4 - https:\/\/yoast.com\/wordpress\/plugins\/seo\/ -->\n<title>Ocean\u00e1rio Aracaju: Atra\u00e7\u00f5es, Ingressos, Endere\u00e7o, Telefone<\/title>\n<meta name=\"description\" content=\"Veja sobre o ( Ocean\u00e1rio em Aracaju ) - Informa\u00e7\u00f5es, atra\u00e7\u00f5es, ingressos, hor\u00e1rio de funcionamento, endere\u00e7o e telefone. CLIQUE AQUI!\" \/>\n<meta name=\"robots\" content=\"index, follow, max-snippet:-1, max-image-preview:large, max-video-preview:-1\" \/>\n<link rel=\"canonical\" href=\"https:\/\/www.encontraaracaju.com.br\/sobre\/oceanario-aracaju\/\" \/>\n<meta property=\"og:locale\" content=\"pt_BR\" \/>\n<meta property=\"og:type\" content=\"article\" \/>\n<meta property=\"og:title\" content=\"Ocean\u00e1rio Aracaju: Atra\u00e7\u00f5es, Ingressos, Endere\u00e7o, Telefone\" \/>\n<meta property=\"og:description\" content=\"Veja sobre o ( Ocean\u00e1rio em Aracaju ) - Informa\u00e7\u00f5es, atra\u00e7\u00f5es, ingressos, hor\u00e1rio de funcionamento, endere\u00e7o e telefone. CLIQUE AQUI!\" \/>\n<meta property=\"og:url\" content=\"https:\/\/www.encontraaracaju.com.br\/sobre\/oceanario-aracaju\/\" \/>\n<meta property=\"og:site_name\" content=\"Encontra Aracaju\" \/>\n<meta property=\"og:image\" content=\"https:\/\/www.encontraaracaju.com.br\/sobre\/wp-content\/uploads\/2019\/06\/oceanario-aracaju.gif\" \/>\n<meta name=\"twitter:card\" content=\"summary_large_image\" \/>\n<meta name=\"twitter:label1\" content=\"Est. tempo de leitura\" \/>\n\t<meta name=\"twitter:data1\" content=\"4 minutos\" \/>\n<script type=\"application\/ld+json\" class=\"yoast-schema-graph\">{\"@context\":\"https:\/\/schema.org\",\"@graph\":[{\"@type\":\"WebPage\",\"@id\":\"https:\/\/www.encontraaracaju.com.br\/sobre\/oceanario-aracaju\/\",\"url\":\"https:\/\/www.encontraaracaju.com.br\/sobre\/oceanario-aracaju\/\",\"name\":\"Ocean\u00e1rio Aracaju: Atra\u00e7\u00f5es, Ingressos, Endere\u00e7o, Telefone\",\"isPartOf\":{\"@id\":\"https:\/\/www.encontraaracaju.com.br\/sobre\/#website\"},\"primaryImageOfPage\":{\"@id\":\"https:\/\/www.encontraaracaju.com.br\/sobre\/oceanario-aracaju\/#primaryimage\"},\"image\":{\"@id\":\"https:\/\/www.encontraaracaju.com.br\/sobre\/oceanario-aracaju\/#primaryimage\"},\"thumbnailUrl\":\"https:\/\/www.encontraaracaju.com.br\/sobre\/wp-content\/uploads\/2019\/06\/oceanario-aracaju.gif\",\"datePublished\":\"2019-06-22T08:14:44+00:00\",\"description\":\"Veja sobre o ( Ocean\u00e1rio em Aracaju ) - Informa\u00e7\u00f5es, atra\u00e7\u00f5es, ingressos, hor\u00e1rio de funcionamento, endere\u00e7o e telefone. CLIQUE AQUI!\",\"breadcrumb\":{\"@id\":\"https:\/\/www.encontraaracaju.com.br\/sobre\/oceanario-aracaju\/#breadcrumb\"},\"inLanguage\":\"pt-BR\",\"potentialAction\":[{\"@type\":\"ReadAction\",\"target\":[\"https:\/\/www.encontraaracaju.com.br\/sobre\/oceanario-aracaju\/\"]}]},{\"@type\":\"ImageObject\",\"inLanguage\":\"pt-BR\",\"@id\":\"https:\/\/www.encontraaracaju.com.br\/sobre\/oceanario-aracaju\/#primaryimage\",\"url\":\"https:\/\/www.encontraaracaju.com.br\/sobre\/wp-content\/uploads\/2019\/06\/oceanario-aracaju.gif\",\"contentUrl\":\"https:\/\/www.encontraaracaju.com.br\/sobre\/wp-content\/uploads\/2019\/06\/oceanario-aracaju.gif\",\"width\":680,\"height\":189},{\"@type\":\"BreadcrumbList\",\"@id\":\"https:\/\/www.encontraaracaju.com.br\/sobre\/oceanario-aracaju\/#breadcrumb\",\"itemListElement\":[{\"@type\":\"ListItem\",\"position\":1,\"name\":\"In\u00edcio\",\"item\":\"https:\/\/www.encontraaracaju.com.br\/sobre\/\"},{\"@type\":\"ListItem\",\"position\":2,\"name\":\"Ocean\u00e1rio Aracaju\"}]},{\"@type\":\"WebSite\",\"@id\":\"https:\/\/www.encontraaracaju.com.br\/sobre\/#website\",\"url\":\"https:\/\/www.encontraaracaju.com.br\/sobre\/\",\"name\":\"Encontra Aracaju\",\"description\":\"Not\u00edcias, eventos, informa\u00e7\u00f5es e dicas na cidade Aracaju e regi\u00e3o.\",\"potentialAction\":[{\"@type\":\"SearchAction\",\"target\":{\"@type\":\"EntryPoint\",\"urlTemplate\":\"https:\/\/www.encontraaracaju.com.br\/sobre\/?s={search_term_string}\"},\"query-input\":{\"@type\":\"PropertyValueSpecification\",\"valueRequired\":true,\"valueName\":\"search_term_string\"}}],\"inLanguage\":\"pt-BR\"}]}<\/script>\n<!-- \/ Yoast SEO plugin. -->","yoast_head_json":{"title":"Ocean\u00e1rio Aracaju: Atra\u00e7\u00f5es, Ingressos, Endere\u00e7o, Telefone","description":"Veja sobre o ( Ocean\u00e1rio em Aracaju ) - Informa\u00e7\u00f5es, atra\u00e7\u00f5es, ingressos, hor\u00e1rio de funcionamento, endere\u00e7o e telefone. CLIQUE AQUI!","robots":{"index":"index","follow":"follow","max-snippet":"max-snippet:-1","max-image-preview":"max-image-preview:large","max-video-preview":"max-video-preview:-1"},"canonical":"https:\/\/www.encontraaracaju.com.br\/sobre\/oceanario-aracaju\/","og_locale":"pt_BR","og_type":"article","og_title":"Ocean\u00e1rio Aracaju: Atra\u00e7\u00f5es, Ingressos, Endere\u00e7o, Telefone","og_description":"Veja sobre o ( Ocean\u00e1rio em Aracaju ) - Informa\u00e7\u00f5es, atra\u00e7\u00f5es, ingressos, hor\u00e1rio de funcionamento, endere\u00e7o e telefone. CLIQUE AQUI!","og_url":"https:\/\/www.encontraaracaju.com.br\/sobre\/oceanario-aracaju\/","og_site_name":"Encontra Aracaju","og_image":[{"url":"https:\/\/www.encontraaracaju.com.br\/sobre\/wp-content\/uploads\/2019\/06\/oceanario-aracaju.gif","type":"","width":"","height":""}],"twitter_card":"summary_large_image","twitter_misc":{"Est. tempo de leitura":"4 minutos"},"schema":{"@context":"https:\/\/schema.org","@graph":[{"@type":"WebPage","@id":"https:\/\/www.encontraaracaju.com.br\/sobre\/oceanario-aracaju\/","url":"https:\/\/www.encontraaracaju.com.br\/sobre\/oceanario-aracaju\/","name":"Ocean\u00e1rio Aracaju: Atra\u00e7\u00f5es, Ingressos, Endere\u00e7o, Telefone","isPartOf":{"@id":"https:\/\/www.encontraaracaju.com.br\/sobre\/#website"},"primaryImageOfPage":{"@id":"https:\/\/www.encontraaracaju.com.br\/sobre\/oceanario-aracaju\/#primaryimage"},"image":{"@id":"https:\/\/www.encontraaracaju.com.br\/sobre\/oceanario-aracaju\/#primaryimage"},"thumbnailUrl":"https:\/\/www.encontraaracaju.com.br\/sobre\/wp-content\/uploads\/2019\/06\/oceanario-aracaju.gif","datePublished":"2019-06-22T08:14:44+00:00","description":"Veja sobre o ( Ocean\u00e1rio em Aracaju ) - Informa\u00e7\u00f5es, atra\u00e7\u00f5es, ingressos, hor\u00e1rio de funcionamento, endere\u00e7o e telefone. CLIQUE AQUI!","breadcrumb":{"@id":"https:\/\/www.encontraaracaju.com.br\/sobre\/oceanario-aracaju\/#breadcrumb"},"inLanguage":"pt-BR","potentialAction":[{"@type":"ReadAction","target":["https:\/\/www.encontraaracaju.com.br\/sobre\/oceanario-aracaju\/"]}]},{"@type":"ImageObject","inLanguage":"pt-BR","@id":"https:\/\/www.encontraaracaju.com.br\/sobre\/oceanario-aracaju\/#primaryimage","url":"https:\/\/www.encontraaracaju.com.br\/sobre\/wp-content\/uploads\/2019\/06\/oceanario-aracaju.gif","contentUrl":"https:\/\/www.encontraaracaju.com.br\/sobre\/wp-content\/uploads\/2019\/06\/oceanario-aracaju.gif","width":680,"height":189},{"@type":"BreadcrumbList","@id":"https:\/\/www.encontraaracaju.com.br\/sobre\/oceanario-aracaju\/#breadcrumb","itemListElement":[{"@type":"ListItem","position":1,"name":"In\u00edcio","item":"https:\/\/www.encontraaracaju.com.br\/sobre\/"},{"@type":"ListItem","position":2,"name":"Ocean\u00e1rio Aracaju"}]},{"@type":"WebSite","@id":"https:\/\/www.encontraaracaju.com.br\/sobre\/#website","url":"https:\/\/www.encontraaracaju.com.br\/sobre\/","name":"Encontra Aracaju","description":"Not\u00edcias, eventos, informa\u00e7\u00f5es e dicas na cidade Aracaju e regi\u00e3o.","potentialAction":[{"@type":"SearchAction","target":{"@type":"EntryPoint","urlTemplate":"https:\/\/www.encontraaracaju.com.br\/sobre\/?s={search_term_string}"},"query-input":{"@type":"PropertyValueSpecification","valueRequired":true,"valueName":"search_term_string"}}],"inLanguage":"pt-BR"}]}},"_links":{"self":[{"href":"https:\/\/www.encontraaracaju.com.br\/sobre\/wp-json\/wp\/v2\/pages\/691","targetHints":{"allow":["GET"]}}],"collection":[{"href":"https:\/\/www.encontraaracaju.com.br\/sobre\/wp-json\/wp\/v2\/pages"}],"about":[{"href":"https:\/\/www.encontraaracaju.com.br\/sobre\/wp-json\/wp\/v2\/types\/page"}],"author":[{"embeddable":true,"href":"https:\/\/www.encontraaracaju.com.br\/sobre\/wp-json\/wp\/v2\/users\/1"}],"replies":[{"embeddable":true,"href":"https:\/\/www.encontraaracaju.com.br\/sobre\/wp-json\/wp\/v2\/comments?post=691"}],"version-history":[{"count":0,"href":"https:\/\/www.encontraaracaju.com.br\/sobre\/wp-json\/wp\/v2\/pages\/691\/revisions"}],"wp:attachment":[{"href":"https:\/\/www.encontraaracaju.com.br\/sobre\/wp-json\/wp\/v2\/media?parent=691"}],"curies":[{"name":"wp","href":"https:\/\/api.w.org\/{rel}","templated":true}]}}