{"id":652,"date":"2019-06-14T13:33:35","date_gmt":"2019-06-14T16:33:35","guid":{"rendered":"https:\/\/www.encontraaracaju.com.br\/sobre\/?page_id=652"},"modified":"2019-06-14T13:33:35","modified_gmt":"2019-06-14T16:33:35","slug":"correios-aracaju","status":"publish","type":"page","link":"https:\/\/www.encontraaracaju.com.br\/sobre\/correios-aracaju\/","title":{"rendered":"Correios Aracaju"},"content":{"rendered":"<div class=\"0de350683d360aa04277a39db0bae410\" data-index=\"1\" style=\"float: none; margin:0px;\">\n<!-- Anuncio display - global -->\r\n<ins class=\"adsbygoogle\"\r\n     style=\"display:block\"\r\n     data-ad-client=\"ca-pub-8585364105181520\"\r\n     data-ad-slot=\"8789329856\"\r\n     data-ad-format=\"auto\"\r\n     data-full-width-responsive=\"true\"><\/ins>\r\n<script>\r\n     (adsbygoogle = window.adsbygoogle || []).push({});\r\n<\/script>\n<\/div>\n<p>Sua correspond\u00eancia entregue com efici\u00eancia atrav\u00e9s das ag\u00eancias dos Correios localizadas na cidade de Aracaju. Todas as ag\u00eancias dos Correios em Aracaju funcionam de Segunda a Sexta-feira das 9h \u00e0s 16 horas.<\/p>\n<p>J\u00e1 suas entregas ser\u00e3o feitas de acordo com a data de postagem e servi\u00e7o contratado no ato do envio. Confira abaixo a rela\u00e7\u00e3o de\u00a0<strong>Ag\u00eancias dos Correios em Aracaju<\/strong><em>:<\/em><\/p>\n<p><img loading=\"lazy\" decoding=\"async\" class=\"alignnone wp-image-653 size-full\" title=\"Correios Aracaju\" src=\"https:\/\/www.encontraaracaju.com.br\/sobre\/wp-content\/uploads\/2019\/06\/correios-curitiba.gif\" alt=\"Correios Aracaju\" width=\"680\" height=\"189\" \/><\/p>\n<h2>Hist\u00f3ria dos Correios<\/h2>\n<p>Os Correios tiveram sua origem no Brasil em 25 de janeiro de 1663, com a cria\u00e7\u00e3o do Correio-Mor no Rio de Janeiro, embora a capital da col\u00f4nia fosse ent\u00e3o Salvador. Em 1931 o decreto 20.859, de 26 de dezembro de 1931 funde a Diretoria Geral dos Correios com a Reparti\u00e7\u00e3o Geral dos Tel\u00e9grafos e cria o Departamento dos Correios e Tel\u00e9grafos. A ECT foi criada a 20 de mar\u00e7o de 1969, como empresa p\u00fablica vinculada ao Minist\u00e9rio das Comunica\u00e7\u00f5es mediante a transforma\u00e7\u00e3o da autarquia federal que era, ent\u00e3o, Departamento de Correios e Tel\u00e9grafos (DCT). A mudan\u00e7a n\u00e3o representou apenas uma troca de sigla, foi seguida por uma transforma\u00e7\u00e3o profunda no modelo de gest\u00e3o do setor postal brasileiro, tornando-o mais eficiente.[14]<\/p>\n<p>Nos anos que se seguiram, v\u00e1rios servi\u00e7os foram sendo incorporados ao portf\u00f3lio da empresa. Al\u00e9m dos tradicionais servi\u00e7os de cartas, malotes, selos e telegramas, entre os novos servi\u00e7os podem ser destacados os pertencentes \u00e0 fam\u00edlia SEDEX, servi\u00e7o de encomendas expressas. Ao todo s\u00e3o mais de cem produtos e servi\u00e7os oferecidos pela maior empregadora do Brasil (no in\u00edcio de 2008 com mais de 109 mil empregados pr\u00f3prios, al\u00e9m dos terceirizados), sendo a \u00fanica empresa a estar presente em todos os munic\u00edpios do pa\u00eds, com uma vasta rede de unidades pr\u00f3prias e franqueadas. Diversos dos produtos e servi\u00e7os da ECT podem ainda ser adquiridos pela internet.<\/p>\n<p><strong>Moderniza\u00e7\u00e3o<\/strong><br \/>\nDurante a d\u00e9cada de 1990, discutiu-se a possibilidade de uma moderniza\u00e7\u00e3o da empresa. A proposta do novo sistema postal estava baseada no aumento da oferta de servi\u00e7os, na moderniza\u00e7\u00e3o tecnol\u00f3gica e na consolida\u00e7\u00e3o e amplia\u00e7\u00e3o do papel social dos Correios como agente prestador de servi\u00e7os p\u00fablicos. Para isso, o Minist\u00e9rio das Comunica\u00e7\u00f5es do Governo do Presidente Fernando Henrique Cardoso desenvolveu um projeto para o setor postal brasileiro que foi implantado a partir de 1997, denominado Reforma Estrutural do Setor Postal Brasileiro (RESP). As diretrizes acionadas na elabora\u00e7\u00e3o da reestrutura\u00e7\u00e3o postal abarcavam os seguintes aspectos:<\/p>\n<ul>\n<li>Reforma Regulamentar do Setor Postal: defini\u00e7\u00e3o de um novo modelo de explora\u00e7\u00e3o dos servi\u00e7os postais no Brasil, envolvendo quest\u00f5es fundamentais como servi\u00e7os universais, monop\u00f3lio, controle da Empresa Brasileira de Correios e Tel\u00e9grafos \u2013 ECT, \u00f3rg\u00e3o regulador, etc.;<\/li>\n<li>Reforma comercial e organizacional da ECT: moderniza\u00e7\u00e3o da empresa, (\u2026) preparando-a para atuar em um novo contexto regulamentar a ser implantado no setor;<\/li>\n<li>Servi\u00e7os Financeiros Postais: a utiliza\u00e7\u00e3o da infraestrutura de atendimento da ECT para que, em parceria com o Sistema Financeiro Nacional, sejam prestados servi\u00e7os financeiros b\u00e1sicos \u00e0 parcela da sociedade atualmente n\u00e3o atendida pela rede banc\u00e1ria, isto \u00e9, a popula\u00e7\u00e3o rural e a popula\u00e7\u00e3o urbana de baixa renda.<\/li>\n<\/ul>\n<p>As propostas foram apresentadas na Nova Lei Postal, que tramitou, sem ser aprovada, at\u00e9 o in\u00edcio de 2003, quando foi arquivada. Durante os anos 2000, novamente os Correios foram alvo de propostas de mudan\u00e7as e moderniza\u00e7\u00e3o, retomando, em alguns aspectos, o que fora planejado na d\u00e9cada de 1990. A empresa, ao longo dos anos 2000, esteve no epicentro do esc\u00e2ndalo do \u201cMensal\u00e3o\u201d e apresentou problemas operacionais que foram divulgados como a \u201ccrise dos Correios\u201d. Apesar disso, a estatal foi palco de diversas inova\u00e7\u00f5es em seus processos gerenciais e comerciais<\/p>\n<h3>Lista de Correios em Aracaju<\/h3>\n<ul>\n<li><strong>Aracaju XI:<\/strong> Rua Padre Nestor Sampaio, 598 &#8211; Telefone: (79) 3217-6164<\/li>\n<li><strong>Luzia:<\/strong> Av. Ad\u00e9lia Franco, 3138 &#8211; Telefone: (79) 3231-6094<\/li>\n<li><strong>Siqueira Campos:<\/strong> Rua Acre, 1084 &#8211; Telefone: (79) 3003-0100<\/li>\n<li><strong>Cirurgia:<\/strong> Av. Des. Maynard, 1082 &#8211; Telefone: (79) 3022-3880<\/li>\n<li><strong>Conj. Orlando Dantas:<\/strong> Av. Francisco Jos\u00e9 da Fonseca, 1382 &#8211; Telefone: (79) 3251-2664<\/li>\n<li><strong>Centro:<\/strong> Rua Arau\u00e1, 600 &#8211; Telefone: (79) 3021-5023<\/li>\n<li><strong>Farol\u00e2ndia:<\/strong> Rua Tenente Waldir dos Santos, 75 &#8211; Telefone: (79) 3248-5321<\/li>\n<li><strong>Santo Ant\u00f4nio:<\/strong> Av. Jo\u00e3o Ribeiro, 1287 &#8211; Telefone: (79) 3215-4343<\/li>\n<li><strong>Aracaju VII:<\/strong> Av. Presidente Tancredo Neves, s\/n &#8211; Telefone: (79) 3259-2141<\/li>\n<li><strong>Siqueira Campos:<\/strong> Rua Carlos Correia, 357 &#8211; Telefone: (79) 3211-4558<\/li>\n<li><strong>Jardins:<\/strong> Av. Deputado Silvio Teixeira, 870 &#8211; Telefone: (79) 3024-6164<\/li>\n<li><strong>Jabotiana:<\/strong> Av. Presidente Tancredo Neves, s\/n &#8211; Telefone: (79) 3259-2925<\/li>\n<li><strong>Jos\u00e9 Conrado:<\/strong> Rua Alagoas, 1316 &#8211; Telefone: (790 3259-2925<\/li>\n<li><strong>Aeroporto:<\/strong> Rua Jo\u00e3o Batista Pimentel, 70 &#8211; Telefone: (79) 3214-4289<\/li>\n<li><b>Novo Para\u00edso:<\/b> Rua Belmiro Gomes, 430 &#8211; Telefone: (79) 2107-6100<\/li>\n<\/ul>\n\n<div style=\"font-size: 0px; height: 0px; line-height: 0px; margin: 0; padding: 0; clear: both;\"><\/div>","protected":false},"excerpt":{"rendered":"<p>Sua correspond\u00eancia entregue com efici\u00eancia atrav\u00e9s das ag\u00eancias dos Correios localizadas na cidade de Aracaju. Todas as ag\u00eancias dos Correios em Aracaju funcionam de Segunda a Sexta-feira das 9h \u00e0s 16 horas. J\u00e1 suas entregas ser\u00e3o feitas de acordo com a data de postagem e servi\u00e7o contratado no ato do envio. Confira abaixo a rela\u00e7\u00e3o de\u00a0Ag\u00eancias dos Correios em Aracaju: Hist\u00f3ria dos Correios Os Correios tiveram sua origem no Brasil em 25 de janeiro de 1663, com a cria\u00e7\u00e3o do Correio-Mor no Rio de Janeiro, embora a capital da col\u00f4nia fosse ent\u00e3o Salvador. Em 1931 o decreto 20.859, de 26 <\/p>\n","protected":false},"author":1,"featured_media":0,"parent":0,"menu_order":0,"comment_status":"closed","ping_status":"closed","template":"","meta":{"footnotes":""},"class_list":["post-652","page","type-page","status-publish","hentry"],"yoast_head":"<!-- This site is optimized with the Yoast SEO plugin v26.4 - https:\/\/yoast.com\/wordpress\/plugins\/seo\/ -->\n<title>Correios Aracaju: Hist\u00f3ria, Endere\u00e7o, Telefone<\/title>\n<meta name=\"description\" content=\"Veja sobre os ( Correios em Aracaju ) - Informa\u00e7\u00f5es, hist\u00f3ria, hor\u00e1rio de funcionamento, endere\u00e7o e telefone. CLIQUE AQUI!\" \/>\n<meta name=\"robots\" content=\"index, follow, max-snippet:-1, max-image-preview:large, max-video-preview:-1\" \/>\n<link rel=\"canonical\" href=\"https:\/\/www.encontraaracaju.com.br\/sobre\/correios-aracaju\/\" \/>\n<meta property=\"og:locale\" content=\"pt_BR\" \/>\n<meta property=\"og:type\" content=\"article\" \/>\n<meta property=\"og:title\" content=\"Correios Aracaju: Hist\u00f3ria, Endere\u00e7o, Telefone\" \/>\n<meta property=\"og:description\" content=\"Veja sobre os ( Correios em Aracaju ) - Informa\u00e7\u00f5es, hist\u00f3ria, hor\u00e1rio de funcionamento, endere\u00e7o e telefone. CLIQUE AQUI!\" \/>\n<meta property=\"og:url\" content=\"https:\/\/www.encontraaracaju.com.br\/sobre\/correios-aracaju\/\" \/>\n<meta property=\"og:site_name\" content=\"Encontra Aracaju\" \/>\n<meta property=\"og:image\" content=\"https:\/\/www.encontraaracaju.com.br\/sobre\/wp-content\/uploads\/2019\/06\/correios-curitiba.gif\" \/>\n<meta name=\"twitter:card\" content=\"summary_large_image\" \/>\n<meta name=\"twitter:label1\" content=\"Est. tempo de leitura\" \/>\n\t<meta name=\"twitter:data1\" content=\"4 minutos\" \/>\n<script type=\"application\/ld+json\" class=\"yoast-schema-graph\">{\"@context\":\"https:\/\/schema.org\",\"@graph\":[{\"@type\":\"WebPage\",\"@id\":\"https:\/\/www.encontraaracaju.com.br\/sobre\/correios-aracaju\/\",\"url\":\"https:\/\/www.encontraaracaju.com.br\/sobre\/correios-aracaju\/\",\"name\":\"Correios Aracaju: Hist\u00f3ria, Endere\u00e7o, Telefone\",\"isPartOf\":{\"@id\":\"https:\/\/www.encontraaracaju.com.br\/sobre\/#website\"},\"primaryImageOfPage\":{\"@id\":\"https:\/\/www.encontraaracaju.com.br\/sobre\/correios-aracaju\/#primaryimage\"},\"image\":{\"@id\":\"https:\/\/www.encontraaracaju.com.br\/sobre\/correios-aracaju\/#primaryimage\"},\"thumbnailUrl\":\"https:\/\/www.encontraaracaju.com.br\/sobre\/wp-content\/uploads\/2019\/06\/correios-curitiba.gif\",\"datePublished\":\"2019-06-14T16:33:35+00:00\",\"description\":\"Veja sobre os ( Correios em Aracaju ) - Informa\u00e7\u00f5es, hist\u00f3ria, hor\u00e1rio de funcionamento, endere\u00e7o e telefone. CLIQUE AQUI!\",\"breadcrumb\":{\"@id\":\"https:\/\/www.encontraaracaju.com.br\/sobre\/correios-aracaju\/#breadcrumb\"},\"inLanguage\":\"pt-BR\",\"potentialAction\":[{\"@type\":\"ReadAction\",\"target\":[\"https:\/\/www.encontraaracaju.com.br\/sobre\/correios-aracaju\/\"]}]},{\"@type\":\"ImageObject\",\"inLanguage\":\"pt-BR\",\"@id\":\"https:\/\/www.encontraaracaju.com.br\/sobre\/correios-aracaju\/#primaryimage\",\"url\":\"https:\/\/www.encontraaracaju.com.br\/sobre\/wp-content\/uploads\/2019\/06\/correios-curitiba.gif\",\"contentUrl\":\"https:\/\/www.encontraaracaju.com.br\/sobre\/wp-content\/uploads\/2019\/06\/correios-curitiba.gif\",\"width\":680,\"height\":189},{\"@type\":\"BreadcrumbList\",\"@id\":\"https:\/\/www.encontraaracaju.com.br\/sobre\/correios-aracaju\/#breadcrumb\",\"itemListElement\":[{\"@type\":\"ListItem\",\"position\":1,\"name\":\"In\u00edcio\",\"item\":\"https:\/\/www.encontraaracaju.com.br\/sobre\/\"},{\"@type\":\"ListItem\",\"position\":2,\"name\":\"Correios Aracaju\"}]},{\"@type\":\"WebSite\",\"@id\":\"https:\/\/www.encontraaracaju.com.br\/sobre\/#website\",\"url\":\"https:\/\/www.encontraaracaju.com.br\/sobre\/\",\"name\":\"Encontra Aracaju\",\"description\":\"Not\u00edcias, eventos, informa\u00e7\u00f5es e dicas na cidade Aracaju e regi\u00e3o.\",\"potentialAction\":[{\"@type\":\"SearchAction\",\"target\":{\"@type\":\"EntryPoint\",\"urlTemplate\":\"https:\/\/www.encontraaracaju.com.br\/sobre\/?s={search_term_string}\"},\"query-input\":{\"@type\":\"PropertyValueSpecification\",\"valueRequired\":true,\"valueName\":\"search_term_string\"}}],\"inLanguage\":\"pt-BR\"}]}<\/script>\n<!-- \/ Yoast SEO plugin. -->","yoast_head_json":{"title":"Correios Aracaju: Hist\u00f3ria, Endere\u00e7o, Telefone","description":"Veja sobre os ( Correios em Aracaju ) - Informa\u00e7\u00f5es, hist\u00f3ria, hor\u00e1rio de funcionamento, endere\u00e7o e telefone. CLIQUE AQUI!","robots":{"index":"index","follow":"follow","max-snippet":"max-snippet:-1","max-image-preview":"max-image-preview:large","max-video-preview":"max-video-preview:-1"},"canonical":"https:\/\/www.encontraaracaju.com.br\/sobre\/correios-aracaju\/","og_locale":"pt_BR","og_type":"article","og_title":"Correios Aracaju: Hist\u00f3ria, Endere\u00e7o, Telefone","og_description":"Veja sobre os ( Correios em Aracaju ) - Informa\u00e7\u00f5es, hist\u00f3ria, hor\u00e1rio de funcionamento, endere\u00e7o e telefone. CLIQUE AQUI!","og_url":"https:\/\/www.encontraaracaju.com.br\/sobre\/correios-aracaju\/","og_site_name":"Encontra Aracaju","og_image":[{"url":"https:\/\/www.encontraaracaju.com.br\/sobre\/wp-content\/uploads\/2019\/06\/correios-curitiba.gif","type":"","width":"","height":""}],"twitter_card":"summary_large_image","twitter_misc":{"Est. tempo de leitura":"4 minutos"},"schema":{"@context":"https:\/\/schema.org","@graph":[{"@type":"WebPage","@id":"https:\/\/www.encontraaracaju.com.br\/sobre\/correios-aracaju\/","url":"https:\/\/www.encontraaracaju.com.br\/sobre\/correios-aracaju\/","name":"Correios Aracaju: Hist\u00f3ria, Endere\u00e7o, Telefone","isPartOf":{"@id":"https:\/\/www.encontraaracaju.com.br\/sobre\/#website"},"primaryImageOfPage":{"@id":"https:\/\/www.encontraaracaju.com.br\/sobre\/correios-aracaju\/#primaryimage"},"image":{"@id":"https:\/\/www.encontraaracaju.com.br\/sobre\/correios-aracaju\/#primaryimage"},"thumbnailUrl":"https:\/\/www.encontraaracaju.com.br\/sobre\/wp-content\/uploads\/2019\/06\/correios-curitiba.gif","datePublished":"2019-06-14T16:33:35+00:00","description":"Veja sobre os ( Correios em Aracaju ) - Informa\u00e7\u00f5es, hist\u00f3ria, hor\u00e1rio de funcionamento, endere\u00e7o e telefone. CLIQUE AQUI!","breadcrumb":{"@id":"https:\/\/www.encontraaracaju.com.br\/sobre\/correios-aracaju\/#breadcrumb"},"inLanguage":"pt-BR","potentialAction":[{"@type":"ReadAction","target":["https:\/\/www.encontraaracaju.com.br\/sobre\/correios-aracaju\/"]}]},{"@type":"ImageObject","inLanguage":"pt-BR","@id":"https:\/\/www.encontraaracaju.com.br\/sobre\/correios-aracaju\/#primaryimage","url":"https:\/\/www.encontraaracaju.com.br\/sobre\/wp-content\/uploads\/2019\/06\/correios-curitiba.gif","contentUrl":"https:\/\/www.encontraaracaju.com.br\/sobre\/wp-content\/uploads\/2019\/06\/correios-curitiba.gif","width":680,"height":189},{"@type":"BreadcrumbList","@id":"https:\/\/www.encontraaracaju.com.br\/sobre\/correios-aracaju\/#breadcrumb","itemListElement":[{"@type":"ListItem","position":1,"name":"In\u00edcio","item":"https:\/\/www.encontraaracaju.com.br\/sobre\/"},{"@type":"ListItem","position":2,"name":"Correios Aracaju"}]},{"@type":"WebSite","@id":"https:\/\/www.encontraaracaju.com.br\/sobre\/#website","url":"https:\/\/www.encontraaracaju.com.br\/sobre\/","name":"Encontra Aracaju","description":"Not\u00edcias, eventos, informa\u00e7\u00f5es e dicas na cidade Aracaju e regi\u00e3o.","potentialAction":[{"@type":"SearchAction","target":{"@type":"EntryPoint","urlTemplate":"https:\/\/www.encontraaracaju.com.br\/sobre\/?s={search_term_string}"},"query-input":{"@type":"PropertyValueSpecification","valueRequired":true,"valueName":"search_term_string"}}],"inLanguage":"pt-BR"}]}},"_links":{"self":[{"href":"https:\/\/www.encontraaracaju.com.br\/sobre\/wp-json\/wp\/v2\/pages\/652","targetHints":{"allow":["GET"]}}],"collection":[{"href":"https:\/\/www.encontraaracaju.com.br\/sobre\/wp-json\/wp\/v2\/pages"}],"about":[{"href":"https:\/\/www.encontraaracaju.com.br\/sobre\/wp-json\/wp\/v2\/types\/page"}],"author":[{"embeddable":true,"href":"https:\/\/www.encontraaracaju.com.br\/sobre\/wp-json\/wp\/v2\/users\/1"}],"replies":[{"embeddable":true,"href":"https:\/\/www.encontraaracaju.com.br\/sobre\/wp-json\/wp\/v2\/comments?post=652"}],"version-history":[{"count":0,"href":"https:\/\/www.encontraaracaju.com.br\/sobre\/wp-json\/wp\/v2\/pages\/652\/revisions"}],"wp:attachment":[{"href":"https:\/\/www.encontraaracaju.com.br\/sobre\/wp-json\/wp\/v2\/media?parent=652"}],"curies":[{"name":"wp","href":"https:\/\/api.w.org\/{rel}","templated":true}]}}