{"id":609,"date":"2019-06-10T07:01:44","date_gmt":"2019-06-10T10:01:44","guid":{"rendered":"https:\/\/www.encontraaracaju.com.br\/sobre\/?page_id=609"},"modified":"2019-06-11T05:36:21","modified_gmt":"2019-06-11T08:36:21","slug":"sine-aracaju","status":"publish","type":"page","link":"https:\/\/www.encontraaracaju.com.br\/sobre\/sine-aracaju\/","title":{"rendered":"Sine Aracaju"},"content":{"rendered":"<div class=\"0de350683d360aa04277a39db0bae410\" data-index=\"1\" style=\"float: none; margin:0px;\">\n<!-- Anuncio display - global -->\r\n<ins class=\"adsbygoogle\"\r\n     style=\"display:block\"\r\n     data-ad-client=\"ca-pub-8585364105181520\"\r\n     data-ad-slot=\"8789329856\"\r\n     data-ad-format=\"auto\"\r\n     data-full-width-responsive=\"true\"><\/ins>\r\n<script>\r\n     (adsbygoogle = window.adsbygoogle || []).push({});\r\n<\/script>\n<\/div>\n<p>O Sistema Nacional de Emprego (SINE) \u00e9 um \u00f3rg\u00e3o do governo federal do Brasil, coordenado pelo Minist\u00e9rio do Trabalho e Emprego, por interm\u00e9dio da Secretaria de Pol\u00edticas de Emprego e Sal\u00e1rio, com o objetivo de fazer a intermedia\u00e7\u00e3o de m\u00e3o-de-obra atrav\u00e9s de suas ag\u00eancias espalhadas por todo o pa\u00eds, controlar o pagamento do seguro-desemprego e apoiar o Programa de Gera\u00e7\u00e3o de Emprego, Trabalho e Renda (PROGER).<\/p>\n<p>Confira mais informa\u00e7\u00f5es sobre o\u00a0<strong>Sine Aracaju<\/strong>.<\/p>\n<p><img loading=\"lazy\" decoding=\"async\" class=\"alignnone wp-image-610 size-full\" title=\"Sine Aracaju\" src=\"https:\/\/www.encontraaracaju.com.br\/sobre\/wp-content\/uploads\/2019\/06\/sine-aracaju.gif\" alt=\"Sine Aracaju\" width=\"680\" height=\"189\" \/><\/p>\n<h2>Sine Aracaju Vagas de Emprego<\/h2>\n<p>O Sine Aracaju disponibiliza diversas <em>vagas de emprego<\/em>\u00a0em v\u00e1rias \u00e1reas de diferentes de atua\u00e7\u00e3o. Para consulta-las\u00a0<a href=\"https:\/\/www.trabalhabrasil.com.br\/vagas-empregos-em-aracaju-se\" target=\"_blank\" rel=\"noopener noreferrer\">acesse aqui<\/a>.<\/p>\n<h3>Sine Aracaju Seguro Desemprego<\/h3>\n<p>O\u00a0<em>Seguro Desemprego<\/em>\u00a0\u00e9 um benef\u00edcio integrante da seguridade social, garantido pelo art.7\u00ba dos Direitos Sociais da Constitui\u00e7\u00e3o Federal e tem por finalidade prover assist\u00eancia financeira tempor\u00e1ria ao trabalhador dispensado involuntariamente.<\/p>\n<p>O interessado precisa acessar o site do Sine e escolher o local onde deseja ser atendido. As unidades dispon\u00edveis para agendamento podem ser pesquisadas por munic\u00edpio ou nome da unidade.<\/p>\n<h3>Sine Aracaju Agendamento<\/h3>\n<p>Acesse o site do Sine para realizar um\u00a0<em>agendamento<\/em>\u00a0pr\u00e9vio antes de realizar uma visita f\u00edsica ao local.<ins class=\"adsbygoogle\" data-ad-layout=\"in-article\" data-ad-format=\"fluid\" data-ad-client=\"ca-pub-6414922941841817\" data-ad-slot=\"1158071521\" data-adsbygoogle-status=\"done\"><ins id=\"aswift_3_expand\"><ins id=\"aswift_3_anchor\"><\/ins><\/ins><\/ins><\/p>\n<h3>Hor\u00e1rio de Funcionamento Sine em Aracaju<\/h3>\n<ul>\n<li>Todas as unidades atendem de Segunda a Sexta das 8 \u00e0s 18h<\/li>\n<\/ul>\n<h3>Endere\u00e7o e Telefone Sine em Aracaju<\/h3>\n<ul>\n<li>R. Santa Luzia &#8211; S\u00e3o Jos\u00e9 &#8211; Aracaju &#8211; SE<\/li>\n<li>Telefone: (79) 99858-7413<\/li>\n<\/ul>\n<h4>Outras informa\u00e7\u00f5es e site<\/h4>\n<ul>\n<li>Mais informa\u00e7\u00f5es:\u00a0<a href=\"http:\/\/www.sine.com.br\/\" target=\"_blank\" rel=\"noopener noreferrer\">www.sine.com.br<\/a><\/li>\n<\/ul>\n<h4>Mapa de localiza\u00e7\u00e3o<\/h4>\n<a class=\"wp-colorbox-iframe\" href=\"https:\/\/www.google.com\/maps\/embed?pb=!1m18!1m12!1m3!1d3917.562948002335!2d-37.053822885197945!3d-10.920782292223652!2m3!1f0!2f0!3f0!3m2!1i1024!2i768!4f13.1!3m3!1m2!1s0x71ab377910ba7450xaedab292aae49d10!2sR.+Santa+Luzia+-+So+Jos+Aracaju+-+SE+49015-190!5e0!3m2!1spt-BR!2sbr!4v1560160672824!5m2!1spt-BR!2sbr\"><img decoding=\"async\" src=\"http:\/\/www.encontraaracaju.com.br\/imgs\/maps-post.png\"><\/a>\n\n<div style=\"font-size: 0px; height: 0px; line-height: 0px; margin: 0; padding: 0; clear: both;\"><\/div>","protected":false},"excerpt":{"rendered":"<p>O Sistema Nacional de Emprego (SINE) \u00e9 um \u00f3rg\u00e3o do governo federal do Brasil, coordenado pelo Minist\u00e9rio do Trabalho e Emprego, por interm\u00e9dio da Secretaria de Pol\u00edticas de Emprego e Sal\u00e1rio, com o objetivo de fazer a intermedia\u00e7\u00e3o de m\u00e3o-de-obra atrav\u00e9s de suas ag\u00eancias espalhadas por todo o pa\u00eds, controlar o pagamento do seguro-desemprego e apoiar o Programa de Gera\u00e7\u00e3o de Emprego, Trabalho e Renda (PROGER). Confira mais informa\u00e7\u00f5es sobre o\u00a0Sine Aracaju. Sine Aracaju Vagas de Emprego O Sine Aracaju disponibiliza diversas vagas de emprego\u00a0em v\u00e1rias \u00e1reas de diferentes de atua\u00e7\u00e3o. Para consulta-las\u00a0acesse aqui. Sine Aracaju Seguro Desemprego O\u00a0Seguro Desemprego\u00a0\u00e9 <\/p>\n","protected":false},"author":1,"featured_media":0,"parent":0,"menu_order":0,"comment_status":"closed","ping_status":"closed","template":"","meta":{"footnotes":""},"class_list":["post-609","page","type-page","status-publish","hentry"],"yoast_head":"<!-- This site is optimized with the Yoast SEO plugin v26.4 - https:\/\/yoast.com\/wordpress\/plugins\/seo\/ -->\n<title>Sine Aracaju: Vagas de Emprego, Seguro Desemprego, Agendamento<\/title>\n<meta name=\"description\" content=\"Veja sobre o ( Sine em Aracaju ) - Informa\u00e7\u00f5es, vagas de emprego, seguro desemprego, agendamento, hor\u00e1rio de funcionamento, endere\u00e7o e telefone. CLIQUE AQUI!\" \/>\n<meta name=\"robots\" content=\"index, follow, max-snippet:-1, max-image-preview:large, max-video-preview:-1\" \/>\n<link rel=\"canonical\" href=\"https:\/\/www.encontraaracaju.com.br\/sobre\/sine-aracaju\/\" \/>\n<meta property=\"og:locale\" content=\"pt_BR\" \/>\n<meta property=\"og:type\" content=\"article\" \/>\n<meta property=\"og:title\" content=\"Sine Aracaju: Vagas de Emprego, Seguro Desemprego, Agendamento\" \/>\n<meta property=\"og:description\" content=\"Veja sobre o ( Sine em Aracaju ) - Informa\u00e7\u00f5es, vagas de emprego, seguro desemprego, agendamento, hor\u00e1rio de funcionamento, endere\u00e7o e telefone. CLIQUE AQUI!\" \/>\n<meta property=\"og:url\" content=\"https:\/\/www.encontraaracaju.com.br\/sobre\/sine-aracaju\/\" \/>\n<meta property=\"og:site_name\" content=\"Encontra Aracaju\" \/>\n<meta property=\"article:modified_time\" content=\"2019-06-11T08:36:21+00:00\" \/>\n<meta property=\"og:image\" content=\"https:\/\/www.encontraaracaju.com.br\/sobre\/wp-content\/uploads\/2019\/06\/sine-aracaju.gif\" \/>\n<meta name=\"twitter:card\" content=\"summary_large_image\" \/>\n<meta name=\"twitter:label1\" content=\"Est. tempo de leitura\" \/>\n\t<meta name=\"twitter:data1\" content=\"2 minutos\" \/>\n<script type=\"application\/ld+json\" class=\"yoast-schema-graph\">{\"@context\":\"https:\/\/schema.org\",\"@graph\":[{\"@type\":\"WebPage\",\"@id\":\"https:\/\/www.encontraaracaju.com.br\/sobre\/sine-aracaju\/\",\"url\":\"https:\/\/www.encontraaracaju.com.br\/sobre\/sine-aracaju\/\",\"name\":\"Sine Aracaju: Vagas de Emprego, Seguro Desemprego, Agendamento\",\"isPartOf\":{\"@id\":\"https:\/\/www.encontraaracaju.com.br\/sobre\/#website\"},\"primaryImageOfPage\":{\"@id\":\"https:\/\/www.encontraaracaju.com.br\/sobre\/sine-aracaju\/#primaryimage\"},\"image\":{\"@id\":\"https:\/\/www.encontraaracaju.com.br\/sobre\/sine-aracaju\/#primaryimage\"},\"thumbnailUrl\":\"https:\/\/www.encontraaracaju.com.br\/sobre\/wp-content\/uploads\/2019\/06\/sine-aracaju.gif\",\"datePublished\":\"2019-06-10T10:01:44+00:00\",\"dateModified\":\"2019-06-11T08:36:21+00:00\",\"description\":\"Veja sobre o ( Sine em Aracaju ) - Informa\u00e7\u00f5es, vagas de emprego, seguro desemprego, agendamento, hor\u00e1rio de funcionamento, endere\u00e7o e telefone. CLIQUE AQUI!\",\"breadcrumb\":{\"@id\":\"https:\/\/www.encontraaracaju.com.br\/sobre\/sine-aracaju\/#breadcrumb\"},\"inLanguage\":\"pt-BR\",\"potentialAction\":[{\"@type\":\"ReadAction\",\"target\":[\"https:\/\/www.encontraaracaju.com.br\/sobre\/sine-aracaju\/\"]}]},{\"@type\":\"ImageObject\",\"inLanguage\":\"pt-BR\",\"@id\":\"https:\/\/www.encontraaracaju.com.br\/sobre\/sine-aracaju\/#primaryimage\",\"url\":\"https:\/\/www.encontraaracaju.com.br\/sobre\/wp-content\/uploads\/2019\/06\/sine-aracaju.gif\",\"contentUrl\":\"https:\/\/www.encontraaracaju.com.br\/sobre\/wp-content\/uploads\/2019\/06\/sine-aracaju.gif\",\"width\":680,\"height\":189},{\"@type\":\"BreadcrumbList\",\"@id\":\"https:\/\/www.encontraaracaju.com.br\/sobre\/sine-aracaju\/#breadcrumb\",\"itemListElement\":[{\"@type\":\"ListItem\",\"position\":1,\"name\":\"In\u00edcio\",\"item\":\"https:\/\/www.encontraaracaju.com.br\/sobre\/\"},{\"@type\":\"ListItem\",\"position\":2,\"name\":\"Sine Aracaju\"}]},{\"@type\":\"WebSite\",\"@id\":\"https:\/\/www.encontraaracaju.com.br\/sobre\/#website\",\"url\":\"https:\/\/www.encontraaracaju.com.br\/sobre\/\",\"name\":\"Encontra Aracaju\",\"description\":\"Not\u00edcias, eventos, informa\u00e7\u00f5es e dicas na cidade Aracaju e regi\u00e3o.\",\"potentialAction\":[{\"@type\":\"SearchAction\",\"target\":{\"@type\":\"EntryPoint\",\"urlTemplate\":\"https:\/\/www.encontraaracaju.com.br\/sobre\/?s={search_term_string}\"},\"query-input\":{\"@type\":\"PropertyValueSpecification\",\"valueRequired\":true,\"valueName\":\"search_term_string\"}}],\"inLanguage\":\"pt-BR\"}]}<\/script>\n<!-- \/ Yoast SEO plugin. -->","yoast_head_json":{"title":"Sine Aracaju: Vagas de Emprego, Seguro Desemprego, Agendamento","description":"Veja sobre o ( Sine em Aracaju ) - Informa\u00e7\u00f5es, vagas de emprego, seguro desemprego, agendamento, hor\u00e1rio de funcionamento, endere\u00e7o e telefone. CLIQUE AQUI!","robots":{"index":"index","follow":"follow","max-snippet":"max-snippet:-1","max-image-preview":"max-image-preview:large","max-video-preview":"max-video-preview:-1"},"canonical":"https:\/\/www.encontraaracaju.com.br\/sobre\/sine-aracaju\/","og_locale":"pt_BR","og_type":"article","og_title":"Sine Aracaju: Vagas de Emprego, Seguro Desemprego, Agendamento","og_description":"Veja sobre o ( Sine em Aracaju ) - Informa\u00e7\u00f5es, vagas de emprego, seguro desemprego, agendamento, hor\u00e1rio de funcionamento, endere\u00e7o e telefone. CLIQUE AQUI!","og_url":"https:\/\/www.encontraaracaju.com.br\/sobre\/sine-aracaju\/","og_site_name":"Encontra Aracaju","article_modified_time":"2019-06-11T08:36:21+00:00","og_image":[{"url":"https:\/\/www.encontraaracaju.com.br\/sobre\/wp-content\/uploads\/2019\/06\/sine-aracaju.gif","type":"","width":"","height":""}],"twitter_card":"summary_large_image","twitter_misc":{"Est. tempo de leitura":"2 minutos"},"schema":{"@context":"https:\/\/schema.org","@graph":[{"@type":"WebPage","@id":"https:\/\/www.encontraaracaju.com.br\/sobre\/sine-aracaju\/","url":"https:\/\/www.encontraaracaju.com.br\/sobre\/sine-aracaju\/","name":"Sine Aracaju: Vagas de Emprego, Seguro Desemprego, Agendamento","isPartOf":{"@id":"https:\/\/www.encontraaracaju.com.br\/sobre\/#website"},"primaryImageOfPage":{"@id":"https:\/\/www.encontraaracaju.com.br\/sobre\/sine-aracaju\/#primaryimage"},"image":{"@id":"https:\/\/www.encontraaracaju.com.br\/sobre\/sine-aracaju\/#primaryimage"},"thumbnailUrl":"https:\/\/www.encontraaracaju.com.br\/sobre\/wp-content\/uploads\/2019\/06\/sine-aracaju.gif","datePublished":"2019-06-10T10:01:44+00:00","dateModified":"2019-06-11T08:36:21+00:00","description":"Veja sobre o ( Sine em Aracaju ) - Informa\u00e7\u00f5es, vagas de emprego, seguro desemprego, agendamento, hor\u00e1rio de funcionamento, endere\u00e7o e telefone. CLIQUE AQUI!","breadcrumb":{"@id":"https:\/\/www.encontraaracaju.com.br\/sobre\/sine-aracaju\/#breadcrumb"},"inLanguage":"pt-BR","potentialAction":[{"@type":"ReadAction","target":["https:\/\/www.encontraaracaju.com.br\/sobre\/sine-aracaju\/"]}]},{"@type":"ImageObject","inLanguage":"pt-BR","@id":"https:\/\/www.encontraaracaju.com.br\/sobre\/sine-aracaju\/#primaryimage","url":"https:\/\/www.encontraaracaju.com.br\/sobre\/wp-content\/uploads\/2019\/06\/sine-aracaju.gif","contentUrl":"https:\/\/www.encontraaracaju.com.br\/sobre\/wp-content\/uploads\/2019\/06\/sine-aracaju.gif","width":680,"height":189},{"@type":"BreadcrumbList","@id":"https:\/\/www.encontraaracaju.com.br\/sobre\/sine-aracaju\/#breadcrumb","itemListElement":[{"@type":"ListItem","position":1,"name":"In\u00edcio","item":"https:\/\/www.encontraaracaju.com.br\/sobre\/"},{"@type":"ListItem","position":2,"name":"Sine Aracaju"}]},{"@type":"WebSite","@id":"https:\/\/www.encontraaracaju.com.br\/sobre\/#website","url":"https:\/\/www.encontraaracaju.com.br\/sobre\/","name":"Encontra Aracaju","description":"Not\u00edcias, eventos, informa\u00e7\u00f5es e dicas na cidade Aracaju e regi\u00e3o.","potentialAction":[{"@type":"SearchAction","target":{"@type":"EntryPoint","urlTemplate":"https:\/\/www.encontraaracaju.com.br\/sobre\/?s={search_term_string}"},"query-input":{"@type":"PropertyValueSpecification","valueRequired":true,"valueName":"search_term_string"}}],"inLanguage":"pt-BR"}]}},"_links":{"self":[{"href":"https:\/\/www.encontraaracaju.com.br\/sobre\/wp-json\/wp\/v2\/pages\/609","targetHints":{"allow":["GET"]}}],"collection":[{"href":"https:\/\/www.encontraaracaju.com.br\/sobre\/wp-json\/wp\/v2\/pages"}],"about":[{"href":"https:\/\/www.encontraaracaju.com.br\/sobre\/wp-json\/wp\/v2\/types\/page"}],"author":[{"embeddable":true,"href":"https:\/\/www.encontraaracaju.com.br\/sobre\/wp-json\/wp\/v2\/users\/1"}],"replies":[{"embeddable":true,"href":"https:\/\/www.encontraaracaju.com.br\/sobre\/wp-json\/wp\/v2\/comments?post=609"}],"version-history":[{"count":0,"href":"https:\/\/www.encontraaracaju.com.br\/sobre\/wp-json\/wp\/v2\/pages\/609\/revisions"}],"wp:attachment":[{"href":"https:\/\/www.encontraaracaju.com.br\/sobre\/wp-json\/wp\/v2\/media?parent=609"}],"curies":[{"name":"wp","href":"https:\/\/api.w.org\/{rel}","templated":true}]}}