{"id":606,"date":"2019-06-10T06:43:35","date_gmt":"2019-06-10T09:43:35","guid":{"rendered":"https:\/\/www.encontraaracaju.com.br\/sobre\/?page_id=606"},"modified":"2019-06-10T06:46:21","modified_gmt":"2019-06-10T09:46:21","slug":"sesc-aracaju","status":"publish","type":"page","link":"https:\/\/www.encontraaracaju.com.br\/sobre\/sesc-aracaju\/","title":{"rendered":"Sesc Aracaju"},"content":{"rendered":"<div class=\"0de350683d360aa04277a39db0bae410\" data-index=\"1\" style=\"float: none; margin:0px;\">\n<!-- Anuncio display - global -->\r\n<ins class=\"adsbygoogle\"\r\n     style=\"display:block\"\r\n     data-ad-client=\"ca-pub-8585364105181520\"\r\n     data-ad-slot=\"8789329856\"\r\n     data-ad-format=\"auto\"\r\n     data-full-width-responsive=\"true\"><\/ins>\r\n<script>\r\n     (adsbygoogle = window.adsbygoogle || []).push({});\r\n<\/script>\n<\/div>\n<div>Mantido pelos empres\u00e1rios do com\u00e9rcio de bens, servi\u00e7os e turismo, o\u00a0<strong>Sesc Aracaju<\/strong>\u00a0\u2013 Servi\u00e7o Social do Com\u00e9rcio \u00e9 uma entidade privada que objetiva proporcionar o bem-estar e qualidade de vida aos trabalhadores deste setor e sua fam\u00edlia e da sociedade.<\/div>\n<div><\/div>\n<div>Localizado em todos os estados brasileiros, o Sesc incentiva a educa\u00e7\u00e3o de qualidade como diretriz primordial no desenvolvimento do cidad\u00e3o.<\/div>\n<p><img loading=\"lazy\" decoding=\"async\" class=\"alignnone wp-image-607 size-full\" title=\"Sesc Aracaju\" src=\"https:\/\/www.encontraaracaju.com.br\/sobre\/wp-content\/uploads\/2019\/06\/sesc-aracaju.gif\" alt=\"Sesc Aracaju\" width=\"680\" height=\"189\" \/><\/p>\n<p>Valoriza a diversidade cultural local e promove atividades em prol da melhoria das condi\u00e7\u00f5es de vida no dia a dia dos trabalhadores do com\u00e9rcio de bens, servi\u00e7os e turismo.\u00a0Educa\u00e7\u00e3o, Sa\u00fade, Cultura, Assist\u00eancia e Lazer s\u00e3o as \u00e1reas de atua\u00e7\u00e3o do Sesc que chamamos de Programas. Dentro desses Programas existem diversos projetos e a\u00e7\u00f5es, desenvolvidos pelo Departamento Nacional, executados pelos Departamentos Regionais e suas unidades, de acordo com a realidade local de cada um.<\/p>\n<p>Com a\u00e7\u00f5es abrangentes a todas as faixas et\u00e1rias e infraestrutura que contempla suas \u00e1reas de atua\u00e7\u00e3o, o Sesc tem como principal marca a responsabilidade social. Oferece programas de sa\u00fade e educa\u00e7\u00e3o ambiental, turismo social, programas especiais para crian\u00e7as e terceira idade, projetos de combate \u00e0 fome e ao desperd\u00edcio de alimentos, de inclus\u00e3o digital e muitos outros.<\/p>\n<p>As a\u00e7\u00f5es do Sesc propagam princ\u00edpios, human\u00edsticos e universais, promovendo melhor condi\u00e7\u00e3o de vida para os trabalhadores do com\u00e9rcio e seus familiares em todo o Brasil, e oferece servi\u00e7os que fortalecem o exerc\u00edcio da cidadania e contribuem com o desenvolvimento socioecon\u00f4mico e cultural.<\/p>\n<p>As atividades do Sesc seguem modelos de a\u00e7\u00e3o constru\u00eddos por especialistas em diversas \u00e1reas do conhecimento, garantindo que a atua\u00e7\u00e3o seja adequada as necessidades da sociedade. S\u00e3o mais de 19 mil funcion\u00e1rios, em todas as regi\u00f5es brasileiras, produzindo e recebendo informa\u00e7\u00e3o para a melhoria dos servi\u00e7os.<\/p>\n<p>O Sesc tamb\u00e9m faz parcerias com outras institui\u00e7\u00f5es p\u00fablicas e privadas. Os minist\u00e9rios da Educa\u00e7\u00e3o, da Cultura, do Desenvolvimento Social, da Justi\u00e7a, do Esporte e do Turismo s\u00e3o parceiros em a\u00e7\u00f5es como os programas Alimentos Seguros, Segundo Tempo e Mesa Brasil Sesc. Em \u00e2mbito estadual e municipal, os projetos Sesc Ler e OdontoSesc estabelecem projetos de coopera\u00e7\u00e3o que permitem uma atua\u00e7\u00e3o mais precisa de acordo com a realidade da regi\u00e3o.<\/p>\n<h2>Sesc Aracaju Educa\u00e7\u00e3o<\/h2>\n<p>A a\u00e7\u00e3o educativa, como caracter\u00edstica b\u00e1sica de atua\u00e7\u00e3o do Sesc, consiste no desenvolvimento integral dos indiv\u00edduos contribuindo para a transforma\u00e7\u00e3o social do trabalhador do com\u00e9rcio de bens e servi\u00e7os e seus familiares. Assim, considerado como um dos campos priorit\u00e1rios de a\u00e7\u00e3o do Sesc, o Programa Educa\u00e7\u00e3o promove um conjunto de atividades voltadas \u00e0 educa\u00e7\u00e3o b\u00e1sica e complementar direcionadas a diferentes faixas et\u00e1rias, atendendo desde a crian\u00e7a, o adolescente at\u00e9 o adulto, como tamb\u00e9m atividades que buscam o aperfei\u00e7oamento ou maior qualifica\u00e7\u00e3o funcional e \u00e0 <em>educa\u00e7\u00e3o<\/em> permanente.<\/p>\n<p>O Programa Educa\u00e7\u00e3o em Sergipe, comprometido com o desenvolvimento integral dos indiv\u00edduos, amparado no fortalecimento da parceria escola-fam\u00edlia, na rede de apoio aos educadores, nos projetos e atividades, valoriza a hist\u00f3ria e a identidade cultural dos alunos, como forma de desenvolver todas as suas potencialidades, sejam latentes ou manifestas. As atividades propostas pelo programa educa\u00e7\u00e3o visam o desenvolvimento global da consci\u00eancia e da comunica\u00e7\u00e3o entre o educador e o educando, numa perspectiva de totalidade, integrando os v\u00e1rios n\u00edveis de conhecimento e express\u00e3o.<\/p>\n<p>Nesse contexto, para 2017 o Programa Educa\u00e7\u00e3o, reafirma o compromisso com sua clientela preferencial, ofertando uma educa\u00e7\u00e3o de qualidade desde a Educa\u00e7\u00e3o Infantil at\u00e9 o Ensino Fundamental, al\u00e9m da Alfabetiza\u00e7\u00e3o de Jovens e Adultos, Ci\u00eancia e Humanidade, como tamb\u00e9m Cursos de Valoriza\u00e7\u00e3o Social e Educa\u00e7\u00e3o Complementar voltada para crian\u00e7as e adultos.<\/p>\n<h3>SESC Aracaju Lazer<\/h3>\n<p>Disp\u00f5e de um conjunto de atividades que objetiva contribuir para o direito ao <em>lazer<\/em>; a melhoria da qualidade de vida, no \u00e2mbito individual e coletivo; a amplia\u00e7\u00e3o de experi\u00eancias e conhecimentos e o desenvolvimento de valores, por meio da oferta de conte\u00fados f\u00edsico-esportivos, socioculturais, tur\u00edsticos e da natureza. Sendo assim, as a\u00e7\u00f5es propostas visam n\u00e3o apenas uma simples viv\u00eancia da atividade f\u00edsica, l\u00fadica ou sociocultural, na qual a clientela preferencial participe de forma fragmentada. Procura-se no Regional, sobretudo, ampliar experi\u00eancias, estimular sentidos e sensibilidades, sempre buscando-se desenvolver a autonomia dos sujeitos, atrav\u00e9s da presta\u00e7\u00e3o de um servi\u00e7o de qualidade.<\/p>\n<h3>SESC Aracaju Cursos<\/h3>\n<p>O Sesc oferece aos associados\u00a0<em>cursos<\/em> de educa\u00e7\u00e3o infantil, ensino m\u00e9dio, educa\u00e7\u00e3o de jovens e adultos.<\/p>\n<h3>Sesc Aracaju Cultura<\/h3>\n<p>Este programa \u00e9 formado por atividades voltadas para a transforma\u00e7\u00e3o social por meio do desenvolvimento e difus\u00e3o das artes, do conhecimento e da forma\u00e7\u00e3o dos <em>agentes culturais<\/em>, respeitando a din\u00e2mica social ao fomentar a tradi\u00e7\u00e3o, preserva\u00e7\u00e3o e inova\u00e7\u00e3o. Sendo assim, compreende-se no Regional que a consolida\u00e7\u00e3o da miss\u00e3o institucional requer uma reflex\u00e3o conjunta e o amplo debate, para a sistematiza\u00e7\u00e3o das pr\u00e1ticas vivenciadas em cada realidade na qual o Sesc atua, como sugere a Pol\u00edtica Cultural (SESC, 2015). Logo, com sua presen\u00e7a, abrang\u00eancia, permeabilidade e capilaridade, a institui\u00e7\u00e3o atrav\u00e9s de uma constru\u00e7\u00e3o reflexiva, cr\u00edtica e criativa, atua com as linhas norteadoras produ\u00e7\u00e3o, cria\u00e7\u00e3o\/experimenta\u00e7\u00e3o, di\u00e1logo e infraestrutura.<\/p>\n<p>Em 2017, o trabalho ser\u00e1 desenvolvido atrav\u00e9s de uma s\u00e9rie de projetos organizados em uma matriz original e por linguagens (artes c\u00eanicas, artes visuais, m\u00fasica, literatura, audiovisual e biblioteca), fortalecendo-se, assim, a interdisciplinaridade.<\/p>\n<h3>Vagas Sesc Aracaju \u2013 Trabalhe Conosco<\/h3>\n<p>O Sesc Aracaju disponibiliza <em>vagas de trabalho<\/em>\u00a0durante todo ano. Para se informar sobre os processos seletivos e se candidatar as vagas acompanhe o site da empresa, onde \u00e9 poss\u00edvel se informar sobre vagas abertas, sal\u00e1rios e compet\u00eancias necess\u00e1rias para se candidatar ao processo.<\/p>\n<h3>Hor\u00e1rio de Funcionamento Sesc em Aracaju<\/h3>\n<ul>\n<li class=\"item\"><strong>Centro 1:<\/strong> Diariamente das 07h \u00e0s 20h<\/li>\n<li class=\"item\"><strong>Centro 2:<\/strong> Diariamente das 06h \u00e0s 20h<\/li>\n<li class=\"item\"><strong>Nossa Senhora do Socorro:<\/strong> Segunda a S\u00e1bado das 08h \u00e0s 19h30 \/ Domingo das 10h \u00e0s 19h30<\/li>\n<li class=\"item\"><strong>Siqueira Campos:<\/strong> N\u00e3o Informado<\/li>\n<\/ul>\n<h3>Endere\u00e7o e Telefone Sesc em Aracaju<\/h3>\n<ul>\n<li class=\"item\"><strong>Centro 1:<\/strong> Rua Dom Jos\u00e9 Thomaz, 265 &#8211; Telefone: (79) 3216-2700 7-20<\/li>\n<li class=\"item\"><strong>Centro 2:<\/strong> Av. Otoniel D\u00f3rea, 478 &#8211; Telefone: (79) 3211-8922 6-20<\/li>\n<li class=\"item\"><strong>Nossa Senhora do Socorro:<\/strong> Av. Perimetral B, 250 &#8211; Telefone: (79) 3279-3801 8-1930 dom 10-1930<\/li>\n<li class=\"item\"><strong>Siqueira Campos:<\/strong> Rua Bahia, 1059 &#8211; Telefone: (79) 3025-9340<\/li>\n<\/ul>\n<h4>Outras informa\u00e7\u00f5es e site<\/h4>\n<ul>\n<li>Mais informa\u00e7\u00f5es:\u00a0<a href=\"http:\/\/sesc-se.com.br\/\" target=\"_blank\" rel=\"noopener noreferrer\">www.sesc-se.com.br<\/a><\/li>\n<\/ul>\n<h4>Mapa de localiza\u00e7\u00e3o Centro 1<\/h4>\n<a class=\"wp-colorbox-iframe\" href=\"https:\/\/www.google.com\/maps\/embed?pb=!1m18!1m12!1m3!1d3917.5605786009446!2d-37.051106585198056!3d-10.92096189222358!2m3!1f0!2f0!3f0!3m2!1i1024!2i768!4f13.1!3m3!1m2!1s0x71ab382907de8390x64a104c9098d6e09!2sRua+Dom+Jos+Thomaz+265+-+So+Jos+Aracaju+-+SE+49015-090!5e0!3m2!1spt-BR!2sbr!4v1560159729530!5m2!1spt-BR!2sbr\"><img decoding=\"async\" src=\"http:\/\/www.encontraaracaju.com.br\/imgs\/maps-post.png\"><\/a>\n\n<div style=\"font-size: 0px; height: 0px; line-height: 0px; margin: 0; padding: 0; clear: both;\"><\/div>","protected":false},"excerpt":{"rendered":"<p>Mantido pelos empres\u00e1rios do com\u00e9rcio de bens, servi\u00e7os e turismo, o\u00a0Sesc Aracaju\u00a0\u2013 Servi\u00e7o Social do Com\u00e9rcio \u00e9 uma entidade privada que objetiva proporcionar o bem-estar e qualidade de vida aos trabalhadores deste setor e sua fam\u00edlia e da sociedade. Localizado em todos os estados brasileiros, o Sesc incentiva a educa\u00e7\u00e3o de qualidade como diretriz primordial no desenvolvimento do cidad\u00e3o. Valoriza a diversidade cultural local e promove atividades em prol da melhoria das condi\u00e7\u00f5es de vida no dia a dia dos trabalhadores do com\u00e9rcio de bens, servi\u00e7os e turismo.\u00a0Educa\u00e7\u00e3o, Sa\u00fade, Cultura, Assist\u00eancia e Lazer s\u00e3o as \u00e1reas de atua\u00e7\u00e3o do Sesc <\/p>\n","protected":false},"author":1,"featured_media":0,"parent":0,"menu_order":0,"comment_status":"closed","ping_status":"closed","template":"","meta":{"footnotes":""},"class_list":["post-606","page","type-page","status-publish","hentry"],"yoast_head":"<!-- This site is optimized with the Yoast SEO plugin v26.4 - https:\/\/yoast.com\/wordpress\/plugins\/seo\/ -->\n<title>Sesc Aracaju: Educa\u00e7\u00e3o, Lazer, Cursos, Cultura, Vagas, Endere\u00e7o<\/title>\n<meta name=\"description\" content=\"Veja sobre o ( Sesc em Aracaju ) - Informa\u00e7\u00f5es, educa\u00e7\u00e3o, lazer, cursos, cultura, vagas, hor\u00e1rio de funcionamento, endere\u00e7o e telefone. CLIQUE AQUI!\" \/>\n<meta name=\"robots\" content=\"index, follow, max-snippet:-1, max-image-preview:large, max-video-preview:-1\" \/>\n<link rel=\"canonical\" href=\"https:\/\/www.encontraaracaju.com.br\/sobre\/sesc-aracaju\/\" \/>\n<meta property=\"og:locale\" content=\"pt_BR\" \/>\n<meta property=\"og:type\" content=\"article\" \/>\n<meta property=\"og:title\" content=\"Sesc Aracaju: Educa\u00e7\u00e3o, Lazer, Cursos, Cultura, Vagas, Endere\u00e7o\" \/>\n<meta property=\"og:description\" content=\"Veja sobre o ( Sesc em Aracaju ) - Informa\u00e7\u00f5es, educa\u00e7\u00e3o, lazer, cursos, cultura, vagas, hor\u00e1rio de funcionamento, endere\u00e7o e telefone. CLIQUE AQUI!\" \/>\n<meta property=\"og:url\" content=\"https:\/\/www.encontraaracaju.com.br\/sobre\/sesc-aracaju\/\" \/>\n<meta property=\"og:site_name\" content=\"Encontra Aracaju\" \/>\n<meta property=\"article:modified_time\" content=\"2019-06-10T09:46:21+00:00\" \/>\n<meta property=\"og:image\" content=\"https:\/\/www.encontraaracaju.com.br\/sobre\/wp-content\/uploads\/2019\/06\/sesc-aracaju.gif\" \/>\n<meta name=\"twitter:card\" content=\"summary_large_image\" \/>\n<meta name=\"twitter:label1\" content=\"Est. tempo de leitura\" \/>\n\t<meta name=\"twitter:data1\" content=\"6 minutos\" \/>\n<script type=\"application\/ld+json\" class=\"yoast-schema-graph\">{\"@context\":\"https:\/\/schema.org\",\"@graph\":[{\"@type\":\"WebPage\",\"@id\":\"https:\/\/www.encontraaracaju.com.br\/sobre\/sesc-aracaju\/\",\"url\":\"https:\/\/www.encontraaracaju.com.br\/sobre\/sesc-aracaju\/\",\"name\":\"Sesc Aracaju: Educa\u00e7\u00e3o, Lazer, Cursos, Cultura, Vagas, Endere\u00e7o\",\"isPartOf\":{\"@id\":\"https:\/\/www.encontraaracaju.com.br\/sobre\/#website\"},\"primaryImageOfPage\":{\"@id\":\"https:\/\/www.encontraaracaju.com.br\/sobre\/sesc-aracaju\/#primaryimage\"},\"image\":{\"@id\":\"https:\/\/www.encontraaracaju.com.br\/sobre\/sesc-aracaju\/#primaryimage\"},\"thumbnailUrl\":\"https:\/\/www.encontraaracaju.com.br\/sobre\/wp-content\/uploads\/2019\/06\/sesc-aracaju.gif\",\"datePublished\":\"2019-06-10T09:43:35+00:00\",\"dateModified\":\"2019-06-10T09:46:21+00:00\",\"description\":\"Veja sobre o ( Sesc em Aracaju ) - Informa\u00e7\u00f5es, educa\u00e7\u00e3o, lazer, cursos, cultura, vagas, hor\u00e1rio de funcionamento, endere\u00e7o e telefone. CLIQUE AQUI!\",\"breadcrumb\":{\"@id\":\"https:\/\/www.encontraaracaju.com.br\/sobre\/sesc-aracaju\/#breadcrumb\"},\"inLanguage\":\"pt-BR\",\"potentialAction\":[{\"@type\":\"ReadAction\",\"target\":[\"https:\/\/www.encontraaracaju.com.br\/sobre\/sesc-aracaju\/\"]}]},{\"@type\":\"ImageObject\",\"inLanguage\":\"pt-BR\",\"@id\":\"https:\/\/www.encontraaracaju.com.br\/sobre\/sesc-aracaju\/#primaryimage\",\"url\":\"https:\/\/www.encontraaracaju.com.br\/sobre\/wp-content\/uploads\/2019\/06\/sesc-aracaju.gif\",\"contentUrl\":\"https:\/\/www.encontraaracaju.com.br\/sobre\/wp-content\/uploads\/2019\/06\/sesc-aracaju.gif\",\"width\":680,\"height\":189},{\"@type\":\"BreadcrumbList\",\"@id\":\"https:\/\/www.encontraaracaju.com.br\/sobre\/sesc-aracaju\/#breadcrumb\",\"itemListElement\":[{\"@type\":\"ListItem\",\"position\":1,\"name\":\"In\u00edcio\",\"item\":\"https:\/\/www.encontraaracaju.com.br\/sobre\/\"},{\"@type\":\"ListItem\",\"position\":2,\"name\":\"Sesc Aracaju\"}]},{\"@type\":\"WebSite\",\"@id\":\"https:\/\/www.encontraaracaju.com.br\/sobre\/#website\",\"url\":\"https:\/\/www.encontraaracaju.com.br\/sobre\/\",\"name\":\"Encontra Aracaju\",\"description\":\"Not\u00edcias, eventos, informa\u00e7\u00f5es e dicas na cidade Aracaju e regi\u00e3o.\",\"potentialAction\":[{\"@type\":\"SearchAction\",\"target\":{\"@type\":\"EntryPoint\",\"urlTemplate\":\"https:\/\/www.encontraaracaju.com.br\/sobre\/?s={search_term_string}\"},\"query-input\":{\"@type\":\"PropertyValueSpecification\",\"valueRequired\":true,\"valueName\":\"search_term_string\"}}],\"inLanguage\":\"pt-BR\"}]}<\/script>\n<!-- \/ Yoast SEO plugin. -->","yoast_head_json":{"title":"Sesc Aracaju: Educa\u00e7\u00e3o, Lazer, Cursos, Cultura, Vagas, Endere\u00e7o","description":"Veja sobre o ( Sesc em Aracaju ) - Informa\u00e7\u00f5es, educa\u00e7\u00e3o, lazer, cursos, cultura, vagas, hor\u00e1rio de funcionamento, endere\u00e7o e telefone. CLIQUE AQUI!","robots":{"index":"index","follow":"follow","max-snippet":"max-snippet:-1","max-image-preview":"max-image-preview:large","max-video-preview":"max-video-preview:-1"},"canonical":"https:\/\/www.encontraaracaju.com.br\/sobre\/sesc-aracaju\/","og_locale":"pt_BR","og_type":"article","og_title":"Sesc Aracaju: Educa\u00e7\u00e3o, Lazer, Cursos, Cultura, Vagas, Endere\u00e7o","og_description":"Veja sobre o ( Sesc em Aracaju ) - Informa\u00e7\u00f5es, educa\u00e7\u00e3o, lazer, cursos, cultura, vagas, hor\u00e1rio de funcionamento, endere\u00e7o e telefone. CLIQUE AQUI!","og_url":"https:\/\/www.encontraaracaju.com.br\/sobre\/sesc-aracaju\/","og_site_name":"Encontra Aracaju","article_modified_time":"2019-06-10T09:46:21+00:00","og_image":[{"url":"https:\/\/www.encontraaracaju.com.br\/sobre\/wp-content\/uploads\/2019\/06\/sesc-aracaju.gif","type":"","width":"","height":""}],"twitter_card":"summary_large_image","twitter_misc":{"Est. tempo de leitura":"6 minutos"},"schema":{"@context":"https:\/\/schema.org","@graph":[{"@type":"WebPage","@id":"https:\/\/www.encontraaracaju.com.br\/sobre\/sesc-aracaju\/","url":"https:\/\/www.encontraaracaju.com.br\/sobre\/sesc-aracaju\/","name":"Sesc Aracaju: Educa\u00e7\u00e3o, Lazer, Cursos, Cultura, Vagas, Endere\u00e7o","isPartOf":{"@id":"https:\/\/www.encontraaracaju.com.br\/sobre\/#website"},"primaryImageOfPage":{"@id":"https:\/\/www.encontraaracaju.com.br\/sobre\/sesc-aracaju\/#primaryimage"},"image":{"@id":"https:\/\/www.encontraaracaju.com.br\/sobre\/sesc-aracaju\/#primaryimage"},"thumbnailUrl":"https:\/\/www.encontraaracaju.com.br\/sobre\/wp-content\/uploads\/2019\/06\/sesc-aracaju.gif","datePublished":"2019-06-10T09:43:35+00:00","dateModified":"2019-06-10T09:46:21+00:00","description":"Veja sobre o ( Sesc em Aracaju ) - Informa\u00e7\u00f5es, educa\u00e7\u00e3o, lazer, cursos, cultura, vagas, hor\u00e1rio de funcionamento, endere\u00e7o e telefone. CLIQUE AQUI!","breadcrumb":{"@id":"https:\/\/www.encontraaracaju.com.br\/sobre\/sesc-aracaju\/#breadcrumb"},"inLanguage":"pt-BR","potentialAction":[{"@type":"ReadAction","target":["https:\/\/www.encontraaracaju.com.br\/sobre\/sesc-aracaju\/"]}]},{"@type":"ImageObject","inLanguage":"pt-BR","@id":"https:\/\/www.encontraaracaju.com.br\/sobre\/sesc-aracaju\/#primaryimage","url":"https:\/\/www.encontraaracaju.com.br\/sobre\/wp-content\/uploads\/2019\/06\/sesc-aracaju.gif","contentUrl":"https:\/\/www.encontraaracaju.com.br\/sobre\/wp-content\/uploads\/2019\/06\/sesc-aracaju.gif","width":680,"height":189},{"@type":"BreadcrumbList","@id":"https:\/\/www.encontraaracaju.com.br\/sobre\/sesc-aracaju\/#breadcrumb","itemListElement":[{"@type":"ListItem","position":1,"name":"In\u00edcio","item":"https:\/\/www.encontraaracaju.com.br\/sobre\/"},{"@type":"ListItem","position":2,"name":"Sesc Aracaju"}]},{"@type":"WebSite","@id":"https:\/\/www.encontraaracaju.com.br\/sobre\/#website","url":"https:\/\/www.encontraaracaju.com.br\/sobre\/","name":"Encontra Aracaju","description":"Not\u00edcias, eventos, informa\u00e7\u00f5es e dicas na cidade Aracaju e regi\u00e3o.","potentialAction":[{"@type":"SearchAction","target":{"@type":"EntryPoint","urlTemplate":"https:\/\/www.encontraaracaju.com.br\/sobre\/?s={search_term_string}"},"query-input":{"@type":"PropertyValueSpecification","valueRequired":true,"valueName":"search_term_string"}}],"inLanguage":"pt-BR"}]}},"_links":{"self":[{"href":"https:\/\/www.encontraaracaju.com.br\/sobre\/wp-json\/wp\/v2\/pages\/606","targetHints":{"allow":["GET"]}}],"collection":[{"href":"https:\/\/www.encontraaracaju.com.br\/sobre\/wp-json\/wp\/v2\/pages"}],"about":[{"href":"https:\/\/www.encontraaracaju.com.br\/sobre\/wp-json\/wp\/v2\/types\/page"}],"author":[{"embeddable":true,"href":"https:\/\/www.encontraaracaju.com.br\/sobre\/wp-json\/wp\/v2\/users\/1"}],"replies":[{"embeddable":true,"href":"https:\/\/www.encontraaracaju.com.br\/sobre\/wp-json\/wp\/v2\/comments?post=606"}],"version-history":[{"count":0,"href":"https:\/\/www.encontraaracaju.com.br\/sobre\/wp-json\/wp\/v2\/pages\/606\/revisions"}],"wp:attachment":[{"href":"https:\/\/www.encontraaracaju.com.br\/sobre\/wp-json\/wp\/v2\/media?parent=606"}],"curies":[{"name":"wp","href":"https:\/\/api.w.org\/{rel}","templated":true}]}}