{"id":447,"date":"2019-05-15T08:40:54","date_gmt":"2019-05-15T11:40:54","guid":{"rendered":"https:\/\/www.encontraaracaju.com.br\/sobre\/?page_id=447"},"modified":"2025-12-22T16:09:27","modified_gmt":"2025-12-22T19:09:27","slug":"sobre-aracaju","status":"publish","type":"page","link":"https:\/\/www.encontraaracaju.com.br\/sobre\/","title":{"rendered":"Sobre Aracaju"},"content":{"rendered":"<div class=\"0de350683d360aa04277a39db0bae410\" data-index=\"1\" style=\"float: none; margin:0px;\">\n<!-- Anuncio display - global -->\r\n<ins class=\"adsbygoogle\"\r\n     style=\"display:block\"\r\n     data-ad-client=\"ca-pub-8585364105181520\"\r\n     data-ad-slot=\"8789329856\"\r\n     data-ad-format=\"auto\"\r\n     data-full-width-responsive=\"true\"><\/ins>\r\n<script>\r\n     (adsbygoogle = window.adsbygoogle || []).push({});\r\n<\/script>\n<\/div>\n<h2>Limites &#8211; Cidades Vizinhas<\/h2>\n<p>S\u00e3o Crist\u00f3v\u00e3o, Barra dos Coqueiros, <a title=\"Nossa Senhora do Socorro\" href=\"http:\/\/www.encontransdosocorro.com.br\/\" target=\"_blank\" rel=\"noopener noreferrer\">Nossa Senhora do Socorro<\/a>, Itaporanga d&#8217;Ajuda e Santo Amaro das Brotas<\/p>\n<h4>Dados Principais sobre Aracaju<\/h4>\n<div style=\"width: 155px\" class=\"wp-caption alignright\"><img loading=\"lazy\" decoding=\"async\" title=\"Bandeira de Aracaju\" src=\"https:\/\/www.encontraaracaju.com.br\/imgs\/imagens-aracaju\/bandeira-de-aracaju.jpg\" alt=\"Bandeira de Aracaju\" width=\"145\" height=\"93\" \/><p class=\"wp-caption-text\">Bandeira de Aracaju<\/p><\/div>\n<div style=\"width: 114px\" class=\"wp-caption alignright\"><img loading=\"lazy\" decoding=\"async\" title=\"Bras\u00e3o de Aracaju\" src=\"https:\/\/www.encontraaracaju.com.br\/imgs\/imagens-aracaju\/brasao-de-aracaju.jpg\" alt=\"Bras\u00e3o de Aracaju\" width=\"104\" height=\"119\" \/><p class=\"wp-caption-text\">Bras\u00e3o de Aracaju<\/p><\/div>\n<p><strong>Anivers\u00e1rio:<\/strong> 17 de Mar\u00e7o<br \/>\n<strong>Funda\u00e7\u00e3o:<\/strong> 1855<br \/>\n<strong>Gent\u00edlico:<\/strong> Aracajuano<br \/>\n<strong>\u00c1rea:<\/strong> 174,053 Km\u00b2<br \/>\n<strong>Popula\u00e7\u00e3o:<\/strong> 641 523 hab. (2016)<br \/>\n<strong>IDH:<\/strong> 0,770 &#8211; m\u00e9dio<br \/>\n<a href=\"https:\/\/www.cartoriosdobrasil.org\/cidade\/aracaju\" target=\"_blank\" rel=\"noopener\"><strong>Cart\u00f3rios:<\/strong> 14 unidades<\/a><br \/>\n<a href=\"http:\/\/www.prefeituradearacaju.org\/\" target=\"_blank\" rel=\"noopener noreferrer\">Prefeitura de Aracaju<\/a><\/p>\n<h2 class=\"sidebar-title\">Hist\u00f3ria de Aracaju<\/h2>\n<p><img decoding=\"async\" title=\"Cidade de Aracaju\" src=\"https:\/\/www.encontraaracaju.com.br\/imgs\/imagens-aracaju\/cidade-de-aracaju.jpg\" alt=\"Cidade de Aracaju\" width=\"100%\" height=\"198\" \/><\/p>\n<p>Aracaju \u00e9 uma cidade e capital do estado de Sergipe, no Brasil. Localiza-se no litoral, sendo cortada por rios como o Sergipe e o Poxim. De acordo com o Censo de 2010, a cidade conta com 570 937 habitantes. Somando-se as popula\u00e7\u00f5es dos munic\u00edpios que formam a Grande Aracaju: Nossa Senhora do Socorro, Barra dos Coqueiros e S\u00e3o Crist\u00f3v\u00e3o, o n\u00famero passa para 835 564 habitantes. \u00c9 apontada como a capital com menor desigualdade do Nordeste Brasileiro, como a cidade com os h\u00e1bitos de vida mais saud\u00e1veis do pa\u00eds e a capital com menor \u00edndice de fumantes, segundo o Minist\u00e9rio da Sa\u00fade. Anualmente, tem, como comemora\u00e7\u00f5es marcantes em seu calend\u00e1rio festivo tur\u00edstico, os eventos do Pr\u00e9-Caju, Forr\u00f3 Caju e o Ver\u00e3o Sergipe.<\/p>\n<h2 class=\"style4\">Hist\u00f3ria<\/h2>\n<p>A hist\u00f3ria da cidade de Aracaju est\u00e1 fortemente relacionada \u00e0 da cidade de S\u00e3o Crist\u00f3v\u00e3o, pois era esta a antiga capital da Capitania de Sergipe, atual estado de Sergipe. Foi a partir da decis\u00e3o de mudan\u00e7a da cidade que abrigaria a capital provincial que Aracaju p\u00f4de existir e cresceu. Fundada em 1855, foi a primeira capital planejada de um estado brasileiro; seu formato remete a um tabuleiro de xadrez. Todas as ruas foram projetadas geometricamente, como um tabuleiro de xadrez, para desembocarem no rio Sergipe. At\u00e9 ent\u00e3o, as cidades existentes antes do s\u00e9culo XVII adaptavam-se \u00e0s respectivas condi\u00e7\u00f5es topogr\u00e1ficas naturais, estabelecendo uma irregularidade no panorama urbano. O engenheiro Pirro contrap\u00f4s essa irregularidade e Aracaju foi, no Brasil, um dos primeiros exemplos de tal tend\u00eancia geom\u00e9trica.<\/p>\n<h3>De povoado a capital<\/h3>\n<p>As terras onde hoje se encontra Aracaju originaram-se de sesmarias doadas a Pero Gon\u00e7alves por volta do ano de 1602. Eram compostas de 160 quil\u00f4metros de costa, mas, em todas as margens, n\u00e3o existia nenhuma vila, apenas povoados de pescadores.<\/p>\n<p>No ano de 1699, tem-se not\u00edcia de um povoado surgido \u00e0s margens do Rio Sergipe, pr\u00f3ximo \u00e0 regi\u00e3o onde este des\u00e1gua no mar, com o nome de Santo Ant\u00f4nio de Aracaju. Seu capit\u00e3o era o ind\u00edgena Jo\u00e3o Mulato. Em meados do s\u00e9culo seguinte, em 1757, Santo Ant\u00f4nio de Aracaju vivia sem maiores crescimentos e j\u00e1 era inclu\u00edda como s\u00edtio da freguesia de Nossa Senhora do Perp\u00e9tuo Socorro do Tomar do Cotinguiba.<\/p>\n<p>Na ent\u00e3o capital de Sergipe, S\u00e3o Crist\u00f3v\u00e3o, estava-se tendo dificuldades com rela\u00e7\u00e3o aos portos. Como a capital ficava no interior do estado, a navega\u00e7\u00e3o at\u00e9 os portos era somente fluvial, o que era um inconveniente, uma vez que os maiores navios n\u00e3o tinham passagem por conta da tonelagem, fazendo os portos sergipanos servirem apenas para pequenas embarca\u00e7\u00f5es.<\/p>\n<p>A partir de 1854, a praia que hoje \u00e9 de territ\u00f3rio de <a title=\"Aracaju\" href=\"http:\/\/www.encontraaracaju.com.br\">Aracaju<\/a>, perto da foz do Rio Sergipe, despertou grande interesse do governo da prov\u00edncia de Sergipe, que transferiu a alf\u00e2ndega e a Mesa de Rendas Provinciais para aquele local e construiu uma Ag\u00eancia do Correio e uma Sub-Delegacia Policial. Al\u00e9m disso, um porto foi constru\u00eddo na praia, denominada &#8220;Atalaia&#8221;.<\/p>\n<p>A prov\u00edncia necessitava de um porto de porte maior para seu progresso. No dia 2 de mar\u00e7o de 1855, a Assembleia Legislativa da Prov\u00edncia abriu sess\u00e3o em uma das poucas casas existentes na Praia de Atalaia. Nesta sess\u00e3o, tendo previamente analisado a situa\u00e7\u00e3o em que se encontrava a prov\u00edncia, In\u00e1cio Joaquim Barbosa, o primeiro presidente da Prov\u00edncia de Sergipe Del Rey, decidiu transferir a capital de Sergipe, que era S\u00e3o Crist\u00f3v\u00e3o, para a cidade portu\u00e1ria que seria erguida ali. A decis\u00e3o foi recebida com grande surpresa pelos presentes.<\/p>\n<p>Assim, no dia 17 de mar\u00e7o de 1855, In\u00e1cio Joaquim Barbosa apresentou o projeto de eleva\u00e7\u00e3o do povoado de Santo Ant\u00f4nio de Aracaju \u00e0 categoria de cidade e a transfer\u00eancia da capital da prov\u00edncia para esta nova cidade, que foi chamada simplesmente de Aracaju. Foi um dos momentos mais importantes e de maior repercuss\u00e3o da hist\u00f3ria de Sergipe. A nova localiza\u00e7\u00e3o da capital iria beneficiar o escoamento da produ\u00e7\u00e3o principalmente a\u00e7ucareira da \u00e9poca, al\u00e9m de representar um local mais adequado para a sede do governo para o desenvolvimento futuro. A cidade de S\u00e3o Crist\u00f3v\u00e3o n\u00e3o se revoltou de forma violenta contra a decis\u00e3o, tendo apenas feito manifesta\u00e7\u00f5es de protesto.<\/p>\n<p>Dessa forma, Aracaju passou \u00e0 frente de v\u00e1rias cidades j\u00e1 estruturadas, com melhores condi\u00e7\u00f5es enquanto desenvolvimento urbano. Cidades como Laranjeiras, Maruim e Itaporanga se apresentavam em condi\u00e7\u00e3o superior \u00e0 de Aracaju.<\/p>\n<p>Desde ent\u00e3o, In\u00e1cio Joaquim Barbosa vem sendo considerado o &#8220;fundador de Aracaju&#8221;, tendo atualmente um monumento em sua homenagem na Orla de Atalaia. Por n\u00e3o se ter tido \u00eaxito em encontrar nenhum retrato do primeiro presidente de Sergipe, o monumento n\u00e3o \u00e9 uma est\u00e1tua, mas uma estrutura de a\u00e7o de 5,5 metros de altura e 2 200 quilogramas.<\/p>\n<p>Somente em 1865 a capital se firmou. A partir dessa data ocorre um novo ciclo de desenvolvimento, que dura at\u00e9 os primeiros e agitados anos da proclama\u00e7\u00e3o da Rep\u00fablica.<\/p>\n<p>Em 1884, surge a primeira fabrica de tecidos, marcando o inicio do desenvolvimento industrial. Em junho de 1886, Aracaju tinha 1 484 habitantes e j\u00e1 havia a imprensa oficial e algumas linhas de barco para o interior.<\/p>\n<p>Em 1900, inicia-se a pavimenta\u00e7\u00e3o com pedras regulares e s\u00e3o executadas obras de embelezamento e saneamento.<\/p>\n<p>Centro do poder pol\u00edtico-administrativo, a Pra\u00e7a do Pal\u00e1cio (atual Pra\u00e7a Fausto Cardoso) foi o ponto de partida para o crescimento da cidade, pois todas as ruas foram ordenadas geometricamente para terminar no Rio Sergipe..<\/p>\n<h2>Planejamento urbano<\/h2>\n<p>Como Aracaju surgiu com o objetivo de sediar a capital da prov\u00edncia de Sergipe del-Rei, que se localizava na cidade de S\u00e3o Crist\u00f3v\u00e3o, segundo alguns historiadores, o Centro (Aracaju) foi idealizada com &#8220;planejamento urbano&#8221; desde o in\u00edcio, pois as primeiras ruas est\u00e3o organizadas de forma a lembrar um tabuleiro de xadrez.<\/p>\n<p>O respons\u00e1vel pelo desenho da cidade de Aracaju foi o engenheiro Sebasti\u00e3o Jos\u00e9 Bas\u00edlio Pirro. A constru\u00e7\u00e3o da cidade apresentou algumas dificuldades de engenharia, pois a regi\u00e3o continha muitos p\u00e2ntanos, pequenos lagos e mangues.<\/p>\n<p>Apesar de se saber o dia exato de funda\u00e7\u00e3o da cidade, n\u00e3o se sabe com certeza qual foi o ponto inicial urbano. \u00c9 prov\u00e1vel que ela tenha sido ocupada a partir da atual Pra\u00e7a General Valad\u00e3o, onde se situava o porto.<\/p>\n<p>Existe um bairro na cidade chamado Bairro Am\u00e9rica (Aracaju), o nome das ruas dele em grande parte s\u00e3o nomes dos outros pa\u00edses da Am\u00e9rica, h\u00e1, tamb\u00e9m, em Aracaju, ruas que homenageiam os outros estados da federa\u00e7\u00e3o e h\u00e1 bairros como o M\u00e9dici e o Castello Branco que fazem homenagem aos generais que comandavam o pa\u00eds na \u00e9poca em que os mesmos foram constru\u00eddos.<\/p>\n<h2 class=\"style4\">Festas populares<\/h2>\n<p>Em Aracaju acontecem grandes festas populares que j\u00e1 fazem parte do calend\u00e1rio nacional, como o Pr\u00e9-Caju que acontece quinze dias antes do carnaval. Essa micareta re\u00fane milhares de foli\u00f5es que v\u00e3o atr\u00e1s do trio de grandes nomes da m\u00fasica brasileira, Asa de \u00c1guia, Ivete Sangalo, Chiclete com banana, Banda Eva, Avi\u00f5es do Forr\u00f3, Harmonia do Samba , dentre outros. Desde a sua \u00faltima edi\u00e7\u00e3o vem despontando a m\u00fasica da sergipana Maysa Reis que tem sido tida como uma das maiores idosos locais e a qual \u00e9 apadrinhada por Ivete Sangalo.<\/p>\n<p>No m\u00eas de junho a <a title=\"cidade de Aracaju\" href=\"http:\/\/www.encontraaracaju.com.br\">cidade de Aracaju<\/a> vira um verdadeiro arraial na Vila do forr\u00f3, na Orla de Atalaia, e no Forr\u00f3 Caju, na <a href=\"https:\/\/aracaju.mercadomodelo.com.br\/\" target=\"_blank\" rel=\"noopener\">pra\u00e7a dos mercados municipais<\/a>, com grandes nomes do forr\u00f3: Elba Ramalho, Dominguinhos, Avi\u00f5es do Forr\u00f3, Z\u00e9 Ramalho, Calcinha Preta, Calypso, Desejo de Menina e outros.<\/p>\n<p>Para homenagear a comunidade de moradores desta maravilhosa cidade, o <a title=\"Encontra Sergipe\" href=\"http:\/\/www.encontrariodejaneiro.com.br\" target=\"_blank\" rel=\"noopener noreferrer\">Encontra Sergipe<\/a> criou o <a title=\"Encontra Aracaju\" href=\"http:\/\/www.encontraaracaju.com.br\" target=\"_blank\" rel=\"noopener noreferrer\">Encontra Aracaju<\/a>.<\/p>\n\n<div style=\"font-size: 0px; height: 0px; line-height: 0px; margin: 0; padding: 0; clear: both;\"><\/div>","protected":false},"excerpt":{"rendered":"<p>Limites &#8211; Cidades Vizinhas S\u00e3o Crist\u00f3v\u00e3o, Barra dos Coqueiros, Nossa Senhora do Socorro, Itaporanga d&#8217;Ajuda e Santo Amaro das Brotas Dados Principais sobre Aracaju Anivers\u00e1rio: 17 de Mar\u00e7o Funda\u00e7\u00e3o: 1855 Gent\u00edlico: Aracajuano \u00c1rea: 174,053 Km\u00b2 Popula\u00e7\u00e3o: 641 523 hab. (2016) IDH: 0,770 &#8211; m\u00e9dio Cart\u00f3rios: 14 unidades Prefeitura de Aracaju Hist\u00f3ria de Aracaju Aracaju \u00e9 uma cidade e capital do estado de Sergipe, no Brasil. Localiza-se no litoral, sendo cortada por rios como o Sergipe e o Poxim. De acordo com o Censo de 2010, a cidade conta com 570 937 habitantes. Somando-se as popula\u00e7\u00f5es dos munic\u00edpios que formam a <\/p>\n","protected":false},"author":1,"featured_media":0,"parent":0,"menu_order":0,"comment_status":"closed","ping_status":"closed","template":"","meta":{"footnotes":""},"class_list":["post-447","page","type-page","status-publish","hentry"],"yoast_head":"<!-- This site is optimized with the Yoast SEO plugin v26.4 - https:\/\/yoast.com\/wordpress\/plugins\/seo\/ -->\n<title>Sobre Aracaju - Encontra Aracaju<\/title>\n<meta name=\"robots\" content=\"index, follow, max-snippet:-1, max-image-preview:large, max-video-preview:-1\" \/>\n<link rel=\"canonical\" href=\"https:\/\/www.encontraaracaju.com.br\/sobre\/\" \/>\n<meta property=\"og:locale\" content=\"pt_BR\" \/>\n<meta property=\"og:type\" content=\"article\" \/>\n<meta property=\"og:title\" content=\"Sobre Aracaju - Encontra Aracaju\" \/>\n<meta property=\"og:description\" content=\"Limites &#8211; Cidades Vizinhas S\u00e3o Crist\u00f3v\u00e3o, Barra dos Coqueiros, Nossa Senhora do Socorro, Itaporanga d&#8217;Ajuda e Santo Amaro das Brotas Dados Principais sobre Aracaju Anivers\u00e1rio: 17 de Mar\u00e7o Funda\u00e7\u00e3o: 1855 Gent\u00edlico: Aracajuano \u00c1rea: 174,053 Km\u00b2 Popula\u00e7\u00e3o: 641 523 hab. (2016) IDH: 0,770 &#8211; m\u00e9dio Cart\u00f3rios: 14 unidades Prefeitura de Aracaju Hist\u00f3ria de Aracaju Aracaju \u00e9 uma cidade e capital do estado de Sergipe, no Brasil. Localiza-se no litoral, sendo cortada por rios como o Sergipe e o Poxim. De acordo com o Censo de 2010, a cidade conta com 570 937 habitantes. Somando-se as popula\u00e7\u00f5es dos munic\u00edpios que formam a\" \/>\n<meta property=\"og:url\" content=\"https:\/\/www.encontraaracaju.com.br\/sobre\/\" \/>\n<meta property=\"og:site_name\" content=\"Encontra Aracaju\" \/>\n<meta property=\"article:modified_time\" content=\"2025-12-22T19:09:27+00:00\" \/>\n<meta property=\"og:image\" content=\"https:\/\/www.encontraaracaju.com.br\/imgs\/imagens-aracaju\/bandeira-de-aracaju.jpg\" \/>\n<meta name=\"twitter:card\" content=\"summary_large_image\" \/>\n<meta name=\"twitter:label1\" content=\"Est. tempo de leitura\" \/>\n\t<meta name=\"twitter:data1\" content=\"8 minutos\" \/>\n<script type=\"application\/ld+json\" class=\"yoast-schema-graph\">{\"@context\":\"https:\/\/schema.org\",\"@graph\":[{\"@type\":\"WebPage\",\"@id\":\"https:\/\/www.encontraaracaju.com.br\/sobre\/\",\"url\":\"https:\/\/www.encontraaracaju.com.br\/sobre\/\",\"name\":\"Sobre Aracaju - Encontra Aracaju\",\"isPartOf\":{\"@id\":\"https:\/\/www.encontraaracaju.com.br\/sobre\/#website\"},\"primaryImageOfPage\":{\"@id\":\"https:\/\/www.encontraaracaju.com.br\/sobre\/#primaryimage\"},\"image\":{\"@id\":\"https:\/\/www.encontraaracaju.com.br\/sobre\/#primaryimage\"},\"thumbnailUrl\":\"https:\/\/www.encontraaracaju.com.br\/imgs\/imagens-aracaju\/bandeira-de-aracaju.jpg\",\"datePublished\":\"2019-05-15T11:40:54+00:00\",\"dateModified\":\"2025-12-22T19:09:27+00:00\",\"breadcrumb\":{\"@id\":\"https:\/\/www.encontraaracaju.com.br\/sobre\/#breadcrumb\"},\"inLanguage\":\"pt-BR\",\"potentialAction\":[{\"@type\":\"ReadAction\",\"target\":[\"https:\/\/www.encontraaracaju.com.br\/sobre\/\"]}]},{\"@type\":\"ImageObject\",\"inLanguage\":\"pt-BR\",\"@id\":\"https:\/\/www.encontraaracaju.com.br\/sobre\/#primaryimage\",\"url\":\"https:\/\/www.encontraaracaju.com.br\/imgs\/imagens-aracaju\/bandeira-de-aracaju.jpg\",\"contentUrl\":\"https:\/\/www.encontraaracaju.com.br\/imgs\/imagens-aracaju\/bandeira-de-aracaju.jpg\"},{\"@type\":\"BreadcrumbList\",\"@id\":\"https:\/\/www.encontraaracaju.com.br\/sobre\/#breadcrumb\",\"itemListElement\":[{\"@type\":\"ListItem\",\"position\":1,\"name\":\"In\u00edcio\",\"item\":\"https:\/\/www.encontraaracaju.com.br\/sobre\/\"},{\"@type\":\"ListItem\",\"position\":2,\"name\":\"Sobre Aracaju\"}]},{\"@type\":\"WebSite\",\"@id\":\"https:\/\/www.encontraaracaju.com.br\/sobre\/#website\",\"url\":\"https:\/\/www.encontraaracaju.com.br\/sobre\/\",\"name\":\"Encontra Aracaju\",\"description\":\"Not\u00edcias, eventos, informa\u00e7\u00f5es e dicas na cidade Aracaju e regi\u00e3o.\",\"potentialAction\":[{\"@type\":\"SearchAction\",\"target\":{\"@type\":\"EntryPoint\",\"urlTemplate\":\"https:\/\/www.encontraaracaju.com.br\/sobre\/?s={search_term_string}\"},\"query-input\":{\"@type\":\"PropertyValueSpecification\",\"valueRequired\":true,\"valueName\":\"search_term_string\"}}],\"inLanguage\":\"pt-BR\"}]}<\/script>\n<!-- \/ Yoast SEO plugin. -->","yoast_head_json":{"title":"Sobre Aracaju - Encontra Aracaju","robots":{"index":"index","follow":"follow","max-snippet":"max-snippet:-1","max-image-preview":"max-image-preview:large","max-video-preview":"max-video-preview:-1"},"canonical":"https:\/\/www.encontraaracaju.com.br\/sobre\/","og_locale":"pt_BR","og_type":"article","og_title":"Sobre Aracaju - Encontra Aracaju","og_description":"Limites &#8211; Cidades Vizinhas S\u00e3o Crist\u00f3v\u00e3o, Barra dos Coqueiros, Nossa Senhora do Socorro, Itaporanga d&#8217;Ajuda e Santo Amaro das Brotas Dados Principais sobre Aracaju Anivers\u00e1rio: 17 de Mar\u00e7o Funda\u00e7\u00e3o: 1855 Gent\u00edlico: Aracajuano \u00c1rea: 174,053 Km\u00b2 Popula\u00e7\u00e3o: 641 523 hab. (2016) IDH: 0,770 &#8211; m\u00e9dio Cart\u00f3rios: 14 unidades Prefeitura de Aracaju Hist\u00f3ria de Aracaju Aracaju \u00e9 uma cidade e capital do estado de Sergipe, no Brasil. Localiza-se no litoral, sendo cortada por rios como o Sergipe e o Poxim. De acordo com o Censo de 2010, a cidade conta com 570 937 habitantes. Somando-se as popula\u00e7\u00f5es dos munic\u00edpios que formam a","og_url":"https:\/\/www.encontraaracaju.com.br\/sobre\/","og_site_name":"Encontra Aracaju","article_modified_time":"2025-12-22T19:09:27+00:00","og_image":[{"url":"https:\/\/www.encontraaracaju.com.br\/imgs\/imagens-aracaju\/bandeira-de-aracaju.jpg","type":"","width":"","height":""}],"twitter_card":"summary_large_image","twitter_misc":{"Est. tempo de leitura":"8 minutos"},"schema":{"@context":"https:\/\/schema.org","@graph":[{"@type":"WebPage","@id":"https:\/\/www.encontraaracaju.com.br\/sobre\/","url":"https:\/\/www.encontraaracaju.com.br\/sobre\/","name":"Sobre Aracaju - Encontra Aracaju","isPartOf":{"@id":"https:\/\/www.encontraaracaju.com.br\/sobre\/#website"},"primaryImageOfPage":{"@id":"https:\/\/www.encontraaracaju.com.br\/sobre\/#primaryimage"},"image":{"@id":"https:\/\/www.encontraaracaju.com.br\/sobre\/#primaryimage"},"thumbnailUrl":"https:\/\/www.encontraaracaju.com.br\/imgs\/imagens-aracaju\/bandeira-de-aracaju.jpg","datePublished":"2019-05-15T11:40:54+00:00","dateModified":"2025-12-22T19:09:27+00:00","breadcrumb":{"@id":"https:\/\/www.encontraaracaju.com.br\/sobre\/#breadcrumb"},"inLanguage":"pt-BR","potentialAction":[{"@type":"ReadAction","target":["https:\/\/www.encontraaracaju.com.br\/sobre\/"]}]},{"@type":"ImageObject","inLanguage":"pt-BR","@id":"https:\/\/www.encontraaracaju.com.br\/sobre\/#primaryimage","url":"https:\/\/www.encontraaracaju.com.br\/imgs\/imagens-aracaju\/bandeira-de-aracaju.jpg","contentUrl":"https:\/\/www.encontraaracaju.com.br\/imgs\/imagens-aracaju\/bandeira-de-aracaju.jpg"},{"@type":"BreadcrumbList","@id":"https:\/\/www.encontraaracaju.com.br\/sobre\/#breadcrumb","itemListElement":[{"@type":"ListItem","position":1,"name":"In\u00edcio","item":"https:\/\/www.encontraaracaju.com.br\/sobre\/"},{"@type":"ListItem","position":2,"name":"Sobre Aracaju"}]},{"@type":"WebSite","@id":"https:\/\/www.encontraaracaju.com.br\/sobre\/#website","url":"https:\/\/www.encontraaracaju.com.br\/sobre\/","name":"Encontra Aracaju","description":"Not\u00edcias, eventos, informa\u00e7\u00f5es e dicas na cidade Aracaju e regi\u00e3o.","potentialAction":[{"@type":"SearchAction","target":{"@type":"EntryPoint","urlTemplate":"https:\/\/www.encontraaracaju.com.br\/sobre\/?s={search_term_string}"},"query-input":{"@type":"PropertyValueSpecification","valueRequired":true,"valueName":"search_term_string"}}],"inLanguage":"pt-BR"}]}},"_links":{"self":[{"href":"https:\/\/www.encontraaracaju.com.br\/sobre\/wp-json\/wp\/v2\/pages\/447","targetHints":{"allow":["GET"]}}],"collection":[{"href":"https:\/\/www.encontraaracaju.com.br\/sobre\/wp-json\/wp\/v2\/pages"}],"about":[{"href":"https:\/\/www.encontraaracaju.com.br\/sobre\/wp-json\/wp\/v2\/types\/page"}],"author":[{"embeddable":true,"href":"https:\/\/www.encontraaracaju.com.br\/sobre\/wp-json\/wp\/v2\/users\/1"}],"replies":[{"embeddable":true,"href":"https:\/\/www.encontraaracaju.com.br\/sobre\/wp-json\/wp\/v2\/comments?post=447"}],"version-history":[{"count":0,"href":"https:\/\/www.encontraaracaju.com.br\/sobre\/wp-json\/wp\/v2\/pages\/447\/revisions"}],"wp:attachment":[{"href":"https:\/\/www.encontraaracaju.com.br\/sobre\/wp-json\/wp\/v2\/media?parent=447"}],"curies":[{"name":"wp","href":"https:\/\/api.w.org\/{rel}","templated":true}]}}